{"id":81,"date":"2013-08-28T13:01:55","date_gmt":"2013-08-28T11:01:55","guid":{"rendered":"http:\/\/www.japansk-spisshund.net\/NO\/?page_id=81"},"modified":"2019-04-17T15:11:20","modified_gmt":"2019-04-17T13:11:20","slug":"akt-gr-vest-rogaland","status":"publish","type":"page","link":"http:\/\/www.japansk-spisshund.net\/NO\/?page_id=81","title":{"rendered":"AKT.GR.VEST  (Rogaland )"},"content":{"rendered":"<div class=\"Kdesign-content-layout\">\n<div class=\"Kdesign-content-layout-row\">\n<div class=\"Kdesign-layout-cell\" style=\"width: 100%;\">\n<h1>AKTIVITETSGRUPPE VEST er NEDLAGT.<\/h1>\n<\/div>\n<\/div>\n<\/div>\n<div class=\"Kdesign-content-layout-wrapper layout-item-0\">\n<div class=\"Kdesign-content-layout layout-item-1\">\n<div class=\"Kdesign-content-layout-row\">\n<ul>\n<li><a title=\"Referat fra \u00e5rsm\u00f8te 2013 \u2013 Aktivitetsgruppe Vest\" href=\"http:\/\/www.japansk-spisshund.net\/NO\/?page_id=1599\">Referat fra \u00e5rsm\u00f8tet 2013 &#8211; Akt.Gr.Vest<\/a><\/li>\n<li><a style=\"line-height: 1.5em;\" href=\"http:\/\/www.japansk-spisshund.net\/NO\/wp-content\/uploads\/2013\/08\/referat-vest-2013.pdf\" target=\"_blank\">Referat fra \u00e5rsm\u00f8tet 2012. Akt.Gr.Vest<\/a><\/li>\n<li><a href=\"http:\/\/www.japansk-spisshund.net\/NO\/wp-content\/uploads\/2013\/08\/Referat-fra-\u00e5rsm\u00f8tet-2011.-Akt.Gr_.Vest_.pdf\" target=\"_blank\">Referat fra \u00e5rsm\u00f8tet 2011. Akt.Gr.Vest<\/a><\/li>\n<\/ul>\n<\/div>\n<\/div>\n<div class=\"Kdesign-content-layout-wrapper layout-item-0\">\n<p>&nbsp;<\/p>\n<\/div>\n<\/div>\n<div class=\"Kdesign-content-layout\"><\/div>\n","protected":false},"excerpt":{"rendered":"<p>AKTIVITETSGRUPPE VEST er NEDLAGT. Referat fra \u00e5rsm\u00f8tet 2013 &#8211; Akt.Gr.Vest Referat fra \u00e5rsm\u00f8tet 2012. Akt.Gr.Vest Referat fra \u00e5rsm\u00f8tet 2011. Akt.Gr.Vest &nbsp;<\/p>\n","protected":false},"author":1,"featured_media":0,"parent":0,"menu_order":31,"comment_status":"closed","ping_status":"open","template":"","meta":{"footnotes":""},"_links":{"self":[{"href":"http:\/\/www.japansk-spisshund.net\/NO\/index.php?rest_route=\/wp\/v2\/pages\/81"}],"collection":[{"href":"http:\/\/www.japansk-spisshund.net\/NO\/index.php?rest_route=\/wp\/v2\/pages"}],"about":[{"href":"http:\/\/www.japansk-spisshund.net\/NO\/index.php?rest_route=\/wp\/v2\/types\/page"}],"author":[{"embeddable":true,"href":"http:\/\/www.japansk-spisshund.net\/NO\/index.php?rest_route=\/wp\/v2\/users\/1"}],"replies":[{"embeddable":true,"href":"http:\/\/www.japansk-spisshund.net\/NO\/index.php?rest_route=%2Fwp%2Fv2%2Fcomments&post=81"}],"version-history":[{"count":29,"href":"http:\/\/www.japansk-spisshund.net\/NO\/index.php?rest_route=\/wp\/v2\/pages\/81\/revisions"}],"predecessor-version":[{"id":3932,"href":"http:\/\/www.japansk-spisshund.net\/NO\/index.php?rest_route=\/wp\/v2\/pages\/81\/revisions\/3932"}],"wp:attachment":[{"href":"http:\/\/www.japansk-spisshund.net\/NO\/index.php?rest_route=%2Fwp%2Fv2%2Fmedia&parent=81"}],"curies":[{"name":"wp","href":"https:\/\/api.w.org\/{rel}","templated":true}]}}