{"id":68,"date":"2013-08-28T13:01:42","date_gmt":"2013-08-28T11:01:42","guid":{"rendered":"http:\/\/www.japansk-spisshund.net\/NO\/?page_id=68"},"modified":"2013-08-28T13:01:42","modified_gmt":"2013-08-28T11:01:42","slug":"rasens-standard","status":"publish","type":"page","link":"http:\/\/www.japansk-spisshund.net\/NO\/?page_id=68","title":{"rendered":"Rasens Standard"},"content":{"rendered":"<h4>JAPANSK SPISSHUND<\/h4>\n<p><span style=\"font-weight: bold;\"><br \/>\nGruppe: 5<br \/>\nFCI rasenr: 262<br \/>\nFCI dato: 1987<br \/>\nNKK dato: 04.05.2004<\/span><\/p>\n<h4>Rasebeskrivelse for Japansk Spisshund (Nihon Supittsu)<\/h4>\n<p><span style=\"font-weight: bold;\"><br \/>\nOpprinnelsesland\/hjemland:<\/span> Japan.<br \/><span style=\"font-weight: bold;\"><br \/>\nHelhetsinntrykk:<\/span> Dekket med mye hvit pels, spisst snuteparti, trekantede opprettst\u00e5ende \u00f8rer, og busket hale over ryggen. Sterk og avbalansert, harmonisk, temperamentsfull og verdig, uttrykker eleganse.<br \/><span style=\"font-weight: bold;\"><br \/>\nViktige proporsjoner:<\/span> Mankeh\u00f8ye: kroppslengde = 10:11.<br \/><span style=\"font-weight: bold;\"><br \/>\nAdferd\/temperament:<\/span> Intelligent, glad, ivrig. Skal ikke v\u00e6re br\u00e5kete.<br \/><span style=\"font-weight: bold;\"><br \/>\nHode:<\/span> St\u00f8rrelsen i harmoni med kroppen, moderat bredt og avrundet.<br \/><span style=\"font-weight: bold;\"><br \/>\nSkalle:<\/span> Bakre delen bredest. Moderat utviklet panne.<br \/><span style=\"font-weight: bold;\"><br \/>\nStopp:<\/span> Markert.<br \/><span style=\"font-weight: bold;\"><br \/>\nNesebrusk:<\/span> Liten, rund og sort.<br \/><span style=\"font-weight: bold;\"><br \/>\nSnuteparti:<\/span> Spisst, snutespissen lett avrundet og avbalansert.<br \/><span style=\"font-weight: bold;\"><br \/>\nLepper:<\/span> Stramme, sort foretrekkes.<br \/><span style=\"font-weight: bold;\"><br \/>\nKjever\/tenner:<\/span> Hvite og sterke. Saksebitt.<br \/><span style=\"font-weight: bold;\"><br \/>\n\u00d8yne:<\/span> Moderat store, mandelformede, lett skr\u00e5stilte, m\u00f8rke. Sorte \u00f8yelokksrender.<br \/><span style=\"font-weight: bold;\"><br \/>\n\u00d8rer:<\/span> H\u00f8yt ansatte, sm\u00e5, trekantede. Opprettst\u00e5ende, rettet forover og ikke for vidstilte.<br \/><span style=\"font-weight: bold;\"><br \/>\nHals:<\/span> Moderat lengde, muskul\u00f8s.<br \/><span style=\"font-weight: bold;\"><br \/>\nForlemmer: \t<\/span><br \/><span style=\"font-weight: bold;\"><br \/>\nSkulder:<\/span> Skr\u00e5stilt.<br \/><span style=\"font-weight: bold;\"><br \/>\nAlbue:<\/span> Godt tilliggende.<br \/><span style=\"font-weight: bold;\"><br \/>\nUnderarm:<\/span> Rett.<br \/><span style=\"font-weight: bold;\"><br \/>\nPoter:<\/span> Kattepoter. Tykke tredeputer. \u00d8nskelig med sorte tredeputer og kl\u00f8r.<br \/><span style=\"font-weight: bold;\"><br \/>\nKropp:<\/span><br \/><span style=\"font-weight: bold;\"><br \/>\nManke:<\/span> Markert.<br \/><span style=\"font-weight: bold;\"><br \/>\nRygg:<\/span> Rett og kort.<br \/><span style=\"font-weight: bold;\"><br \/>\nLend:<\/span> Bred.<br \/><span style=\"font-weight: bold;\"><br \/>\nBryst:<\/span> Bred og dypt, godt hvelvede ribben.<br \/><span style=\"font-weight: bold;\"><br \/>\nUnderlinje\/buk:<\/span> Godt opptrukket.<br \/><span style=\"font-weight: bold;\"><br \/>\nHale:<\/span> H\u00f8yt ansatt, moderat lengde. B\u00e6res over ryggen.<br \/><span style=\"font-weight: bold;\"><br \/>\nBaklemmer:<\/span> \t<br \/><span style=\"font-weight: bold;\"><br \/>\nHelhetsinntrykk:<\/span> Muskul\u00f8se.<br \/><span style=\"font-weight: bold;\"><br \/>\nKn\u00e6r:<\/span> Moderat vinklet.<br \/><span style=\"font-weight: bold;\"><br \/>\nHaser:<\/span> Moderat vinklet.<br \/><span style=\"font-weight: bold;\"><br \/>\nPoter:<\/span> Som forpotene.<br \/><span style=\"font-weight: bold;\"><br \/>\nBevegelser:<\/span> Raske og effektive.<br \/><span style=\"font-weight: bold;\"><br \/>\nPels: \t<\/span><br \/><span style=\"font-weight: bold;\"><br \/>\nH\u00e5rlag:<\/span> Rett og utst\u00e5ende dekkpels. Kort, bl\u00f8t og tett underull. Kort pels p\u00e5 ansiktet, \u00f8rene, forsiden av forbena og nedenfor hasene. Resten dekket av rikelig lang pels, spesielt fra nakken til skuldrene, brystet dekket med vakker krave. Halen har langt og rikelig beheng.<br \/><span style=\"font-weight: bold;\"><br \/>\nFarge:<\/span> Ren hvit.<br \/><span style=\"font-weight: bold;\"><br \/>\nSt\u00f8rrelse og vegt:<\/span><br \/><span style=\"font-weight: bold;\"><br \/>\nMankh\u00f8yde:<\/span> Hannhunder: 30-38 cm, Tisper litt mindre enn hannhunder.<br \/><span style=\"font-weight: bold;\"><br \/>\nFeil:<\/span> Ethvert avvik fra foreg\u00e5ende punkter skal betraktes som feil. Hvor alvorlig feilen er, skal graderes etter hvor stort avviket er i relasjon til rasebeskrivelsen.<br \/>\n&#8211; Over- eller underbitt<br \/>\n&#8211; Hardt ringlet hale<br \/>\n&#8211; Sky, br\u00e5kete<br \/><span style=\"font-weight: bold;\"><br \/>\nDiskvalifiserende feil:<\/span> Hunder som viser tegn p\u00e5 aggressivitet og\/eller har fysiske defekter som p\u00e5virker hundens sunnhet skal diskvalifiseres.<br \/>\n&#8211; Hengende \u00f8rer<br \/>\n&#8211; Hale ikke b\u00e5ret over ryggen<br \/><span style=\"font-weight: bold;\"><br \/>\nOBS Hannhunder skal ha to normalt utvinklede testikler p\u00e5 normal plass.<\/p>\n<p>Rasebeskrivelsen er oversatt fra gjeldende FCI-standard<br \/>\nNorsk Kennel Klub, 4. mai 2004<\/span><\/p>\n","protected":false},"excerpt":{"rendered":"<p>JAPANSK SPISSHUND Gruppe: 5 FCI rasenr: 262 FCI dato: 1987 NKK dato: 04.05.2004 Rasebeskrivelse for Japansk Spisshund (Nihon Supittsu) Opprinnelsesland\/hjemland: Japan. Helhetsinntrykk: Dekket med mye hvit pels, spisst snuteparti, trekantede opprettst\u00e5ende \u00f8rer, og busket hale over ryggen. Sterk og avbalansert, harmonisk, temperamentsfull og verdig, uttrykker eleganse. Viktige proporsjoner: Mankeh\u00f8ye: kroppslengde = 10:11. Adferd\/temperament: Intelligent, glad, [&hellip;]<\/p>\n","protected":false},"author":1,"featured_media":0,"parent":66,"menu_order":18,"comment_status":"closed","ping_status":"open","template":"","meta":{"footnotes":""},"_links":{"self":[{"href":"http:\/\/www.japansk-spisshund.net\/NO\/index.php?rest_route=\/wp\/v2\/pages\/68"}],"collection":[{"href":"http:\/\/www.japansk-spisshund.net\/NO\/index.php?rest_route=\/wp\/v2\/pages"}],"about":[{"href":"http:\/\/www.japansk-spisshund.net\/NO\/index.php?rest_route=\/wp\/v2\/types\/page"}],"author":[{"embeddable":true,"href":"http:\/\/www.japansk-spisshund.net\/NO\/index.php?rest_route=\/wp\/v2\/users\/1"}],"replies":[{"embeddable":true,"href":"http:\/\/www.japansk-spisshund.net\/NO\/index.php?rest_route=%2Fwp%2Fv2%2Fcomments&post=68"}],"version-history":[{"count":0,"href":"http:\/\/www.japansk-spisshund.net\/NO\/index.php?rest_route=\/wp\/v2\/pages\/68\/revisions"}],"up":[{"embeddable":true,"href":"http:\/\/www.japansk-spisshund.net\/NO\/index.php?rest_route=\/wp\/v2\/pages\/66"}],"wp:attachment":[{"href":"http:\/\/www.japansk-spisshund.net\/NO\/index.php?rest_route=%2Fwp%2Fv2%2Fmedia&parent=68"}],"curies":[{"name":"wp","href":"https:\/\/api.w.org\/{rel}","templated":true}]}}