{"id":65,"date":"2013-08-28T13:01:39","date_gmt":"2013-08-28T11:01:39","guid":{"rendered":"http:\/\/www.japansk-spisshund.net\/NO\/?page_id=65"},"modified":"2024-05-24T12:33:13","modified_gmt":"2024-05-24T10:33:13","slug":"omplasseringer","status":"publish","type":"page","link":"http:\/\/www.japansk-spisshund.net\/NO\/?page_id=65","title":{"rendered":"OMPLASSERINGER"},"content":{"rendered":"<div class=\"Kdesign-content-layout\">\n<div class=\"Kdesign-content-layout-row\">\n<div class=\"Kdesign-layout-cell\" style=\"width: 50%;\">\n<p style=\"text-align: center;\"><img loading=\"lazy\" decoding=\"async\" class=\"Kdesign-lightbox\" src=\"http:\/\/www.japansk-spisshund.net\/NO\/wp-content\/uploads\/2013\/08\/js.jpg.jpeg\" alt=\"\" width=\"226\" height=\"175\" \/><\/p>\n<p style=\"text-align: center;\">&#8211; unghunder\/voksenhenvisning &#8211;<\/p>\n<p style=\"text-align: center;\">&#8211; youngsters\/grown-up`s register &#8211;<\/p>\n<\/div>\n<div class=\"Kdesign-layout-cell\" style=\"width: 50%;\">Medlemmer av Norsk Japansk Spisshund klubb somkommer i den uheldige situasjon at de dessverre m\u00e5 omplassere sin voksne japansk spisshund kan avertere den her. Hunden m\u00e5 v\u00e6re renraset og registrert i NKK.<br \/>\nSend opplysninger om hunden til e-mail: <a href=\"mailto:avlsrad@japansk-spisshund.net\">avlsrad@japansk-spisshund.net<br \/>\n<\/a>Tjenesten m\u00e5 ikke sees p\u00e5 som en anbefaling, men som en opplysning om at det finnes voksne hunder til omplassering.<\/div>\n<\/div>\n<\/div>\n<h2 style=\"text-align: center;\"><img loading=\"lazy\" decoding=\"async\" class=\"aligncenter wp-image-32\" src=\"http:\/\/www.japansk-spisshund.net\/NO\/wp-content\/uploads\/2013\/08\/list-4.jpg\" alt=\"list-4\" width=\"812\" height=\"42\" srcset=\"http:\/\/www.japansk-spisshund.net\/NO\/wp-content\/uploads\/2013\/08\/list-4.jpg 902w, http:\/\/www.japansk-spisshund.net\/NO\/wp-content\/uploads\/2013\/08\/list-4-300x15.jpg 300w\" sizes=\"(max-width: 812px) 100vw, 812px\" \/><\/h2>\n<p class=\"yiv9545021315MsoNormal\">\n<h2 style=\"text-align: center;\"><\/h2>\n","protected":false},"excerpt":{"rendered":"<p>&#8211; unghunder\/voksenhenvisning &#8211; &#8211; youngsters\/grown-up`s register &#8211; Medlemmer av Norsk Japansk Spisshund klubb somkommer i den uheldige situasjon at de dessverre m\u00e5 omplassere sin voksne japansk spisshund kan avertere den her. Hunden m\u00e5 v\u00e6re renraset og registrert i NKK. Send opplysninger om hunden til e-mail: avlsrad@japansk-spisshund.net Tjenesten m\u00e5 ikke sees p\u00e5 som en anbefaling, men [&hellip;]<\/p>\n","protected":false},"author":1,"featured_media":0,"parent":59,"menu_order":15,"comment_status":"closed","ping_status":"closed","template":"","meta":{"footnotes":""},"_links":{"self":[{"href":"http:\/\/www.japansk-spisshund.net\/NO\/index.php?rest_route=\/wp\/v2\/pages\/65"}],"collection":[{"href":"http:\/\/www.japansk-spisshund.net\/NO\/index.php?rest_route=\/wp\/v2\/pages"}],"about":[{"href":"http:\/\/www.japansk-spisshund.net\/NO\/index.php?rest_route=\/wp\/v2\/types\/page"}],"author":[{"embeddable":true,"href":"http:\/\/www.japansk-spisshund.net\/NO\/index.php?rest_route=\/wp\/v2\/users\/1"}],"replies":[{"embeddable":true,"href":"http:\/\/www.japansk-spisshund.net\/NO\/index.php?rest_route=%2Fwp%2Fv2%2Fcomments&post=65"}],"version-history":[{"count":38,"href":"http:\/\/www.japansk-spisshund.net\/NO\/index.php?rest_route=\/wp\/v2\/pages\/65\/revisions"}],"predecessor-version":[{"id":4538,"href":"http:\/\/www.japansk-spisshund.net\/NO\/index.php?rest_route=\/wp\/v2\/pages\/65\/revisions\/4538"}],"up":[{"embeddable":true,"href":"http:\/\/www.japansk-spisshund.net\/NO\/index.php?rest_route=\/wp\/v2\/pages\/59"}],"wp:attachment":[{"href":"http:\/\/www.japansk-spisshund.net\/NO\/index.php?rest_route=%2Fwp%2Fv2%2Fmedia&parent=65"}],"curies":[{"name":"wp","href":"https:\/\/api.w.org\/{rel}","templated":true}]}}