{"id":641,"date":"2013-09-04T11:41:48","date_gmt":"2013-09-04T09:41:48","guid":{"rendered":"http:\/\/www.japansk-spisshund.net\/NO\/?page_id=641"},"modified":"2021-09-04T12:54:02","modified_gmt":"2021-09-04T10:54:02","slug":"arsmoter","status":"publish","type":"page","link":"http:\/\/www.japansk-spisshund.net\/NO\/?page_id=641","title":{"rendered":"\u00c5rsm\u00f8ter"},"content":{"rendered":"<ul>\n<li><a href=\"http:\/\/www.japansk-spisshund.net\/NO\/wp-content\/uploads\/2013\/09\/A\u030arsm\u00f8te-2021-1.pdf\" rel=\"\">Referat fra \u00e5rsm\u00f8te 2021<\/a><\/li>\n<li><a href=\"http:\/\/www.japansk-spisshund.net\/NO\/wp-content\/uploads\/2013\/09\/Signert-A\u030arsm\u00f8te-referat-NJSK-2.pdf\" rel=\"\">Referat fra \u00e5rsm\u00f8te 2020<\/a><\/li>\n<li><a href=\"http:\/\/www.japansk-spisshund.net\/NO\/wp-content\/uploads\/2019\/07\/%C3%85rsm%C3%B8tereferat.pdf\" target=\"_blank\">Referat fra \u00e5rsm\u00f8te 2019<\/a><\/li>\n<li><a href=\"http:\/\/www.japansk-spisshund.net\/NO\/wp-content\/uploads\/2019\/05\/Underskrevet-%C3%A5rsref-2018.pdf\" target=\"_blank\">Referat fra \u00e5rsm\u00f8te 2018<\/a><\/li>\n<li><a href=\"http:\/\/www.japansk-spisshund.net\/NO\/wp-content\/uploads\/2018\/01\/Referat-fra-%C3%85rsm%C3%B8te-NJSK-23-juni-2017..pdf\" target=\"_blank\">Referat fra \u00e5rsm\u00f8te 2017<\/a><\/li>\n<li><a href=\"http:\/\/www.japansk-spisshund.net\/NO\/?page_id=3217\">Referat fra \u00e5rsm\u00f8te 2016<\/a><\/li>\n<li><a href=\"http:\/\/www.japansk-spisshund.net\/NO\/wp-content\/uploads\/2015\/10\/%C3%85rsm%C3%B8teref-2015-NJSK.pdf\" target=\"_blank\">Referat fra \u00e5rsm\u00f8te 2015<\/a><\/li>\n<li><a href=\"http:\/\/www.japansk-spisshund.net\/NO\/wp-content\/uploads\/2014\/10\/20140819105203302.pdf\" target=\"_blank\">Referat fra \u00e5rsm\u00f8te 2014<\/a><\/li>\n<li><a href=\"http:\/\/www.japansk-spisshund.net\/NO\/wp-content\/uploads\/2013\/09\/referat-2013.pdf\" target=\"_blank\">Referat fra \u00e5rsm\u00f8te 2013<\/a><\/li>\n<li><a href=\"http:\/\/www.japansk-spisshund.net\/NO\/wp-content\/uploads\/2013\/09\/referat.pdf\" target=\"_blank\">Referat fra \u00e5rsm\u00f8te 2012<\/a><\/li>\n<\/ul>\n","protected":false},"excerpt":{"rendered":"<p>Referat fra \u00e5rsm\u00f8te 2021 Referat fra \u00e5rsm\u00f8te 2020 Referat fra \u00e5rsm\u00f8te 2019 Referat fra \u00e5rsm\u00f8te 2018 Referat fra \u00e5rsm\u00f8te 2017 Referat fra \u00e5rsm\u00f8te 2016 Referat fra \u00e5rsm\u00f8te 2015 Referat fra \u00e5rsm\u00f8te 2014 Referat fra \u00e5rsm\u00f8te 2013 Referat fra \u00e5rsm\u00f8te 2012<\/p>\n","protected":false},"author":1,"featured_media":0,"parent":0,"menu_order":0,"comment_status":"closed","ping_status":"closed","template":"","meta":{"footnotes":""},"_links":{"self":[{"href":"http:\/\/www.japansk-spisshund.net\/NO\/index.php?rest_route=\/wp\/v2\/pages\/641"}],"collection":[{"href":"http:\/\/www.japansk-spisshund.net\/NO\/index.php?rest_route=\/wp\/v2\/pages"}],"about":[{"href":"http:\/\/www.japansk-spisshund.net\/NO\/index.php?rest_route=\/wp\/v2\/types\/page"}],"author":[{"embeddable":true,"href":"http:\/\/www.japansk-spisshund.net\/NO\/index.php?rest_route=\/wp\/v2\/users\/1"}],"replies":[{"embeddable":true,"href":"http:\/\/www.japansk-spisshund.net\/NO\/index.php?rest_route=%2Fwp%2Fv2%2Fcomments&post=641"}],"version-history":[{"count":14,"href":"http:\/\/www.japansk-spisshund.net\/NO\/index.php?rest_route=\/wp\/v2\/pages\/641\/revisions"}],"predecessor-version":[{"id":4256,"href":"http:\/\/www.japansk-spisshund.net\/NO\/index.php?rest_route=\/wp\/v2\/pages\/641\/revisions\/4256"}],"wp:attachment":[{"href":"http:\/\/www.japansk-spisshund.net\/NO\/index.php?rest_route=%2Fwp%2Fv2%2Fmedia&parent=641"}],"curies":[{"name":"wp","href":"https:\/\/api.w.org\/{rel}","templated":true}]}}