{"id":62,"date":"2013-08-28T13:01:36","date_gmt":"2013-08-28T11:01:36","guid":{"rendered":"http:\/\/www.japansk-spisshund.net\/NO\/?page_id=62"},"modified":"2021-03-18T17:19:53","modified_gmt":"2021-03-18T16:19:53","slug":"valper-til-formidling","status":"publish","type":"page","link":"http:\/\/www.japansk-spisshund.net\/NO\/?page_id=62","title":{"rendered":"VALPER TIL FORMIDLING"},"content":{"rendered":"<div class=\"Kdesign-content-layout\">\n<div class=\"Kdesign-content-layout-row\">\n<div class=\"Kdesign-layout-cell\" style=\"width: 100%;\">\n<h4>Japansk Spisshund valper \/ Puppies<\/h4>\n<p>&nbsp;<\/p>\n<h5>\u00d8nsker du \u00e5 kj\u00f8pe japansk spisshund-valp, men finner ingen annonser p\u00e5 denne siden?<\/h5>\n<p>Kontakt NJSKs valpeformidler Ann-Helen S\u00f8rensen p\u00e5 e-post\u00a0<a href=\"mailto:ann-h-so@hotmail.com\" target=\"_parent\">ann-h-so@hotmail.com<\/a> eller telefon 905 10 943<\/p>\n<h1><\/h1>\n<\/div>\n<\/div>\n<\/div>\n<div class=\"Kdesign-content-layout\">\n<div class=\"Kdesign-content-layout-row\">\n<div class=\"Kdesign-layout-cell\" style=\"width: 50%;\">\n<ul>\n<li><a href=\"http:\/\/www.japansk-spisshund.net\/NO\/wp-content\/uploads\/2015\/10\/Anbefalte-retningslinjer-for-avl-p\u00e5-japansk-spisshund.pdf\" target=\"_blank\"><strong>NJSK anbefalte retningslinjer for avl og oppdrett<\/strong><\/a><\/li>\n<li><a href=\"http:\/\/www.japansk-spisshund.net\/NO\/wp-content\/uploads\/2013\/08\/NKKs-etiske-grunnregler-for-avl-og-oppdrett.pdf\"><strong>NKKs etiske grunnregler for avl og oppdrett<\/strong><\/a><\/li>\n<li><a href=\"http:\/\/www.japansk-spisshund.net\/NO\/wp-content\/uploads\/2013\/08\/NKKs-avlsstrategi.pdf\"><strong>NKKs Avlsstrategi<\/strong><\/a><\/li>\n<li><a href=\"http:\/\/www.japansk-spisshund.net\/NO\/wp-content\/uploads\/2013\/08\/Kjekt-og-vite1.pdf\"><strong>Kjekt \u00e5 vite ved kj\u00f8p av valp<\/strong><\/a><\/li>\n<\/ul>\n<\/div>\n<div class=\"Kdesign-layout-cell\" style=\"width: 50%;\">\n<h1><\/h1>\n<p>Oppdrettere kan avertere sine kull p\u00e5 denne siden. Send opplysninger om kullet til avlsr\u00e5det for godkjenning &#8211; <a href=\"mailto:avlsrad@japansk-spisshund.net\">E-mail: avlsrad@japansk-spisshund.net<\/a>. Oppdrettere m\u00e5 f\u00f8lge NKKs etiske grunnregler for avl og oppdrett og NJSKs anbefalinger for \u00e5 f\u00e5 avertere her. Kullet blir st\u00e5ende i 3 mnd. om ikke annet er avtalt.<\/p>\n<p>* Only for members of NJSK<\/p>\n<\/div>\n<\/div>\n<\/div>\n<hr \/>\n<div><\/div>\n<div class=\"Kdesign-content-layout\"><\/div>\n","protected":false},"excerpt":{"rendered":"<p>Japansk Spisshund valper \/ Puppies &nbsp; \u00d8nsker du \u00e5 kj\u00f8pe japansk spisshund-valp, men finner ingen annonser p\u00e5 denne siden? Kontakt NJSKs valpeformidler Ann-Helen S\u00f8rensen p\u00e5 e-post\u00a0ann-h-so@hotmail.com eller telefon 905 10 943 NJSK anbefalte retningslinjer for avl og oppdrett NKKs etiske grunnregler for avl og oppdrett NKKs Avlsstrategi Kjekt \u00e5 vite ved kj\u00f8p av valp Oppdrettere [&hellip;]<\/p>\n","protected":false},"author":1,"featured_media":0,"parent":59,"menu_order":12,"comment_status":"closed","ping_status":"closed","template":"","meta":{"footnotes":""},"_links":{"self":[{"href":"http:\/\/www.japansk-spisshund.net\/NO\/index.php?rest_route=\/wp\/v2\/pages\/62"}],"collection":[{"href":"http:\/\/www.japansk-spisshund.net\/NO\/index.php?rest_route=\/wp\/v2\/pages"}],"about":[{"href":"http:\/\/www.japansk-spisshund.net\/NO\/index.php?rest_route=\/wp\/v2\/types\/page"}],"author":[{"embeddable":true,"href":"http:\/\/www.japansk-spisshund.net\/NO\/index.php?rest_route=\/wp\/v2\/users\/1"}],"replies":[{"embeddable":true,"href":"http:\/\/www.japansk-spisshund.net\/NO\/index.php?rest_route=%2Fwp%2Fv2%2Fcomments&post=62"}],"version-history":[{"count":68,"href":"http:\/\/www.japansk-spisshund.net\/NO\/index.php?rest_route=\/wp\/v2\/pages\/62\/revisions"}],"predecessor-version":[{"id":4201,"href":"http:\/\/www.japansk-spisshund.net\/NO\/index.php?rest_route=\/wp\/v2\/pages\/62\/revisions\/4201"}],"up":[{"embeddable":true,"href":"http:\/\/www.japansk-spisshund.net\/NO\/index.php?rest_route=\/wp\/v2\/pages\/59"}],"wp:attachment":[{"href":"http:\/\/www.japansk-spisshund.net\/NO\/index.php?rest_route=%2Fwp%2Fv2%2Fmedia&parent=62"}],"curies":[{"name":"wp","href":"https:\/\/api.w.org\/{rel}","templated":true}]}}