{"id":61,"date":"2013-08-28T13:01:35","date_gmt":"2013-08-28T11:01:35","guid":{"rendered":"http:\/\/www.japansk-spisshund.net\/NO\/?page_id=61"},"modified":"2024-10-08T14:48:10","modified_gmt":"2024-10-08T12:48:10","slug":"oppdrettere","status":"publish","type":"page","link":"http:\/\/www.japansk-spisshund.net\/NO\/?page_id=61","title":{"rendered":"OPPDRETTERE"},"content":{"rendered":"\n<h4 class=\"wp-block-heading\">Denne siden er forbeholdt oppdrettere som er medlem i NJSK.<\/h4>\n\n\n\n<p>Vi tar forbehold om utdaterte linker til hjemmesider. Det er oppdretterne p\u00e5 listen som st\u00e5r ansvarlig for \u00e5 melde fra om endringer i sine adresser eller hjemmesider.<\/p>\n\n\n\n<h4 class=\"wp-block-heading\">De som vil st\u00e5 her sender en mail til Avlsr\u00e5det:&nbsp;avlsrad@japansk-spisshund.net&nbsp;for godkjenning.<\/h4>\n\n\n\n<p>Dere trenger IKKE hjemmeside for \u00e5&nbsp;v\u00e6re med i listen. This page is only for members of NJSK.<\/p>\n\n\n\n<div class=\"Kdesign-content-layout\">\n<div class=\"Kdesign-content-layout-row\">\n<div class=\"Kdesign-layout-cell\" style=\"width: 33%;\">\n<h6>Kennelnavn: Arashi<\/h6>\n<p>Marit Totland &amp; Jostein Taule<\/p>\n<p><span style=\"font-weight: bold;\"><br><\/span> Kleppest\u00f8<\/p>\n<p>Tlf:&nbsp;93 29 95 16<\/p>\n<p>E-mail:&nbsp;<a style=\"font-weight: bold;\" href=\"mailto:t_marit6@hotmail.com\">t_marit6@hotmail.com<\/a><\/p>\n<p>Hjemmeside:<a style=\"font-weight: bold;\" href=\"http:\/\/www.kennelarashi.com\/\" target=\"_blank\" rel=\"noopener\">Klikk her<\/a><\/p>\n<\/div>\n<div class=\"Kdesign-layout-cell\" style=\"width: 34%;\">\n<h6>Kennelnavn:&nbsp;Marshmallow Club<\/h6>\n<p>Jenny Hildrum<\/p>\n<p><span style=\"font-weight: bold;\"><br><\/span>Larvik<\/p>\n<p>Tlf: 40472379<\/p>\n<p>E-mail: Teammarshmallowclub@gmail.com<\/p>\n<p>Hjemmeside: &#8212;<\/p>\n<\/div>\n<br>\n<div class=\"Kdesign-layout-cell\" style=\"width: 34%;\">\n<h6>Kennelnavn: Nordic HappyTails<\/h6>\n<p>Ket Risa og Espen Aasland<\/p>\n<p><span style=\"font-weight: bold;\"><br><\/span>4340 Bryne (Rogaland)<\/p>\n<p>Tlf: 93203680<\/p>\n<p>E-mail: ketogespen@gmail.com<\/p>\n<p>Hjemmeside: <a href=\"https:\/\/www.facebook.com\/groups\/1651499188472563\/\" target=\"_blank\" rel=\"noopener\">Klikk her<\/a><\/p>\n<p>&nbsp;<\/p>\n<h6>Kennelnavn:&nbsp;Nordic Diamond<\/h6>\n<p>Ann-Helen S\u00f8rensen og Caroline S\u00f8rensen Kildal<\/p>\n<p><span style=\"font-weight: bold;\"><br><\/span>Harstad<\/p>\n<p>Tlf: 90510943\/94788831<\/p>\n<p>E-mail:&nbsp;<a style=\"font-weight: bold;\" href=\"mailto:nordicdiamond@hotmail.com\" target=\"_blank\" rel=\"noopener\">nordicdiamond@hotmail.com<\/a><\/p>\n<p>Hjemmeside: &#8212;<\/p>\n<\/div>\n<div class=\"Kdesign-layout-cell\" style=\"width: 33%;\">&nbsp;<\/div>\n<\/div>\n<\/div>\n\n\n\n<div class=\"Kdesign-content-layout\">\n<div class=\"Kdesign-content-layout-row\">\n<div class=\"Kdesign-layout-cell\" style=\"width: 33%;\">\n<h6>Kennelnavn: Creardon<\/h6>\n<p>Irene &amp; Rune Nordahl<\/p>\n<p><span style=\"font-weight: bold;\"><br><\/span> Skjeberg<\/p>\n<p>Tlf:&nbsp; 69 15 54 25 &#8211; 90 91 44 49<\/p>\n<p>E-mail:&nbsp;<a style=\"font-weight: bold;\" href=\"mailto:creardon@online.no\">creardon@online.no<\/a><\/p>\n<p>Hjemmeside:<a style=\"font-weight: bold;\" href=\"http:\/\/home.online.no\/~creardon\" target=\"_blank\" rel=\"noopener\">Klikk her<\/a><\/p>\n<\/div>\n<div class=\"Kdesign-layout-cell\" style=\"width: 34%;\">\n<h6>Kennelnavn: Brocaire<\/h6>\n<p>Tina L. Bj\u00f8rnewall<\/p>\n<p>7234 Ler<br><span style=\"font-weight: bold;\"><br><\/span><\/p>\n<p>Tlf: 45 39 56 12<\/p>\n<p>E-mail: <a style=\"font-weight: bold;\" href=\"mailto:tinajenta95@hotmail.com\">tinajenta95@hotmail.com<\/a><\/p>\n<p>Hjemmeside:<a style=\"font-weight: bold;\" href=\"http:\/\/www.123hjemmeside.no\/KennelBrocaire\" target=\"_blank\" rel=\"noopener\">Klikk her<\/a><\/p>\n<\/div>\n<div class=\"Kdesign-layout-cell\" style=\"width: 33%;\">\n<h6>Kennelnavn: Dunlin<\/h6>\n<p>Elna Kleiv<\/p>\n<p><span style=\"font-weight: bold;\"><br><\/span> \u00c5motsdal<\/p>\n<p>Tlf:&nbsp; 91 66 85 99<\/p>\n<p>E-mail:&nbsp;<a style=\"font-weight: bold;\" href=\"mailto:elkleiv@online.no.\">elkleiv@online.no.<\/a><\/p>\n<p>Hjemmeside:<a style=\"font-weight: bold;\" href=\"https:\/\/www.fjellbygdi.com\/\" target=\"_blank\" rel=\"noopener\">Klikk her<\/a><\/p>\n<\/div>\n<\/div>\n<\/div>\n\n\n\n<div class=\"Kdesign-content-layout\">\n<div class=\"Kdesign-content-layout-row\">\n<div class=\"Kdesign-layout-cell\" style=\"width: 33%;\">\n<h6>Kennelnavn: Ereganto<\/h6>\n<p>Jorun Roaldset<\/p>\n<p>1823 Knapstad<\/p>\n<p>Tlf: 908 27 713<\/p>\n<p>E-mail: <a href=\"mailto:Jorunroaldset@gmail.com\" target=\"_blank\" rel=\"noopener\">Jorunroaldset@gmail.com<\/a><\/p>\n<p>Hjemmeside: <a href=\"https:\/\/kennel-ereganto.webnode.page\/\" target=\"_blank\" rel=\"noopener\">Klikk her<\/a><\/p>\n<\/div>\n<div class=\"Kdesign-layout-cell\" style=\"width: 34%;\">\n<h6>Kennelnavn: Fenomenet<\/h6>\n<p>Hilde Skr\u00e5mest\u00f8, Gj\u00f8vik og Helle Enerhaugen,&nbsp;Moss<\/p>\n<p>Tlf:&nbsp;&nbsp;\u00d8nsker kun mail.<\/p>\n<p>E-mail:&nbsp;<a style=\"font-weight: bold;\" href=\"mailto:hilde@fenomenet.com\">hilde@fenomenet.com<\/a><\/p>\n<p><strong><a href=\"mailto:helle@fenomenet.com\">helle@fenomenet.com<\/a><\/strong><\/p>\n<p>Hjemmeside:<a style=\"font-weight: bold;\" href=\"http:\/\/www.fenomenet.com\" target=\"_blank\" rel=\"noopener\">Klikk her<\/a><\/p>\n<\/div>\n<div class=\"Kdesign-layout-cell\" style=\"width: 33%;\">\n<h6>Kennelnavn: Lykkens Pamfilius<\/h6>\n<p>Kjersti og Lin Berg<\/p>\n<p>2240 Magnor<\/p>\n<p>Tlf: 97 69 99 090 &#8211; 90 15 51 08<\/p>\n<p>E-mail: <a href=\"mailto:kjerber4@icloud.com\" target=\"_blank\" rel=\"noopener\">kjerber4@icloud.com<\/a><\/p>\n<p>Hjemmeside: &#8211;<\/p>\n<\/div>\n<\/div>\n<\/div>\n\n\n\n<div class=\"Kdesign-content-layout\">\n<div class=\"Kdesign-content-layout-row\">\n<div class=\"Kdesign-layout-cell\" style=\"width: 33%;\">\n<h6>Kennelnavn: Grandelight<\/h6>\n<p>Grethe Malvik Nykkelmo<\/p>\n<p><span style=\"font-weight: bold;\"><br><\/span> Selbu<\/p>\n<p>Tlf:&nbsp; 98 41 51 45<\/p>\n<p>E-mail:&nbsp;<a style=\"font-weight: bold;\" href=\"mailto:grethny@gmail.com\">grethny@gmail.com<\/a><\/p>\n<p>Hjemmeside:<a style=\"font-weight: bold;\" href=\"http:\/\/www.123hjemmeside.no\/grandelight\" target=\"_blank\" rel=\"noopener\">Klikk her<\/a><\/p>\n<\/div>\n<div class=\"Kdesign-layout-cell\" style=\"width: 34%;\">\n<h6>Kennelnavn: Drottsvingen<\/h6>\n<p><span style=\"font-weight: bold;\"><br><\/span><br>Torill Dybsjord R\u00f8stad<br>\u00c5s<br>Tlf: 47600965<\/p>\n<p>E-mail: torill.d.rostad@gmail.com<\/p>\n<p>Hjemmeside:<a style=\"font-weight: bold;\" href=\"http:\/\/drottsvingen.123hjemmeside.no\" target=\"_blank\" rel=\"noopener\">Klikk her<\/a><\/p>\n<\/div>\n<div class=\"Kdesign-layout-cell\" style=\"width: 33%;\">\n<h6>Kennelnavn: Ice White<\/h6>\n<p>Kai Enerhaugen<\/p>\n<p><span style=\"font-weight: bold;\"><br><\/span> V\u00e5ler i \u00d8stfold<\/p>\n<p>Tlf:&nbsp; 93 69 78 15<\/p>\n<p>E-mail:&nbsp;<a style=\"font-weight: bold;\" href=\"mailto:heener@online.no\">heener@online.no<\/a><\/p>\n<p>Hjemmeside:<a style=\"font-weight: bold;\" href=\"http:\/\/www.kennelicewhite.com\" target=\"_blank\" rel=\"noopener\">Klikk her<\/a><\/p>\n<\/div>\n<\/div>\n<\/div>\n\n\n\n<div class=\"Kdesign-content-layout\">\n<div class=\"Kdesign-content-layout-row\">\n<div class=\"Kdesign-layout-cell\" style=\"width: 33%;\">\n<h6>Kennelnavn: Jamasti<\/h6>\n<p>Marianne Zachariassen (Bergen)<br>og Cathrine Berglund (Fyllingsdalen)<\/p>\n<p><span style=\"font-weight: bold;\"><br><\/span>Tlf:&nbsp; 41 44 38 24\/400 44 653<\/p>\n<p>E-mail:&nbsp;<a href=\"mailto:jamasti@yahoo.com\" target=\"_blank\" rel=\"noopener\">jamasti@yahoo.com<\/a> &#8211; <a href=\"mailto:cathrine.jamasti@yahoo.com\" target=\"_blank\" rel=\"noopener\">cathrine.jamasti@yahoo.com<\/a><\/p>\n<p>Hjemmeside:<a style=\"font-weight: bold;\" href=\"http:\/\/jamasti.simplesite.com\/\" target=\"_blank\" rel=\"noopener\">Klikk her<\/a><\/p>\n<\/div>\n<div class=\"Kdesign-layout-cell\" style=\"width: 34%;\">\n<h6>Kennelnavn: Lovely Sapphire<\/h6>\n<p>Marita Cesilie Helstr\u00f8m<br><span style=\"font-weight: bold;\"><br><\/span>Rena<\/p>\n<p>Tlf: 99 62 19 45<\/p>\n<p>E-mail: <a style=\"font-weight: bold;\" href=\"mailto:dragi_vitramon@hotmail.com\">dragi_vitramon@hotmail.com<\/a><\/p>\n<p>Hjemmeside:<a style=\"font-weight: bold;\" href=\"#\" target=\"_blank\" rel=\"noopener\">&#8212;<\/a><\/p>\n<\/div>\n<div class=\"Kdesign-layout-cell\" style=\"width: 33%;\">\n<h6>Kennelnavn: Jasam<\/h6>\n<p>Hanne N. \u00c5nensen<\/p>\n<p><span style=\"font-weight: bold;\"><br><\/span> Kopervik<\/p>\n<p>Tlf:&nbsp; 90 87 77 38<\/p>\n<p>E-mail:&nbsp;<a style=\"font-weight: bold;\" href=\"mailto:jasamskennel@gmail.com\">jasamskennel@gmail.com<\/a><\/p>\n<p>Hjemmeside:<a style=\"font-weight: bold;\" href=\"http:\/\/www.jasamskennel.net\" target=\"_blank\" rel=\"noopener\">Klikk her<\/a><\/p>\n<\/div>\n<\/div>\n<\/div>\n\n\n\n<div class=\"Kdesign-content-layout\">\n<div class=\"Kdesign-content-layout-row\">\n<div class=\"Kdesign-layout-cell\" style=\"width: 33%;\">\n<h6>Kennelnavn: Nisselia<\/h6>\n<p>Elisabeth W\u00e6hre<\/p>\n<p><span style=\"font-weight: bold;\"><br><\/span>Saksviklia 67 &#8211; 7562 Saksvik<\/p>\n<p>Tlf:&nbsp;73 97 74 35 &#8211; 98 07 52 81<\/p>\n<p>E-mail:&nbsp;<a style=\"font-weight: bold;\" href=\"mailto:ewaehre@online.no\">ewaehre@online.no<\/a><\/p>\n<p>Hjemmeside:<a style=\"font-weight: bold;\" href=\"http:\/\/www.123hjemmeside.no\/Nisselia\/24403622\" target=\"_blank\" rel=\"noopener\">Klikk her<\/a><\/p>\n<\/div>\n<div class=\"Kdesign-layout-cell\" style=\"width: 34%;\">\n<h6>Kennelnavn: LilleSjarm<\/h6>\n<p>Grethe Steinan<br>Br\u00e5geilan 38<br>7074 Spongdal<\/p>\n<p>Tlf: &#8212;<\/p>\n<p>E-mail:&nbsp;<a href=\"mailto:Kennellillesjarm@outlook.com\" target=\"_blank\" rel=\"noopener\">Kennellillesjarm@outlook.com<\/a><\/p>\n<p>Hjemmeside: &#8212;<\/p>\n<\/div>\n<div class=\"Kdesign-layout-cell\" style=\"width: 33%;\">\n<h6>Kennelnavn: &nbsp;Minnlett<\/h6>\n<p>Irene Mjelde<\/p>\n<p><span style=\"font-weight: bold;\"><br><\/span> Samnanger<\/p>\n<p>Tlf:&nbsp;92 40 60 73<\/p>\n<p>E-mail:&nbsp;<a style=\"font-weight: bold;\" href=\"mailto:minnlett@online.no\">minnlett@online.no<\/a><\/p>\n<p>Hjemmeside:<a style=\"font-weight: bold;\" href=\"http:\/\/www.minnlett.com\" target=\"_blank\" rel=\"noopener\">Klikk her<\/a><\/p>\n<\/div>\n<\/div>\n<\/div>\n\n\n\n<div class=\"Kdesign-content-layout\">\n<div class=\"Kdesign-content-layout-row\">\n<div class=\"Kdesign-layout-cell\" style=\"width: 33%;\">\n<h6>Kennelnavn: Moneva<\/h6>\n<p>Mona &amp; Geir Bakke<\/p>\n<p><span style=\"font-weight: bold;\"><br><\/span> Bergen &#8211; \u00c5sane<\/p>\n<p>Tlf:&nbsp; 46 94 60 13<\/p>\n<p>E-mail:&nbsp;<a style=\"font-weight: bold;\" href=\"mailto:mona@moneva.net\">mona@moneva.n<\/a>o<\/p>\n<p>Hjemmeside:<a style=\"font-weight: bold;\" href=\"http:\/\/www.moneva.no\" target=\"_blank\" rel=\"noopener\">Klikk her<\/a><\/p>\n<\/div>\n<div class=\"Kdesign-layout-cell\" style=\"width: 34%;\">\n<h6>Kennelnavn: Don\u00e5sen<\/h6>\n<p>Monica Skauby<\/p>\n<p>Selbu<\/p>\n<p>Tlf: 91 34 36 54<\/p>\n<p>E-mail: <a href=\"mailto:monskauby@hotmail.com\" target=\"_blank\" rel=\"noopener\">monskauby@hotmail.com<\/a><\/p>\n<p>Hjemmeside:<a style=\"font-weight: bold;\" href=\"http:\/\/www.donaasen.com\/\" target=\"_blank\" rel=\"noopener\">Klikk her<\/a><\/p>\n<\/div>\n<div class=\"Kdesign-layout-cell\" style=\"width: 33%;\">\n<h6>Kennelnavn: Shigemi<\/h6>\n<p>Lise K. Sunnan\u00e5<\/p>\n<p><span style=\"font-weight: bold;\"><br><\/span>Ask\u00f8y &#8211; Bergen<\/p>\n<p>Tlf: \u00d8nsker kun mail<\/p>\n<p>E-mail: <a style=\"font-weight: bold;\" href=\"mailto:kennel@shigemi.no\">Klikk her<\/a><\/p>\n<p>Hjemmeside:<a style=\"font-weight: bold;\" href=\"http:\/\/shigemi.no\" target=\"_blank\" rel=\"noopener\">Klikk her<\/a><\/p>\n<\/div>\n<\/div>\n<\/div>\n\n\n\n<div class=\"Kdesign-content-layout\">\n<div class=\"Kdesign-content-layout-row\">\n<div class=\"Kdesign-layout-cell\" style=\"width: 33%;\">\n<h6>Kennelnavn: Shjap<\/h6>\n<p>Aina Bekkenes<\/p>\n<p><span style=\"font-weight: bold;\"><br><\/span> Hauglandshella<\/p>\n<p>Tlf: 56 14 74 46 &#8211; 95 08 75 91<\/p>\n<p>E-mail: <a style=\"font-weight: bold;\" href=\"mailto:atlebek@online.no\">atlebek@online.no<\/a><\/p>\n<p>Hjemmeside:<a style=\"font-weight: bold;\" href=\"https:\/\/kennelshjap.wixsite.com\/kennel-shjap\" target=\"_blank\" rel=\"noopener\">Klikk her<\/a><\/p>\n<\/div>\n<div class=\"Kdesign-layout-cell\" style=\"width: 34%;\">\n<h6>Kennelnavn: State-of-Art<\/h6>\n<p>Tone S\u00f8mme<\/p>\n<p><span style=\"font-weight: bold;\"><br><\/span>Grensevegen 48, 1927 R\u00e5n\u00e5sfoss<\/p>\n<p>Tlf: +47 63 82 91 33 &#8211; Mobil: +47 901 66 298<\/p>\n<p>E-mail: <a style=\"font-weight: bold;\" href=\"mailto:tone.somme@gmail.com\">tone.somme@gmail.com<\/a><\/p>\n<p>Facebook:<a style=\"font-weight: bold;\" href=\"https:\/\/www.facebook.com\/tone.somme\" target=\"_blank\" rel=\"noopener\">Klikk her<\/a><\/p>\n<\/div>\n<div class=\"Kdesign-layout-cell\" style=\"width: 33%;\">\n<h6>Kennelnavn: <\/h6>\n<p><\/p>\n<p><span style=\"font-weight: bold;\"><br><\/span><\/p>\n<p>Tlf: <\/p>\n<p>E-mail: <a style=\"font-weight: bold;\" href=\"mailto:\" target=\"_blank\" rel=\"noopener\"><\/a><\/p>\n<p>Hjemmeside:<a style=\"font-weight: bold;\" href=\"\" target=\"_blank\" rel=\"noopener\">Klikk her<\/a><\/p>\n<\/div>\n<\/div>\n<\/div>\n\n\n\n<div class=\"Kdesign-content-layout\">\n<div class=\"Kdesign-content-layout-row\">\n<div class=\"Kdesign-layout-cell\" style=\"width: 33%;\">\n<h6>Kennelnavn:&nbsp;Kennel White-Eclipse<\/h6>\n<p>Mette Gulbrandsen<\/p>\n<p>Ulv\u00f8ya, Oslo<\/p>\n<p>Tlf:<\/p>\n<p>E-mail:&nbsp;<a href=\"mailto:mettegulbrandsen123@gmail.com\" target=\"_blank\" rel=\"noopener\">mettegulbrandsen123@gmail.com<\/a><\/p>\n<p>Hjemmeside: <a href=\"https:\/\/www.kennelwhiteeclipse.com\/\">https:\/\/www.kennelwhiteeclipse.com\/<\/a><\/p>\n<\/div>\n<div class=\"Kdesign-layout-cell\" style=\"width: 34%;\">\n<h6>Kennelnavn: Tanadalen<\/h6>\n<p>Sissel Marie Saua og Odd Kulstadvik<\/p>\n<p><span style=\"font-weight: bold;\"><\/span> Tana<\/p>\n<p>Tlf: 46 40 02 21 &#8211; 47 75 50 04<\/p>\n<p>E-mail: <a style=\"font-weight: bold;\" href=\"mailto:sissel.saua@gmail.com\">sissel.saua@gmail.com<\/a><\/p>\n<p>Hjemmeside:<a style=\"font-weight: bold;\" href=\"#\" target=\"_blank\" rel=\"noopener\">&#8212;<\/a><\/p>\n<\/div>\n<div class=\"Kdesign-layout-cell\" style=\"width: 33%;\">\n<h6>Kennelnavn: Nordic Echo<\/h6>\n<p>Adine&nbsp; Nikolaisen<\/p>\n<p><span style=\"font-weight: bold;\"><\/span> 4514 Mandal<\/p>\n<p>Tlf: 48 10 35 81<\/p>\n<p>E-mail: <a style=\"font-weight: bold;\" href=\"mailto:nordic.echo@outlook.com\">nordic.echo@outlook.com<\/a><\/p>\n<p>Hjemmeside:<a style=\"font-weight: bold;\" href=\"\" target=\"_blank\" rel=\"noopener\">&#8212;<\/a><\/p>\n<\/div>\n<\/div>\n<\/div>\n\n\n\n<div class=\"Kdesign-content-layout\">\n<div class=\"Kdesign-content-layout-row\">\n<div class=\"Kdesign-layout-cell\" style=\"width: 33%;\">\n<h6>Kennelnavn: Tricoline<\/h6>\n<p>Britt Helene J. Hestetun<\/p>\n<p><span style=\"font-weight: bold;\"><br><\/span> \u00d8vre \u00c5rdal<\/p>\n<p>Tlf: 57 66 24 28 &#8211; 97 51 24 20<\/p>\n<p>E-mail: <a style=\"font-weight: bold;\" href=\"mailto:britt-he@online.no\">britt-he@online.no<\/a><\/p>\n<p>Hjemmeside:<\/p>\n<\/div>\n<div class=\"Kdesign-layout-cell\" style=\"width: 34%;\">\n<h6>Kennelnavn: Vilges Beana<\/h6>\n<p>Nann Sissel &amp; Thomas V\u00e6rnes<\/p>\n<p><span style=\"font-weight: bold;\">&nbsp;<\/span><\/p>\n<p>Tlf: 46 13 11 69<\/p>\n<p>E-mail: <a style=\"font-weight: bold;\" href=\"mailto:nann-sissel@hotmail.com\">nann-sissel@hotmail.com<\/a><\/p>\n<p>Hjemmeside:<a style=\"font-weight: bold;\" href=\"http:\/\/vilgesbeana.com\/index.html\" target=\"_blank\" rel=\"noopener\">Klikk her<\/a><\/p>\n<\/div>\n<div class=\"Kdesign-layout-cell\" style=\"width: 33%;\">\n<h6>Kennelnavn: Wilmaya<\/h6>\n<p>Tore &amp; Tone Botten<\/p>\n<p><span style=\"font-weight: bold;\"><br><\/span> Hamar<\/p>\n<p>Tlf: 951 92 430<\/p>\n<p>E-mail: <a style=\"font-weight: bold;\" href=\"mailto:botten.tore@gmail.com\">botten.tore@gmail.com<\/a><\/p>\n<p>Hjemmeside:<a style=\"font-weight: bold;\" href=\"http:\/\/www.wilmaya.com\" target=\"_blank\" rel=\"noopener\">Klikk her<\/a><\/p>\n<\/div>\n<\/div>\n<\/div>\n\n\n\n<div class=\"Kdesign-content-layout\">\n<div class=\"Kdesign-content-layout-row\">\n<div class=\"Kdesign-layout-cell\" style=\"width: 33%;\">\n<h6>Kennelnavn: \u00c5bods-vik<\/h6>\n<p>Lise \u00c5bodsvik<\/p>\n<p>Fauske<\/p>\n<p>Tlf:&nbsp;95 82 24 13<\/p>\n<p>E-mail: <a href=\"mailto:liseabodsvik@gmail.com\" target=\"_blank\" rel=\"noopener\">liseabodsvik@gmail.com<\/a><\/p>\n<p>&nbsp;<\/p>\n<\/div>\n<div class=\"Kdesign-layout-cell\" style=\"width: 34%;\">\n<h6>Kennelnavn: Lizipizi<\/h6>\n<p>Lise Dale Soma<\/p>\n<p>Sandnes<\/p>\n<p>Tlf:&nbsp;410 66 067<\/p>\n<p>E-mail: <a href=\"mailto:lise@soma.nu\" target=\"_blank\" rel=\"noopener\">lise@soma.nu<\/a><\/p>\n<p>Hjemmeside:&nbsp;<a style=\"font-weight: bold;\" href=\"http:\/\/lizipizi.no\" target=\"_blank\" rel=\"noopener\">Klikk her<\/a><\/p>\n<\/div>\n<div class=\"Kdesign-layout-cell\" style=\"width: 33%;\">\n<h6>Kennelnavn: Northern Glow<\/h6>\n<p>Siri Stenvig Sivertsen<\/p>\n<p>Tlf:&nbsp;91366102<\/p>\n<p>E-mail:&nbsp;<a href=\"mailto:SiriSivertsen@gmail.com\" target=\"_blank\" rel=\"noopener\">SiriSivertsen@gmail.com<\/a><\/p>\n<p>Hjemmeside:<b>&nbsp;&#8212;<\/b><\/p>\n<\/div>\n<\/div>\n<\/div>\n\n\n\n<div class=\"Kdesign-content-layout\">\n<div class=\"Kdesign-content-layout-row\">\n<div class=\"Kdesign-layout-cell\" style=\"width: 100%;\">\n<h4>UTENLANDSKE OPPDRETTERE<\/h4>\n<\/div>\n<\/div>\n<\/div>\n\n\n\n<div class=\"Kdesign-content-layout\">\n<div class=\"Kdesign-content-layout-row\">\n<div class=\"Kdesign-layout-cell\" style=\"width: 33%;\">\n<h6>Kennelnavn: Isumis<\/h6>\n<p>Carina Lundgren<\/p>\n<p><span style=\"font-weight: bold;\"><br><\/span> Enk\u00f6ping &#8211; Sverige<\/p>\n<p>Tlf:&nbsp; +46 171474140 &#8211; +46 702748946<\/p>\n<p>E-mail:&nbsp;<a style=\"font-weight: bold;\" href=\"mailto:isumis@hotmail.com\">isumis@hotmail.com<\/a><\/p>\n<p>Web:<a style=\"font-weight: bold;\" href=\"http:\/\/www.isumiskennel.com\" target=\"_blank\" rel=\"noopener\">Klikk her<\/a><\/p>\n<\/div>\n<div class=\"Kdesign-layout-cell\" style=\"width: 34%;\">\n<h6>Kennelnavn: Kullhagas<\/h6>\n<p>Lars G\u00f8ran Granberg<\/p>\n<p><span style=\"font-weight: bold;\"><br><\/span> Bankeryd &#8211; Sverige<\/p>\n<p>Tlf:&nbsp;+46 36379067 &#8211; +46 704150629<\/p>\n<p>E-mail:&nbsp;<a style=\"font-weight: bold;\" href=\"mailto:kullhagas@telia.com\">kullhagas@telia.com<\/a><\/p>\n<p>Web:<a style=\"font-weight: bold;\" href=\"http:\/\/www.kullhagas.se\" target=\"_blank\" rel=\"noopener\">Klikk her<\/a><\/p>\n<\/div>\n<div class=\"Kdesign-layout-cell\" style=\"width: 33%;\">\n<h6>Kennelnavn: Noidens<\/h6>\n<p>Margareta Siljestr\u00f8m<\/p>\n<p><span style=\"font-weight: bold;\"><br><\/span> Str\u00e4ngn\u00e4s &#8211; Sverige<\/p>\n<p>Tlf:&nbsp; +46 15232674 &#8211; +46 702084323<\/p>\n<p>E-mail:&nbsp;<a style=\"font-weight: bold;\" href=\"mailto:noiden@bredband.net\">noiden@bredband.net<\/a><\/p>\n<p>Web:<a style=\"font-weight: bold;\" href=\"http:\/\/www.noidenskennel.se\" target=\"_blank\" rel=\"noopener\">Klikk her<\/a><\/p>\n<\/div>\n<\/div>\n<\/div>\n\n\n\n<div class=\"Kdesign-content-layout\">\n<div class=\"Kdesign-content-layout-row\">\n<div class=\"Kdesign-layout-cell\" style=\"width: 33%;\">\n<h6>Kennelnavn: Noblewhite<\/h6>\n<p>Kirsi V\u00e4h\u00e4talo<\/p>\n<p><span style=\"font-weight: bold;\"><br><\/span> Poi &#8211; Finland<\/p>\n<p>Tlf:&nbsp; +358 50 3803994<\/p>\n<p>E-mail:&nbsp;<a style=\"font-weight: bold;\" href=\"mailto:kennel.noblewhite@gmail.com\">kennel.noblewhite@gmail.com<\/a><\/p>\n<p>Web:<a style=\"font-weight: bold;\" href=\"http:\/\/www.noblewhite.fi\" target=\"_blank\" rel=\"noopener\">Klikk her<\/a><\/p>\n<\/div>\n<div class=\"Kdesign-layout-cell\" style=\"width: 34%;\">\n<h6>Kennelnavn: Snowtime&#8217;s<\/h6>\n<p>Merja Tiainen<\/p>\n<p><span style=\"font-weight: bold;\"><br><\/span> Finland<\/p>\n<p>Tlf:&nbsp; +358 50 5279097<\/p>\n<p>E-mail:&nbsp;<a style=\"font-weight: bold;\" href=\"mailto:kennel.tiainen.merja@gmail.com\">kennel.tiainen.merja@gmail.com<\/a><\/p>\n<p>Web:<a style=\"font-weight: bold;\" href=\"http:\/\/www.snowtimes.net\/\" target=\"_blank\" rel=\"noopener\">Klikk her<\/a><\/p>\n<\/div>\n<div class=\"Kdesign-layout-cell\" style=\"width: 33%;\">\n<h6>Kennelnavn: Rowleys<\/h6>\n<p>Rose-Marie Emery<\/p>\n<p>Olstorpsv\u00e4gen 11<\/p>\n<p>SE63508 Eskilstuna<br><span style=\"font-weight: bold;\"><br><\/span> Sverige<\/p>\n<p>Tlf:&nbsp; +46 70 75 96 540<\/p>\n<p>E-mail:&nbsp;<a style=\"font-weight: bold;\" href=\"mailto:rowleys@hotmail.com\">rowleys@hotmail.com<\/a><\/p>\n<p>&nbsp;<\/p>\n<\/div>\n<\/div>\n<\/div>\n\n\n\n<div class=\"Kdesign-content-layout\">\n<div class=\"Kdesign-content-layout-row\">\n<div class=\"Kdesign-layout-cell\" style=\"width: 33%;\">\n<h6>Kennelnavn: Jukila&#8217;s (DK)<\/h6>\n<p>Lisbeth Holm Gundesen<\/p>\n<p>Sor\u00f8vej 180<\/p>\n<p>DK-4350 Ugerl\u00f8se<br><span style=\"font-weight: bold;\"><br><\/span> Poi &#8211; Danmark<\/p>\n<p>Tlf:&nbsp; +45 2511 8691<\/p>\n<p>E-mail:&nbsp;<a style=\"font-weight: bold;\" href=\"mailto:jukilas.jap@gmail.com\">jukilas.jap@gmail.com<\/a><\/p>\n<p>Web:<a style=\"font-weight: bold;\" href=\"http:\/\/jukilas.dk\/\" target=\"_blank\" rel=\"noopener\">Klikk her<\/a><\/p>\n<\/div>\n<div class=\"Kdesign-layout-cell\" style=\"width: 34%;\">\n<h6>Kennelnavn: Bl\u00e4ndvita (S)<\/h6>\n<p>Ida Otterholm<\/p>\n<p>Askersund, Sverige<br><span style=\"font-weight: bold;\"><br><\/span><\/p>\n<p>Tlf: +46 7380 21171<\/p>\n<p>E-mail:&nbsp;<a style=\"font-weight: bold;\" href=\"mailto:ida.otterholm@gmail.com\">ida.otterholm@gmail.com<\/a><\/p>\n<p>Web:<a style=\"font-weight: bold;\" href=\"http:\/\/blaendvita.se\" target=\"_blank\" rel=\"noopener\">Klikk her<\/a><\/p>\n<\/div>\n<div class=\"Kdesign-layout-cell\" style=\"width: 33%;\">\n<h6>Kennelnavn:<\/h6>\n<p>&nbsp;<\/p>\n<p>&nbsp;<\/p>\n<p><span style=\"font-weight: bold;\">&nbsp;<\/span><\/p>\n<p>Tlf:<\/p>\n<p>E-mail:<\/p>\n<p>Web:<a style=\"font-weight: bold;\" target=\"_blank\" rel=\"noopener\">Klikk her<\/a><\/p>\n<\/div>\n<\/div>\n<\/div>\n","protected":false},"excerpt":{"rendered":"<p>Denne siden er forbeholdt oppdrettere som er medlem i NJSK. Vi tar forbehold om utdaterte linker til hjemmesider. Det er oppdretterne p\u00e5 listen som st\u00e5r ansvarlig for \u00e5 melde fra om endringer i sine adresser eller hjemmesider. De som vil st\u00e5 her sender en mail til Avlsr\u00e5det:&nbsp;avlsrad@japansk-spisshund.net&nbsp;for godkjenning. Dere trenger IKKE hjemmeside for \u00e5&nbsp;v\u00e6re med [&hellip;]<\/p>\n","protected":false},"author":1,"featured_media":0,"parent":59,"menu_order":11,"comment_status":"closed","ping_status":"open","template":"","meta":{"footnotes":""},"_links":{"self":[{"href":"http:\/\/www.japansk-spisshund.net\/NO\/index.php?rest_route=\/wp\/v2\/pages\/61"}],"collection":[{"href":"http:\/\/www.japansk-spisshund.net\/NO\/index.php?rest_route=\/wp\/v2\/pages"}],"about":[{"href":"http:\/\/www.japansk-spisshund.net\/NO\/index.php?rest_route=\/wp\/v2\/types\/page"}],"author":[{"embeddable":true,"href":"http:\/\/www.japansk-spisshund.net\/NO\/index.php?rest_route=\/wp\/v2\/users\/1"}],"replies":[{"embeddable":true,"href":"http:\/\/www.japansk-spisshund.net\/NO\/index.php?rest_route=%2Fwp%2Fv2%2Fcomments&post=61"}],"version-history":[{"count":129,"href":"http:\/\/www.japansk-spisshund.net\/NO\/index.php?rest_route=\/wp\/v2\/pages\/61\/revisions"}],"predecessor-version":[{"id":4550,"href":"http:\/\/www.japansk-spisshund.net\/NO\/index.php?rest_route=\/wp\/v2\/pages\/61\/revisions\/4550"}],"up":[{"embeddable":true,"href":"http:\/\/www.japansk-spisshund.net\/NO\/index.php?rest_route=\/wp\/v2\/pages\/59"}],"wp:attachment":[{"href":"http:\/\/www.japansk-spisshund.net\/NO\/index.php?rest_route=%2Fwp%2Fv2%2Fmedia&parent=61"}],"curies":[{"name":"wp","href":"https:\/\/api.w.org\/{rel}","templated":true}]}}