{"id":60,"date":"2013-08-28T13:01:34","date_gmt":"2013-08-28T11:01:34","guid":{"rendered":"http:\/\/www.japansk-spisshund.net\/NO\/?page_id=60"},"modified":"2024-11-25T20:49:51","modified_gmt":"2024-11-25T19:49:51","slug":"njsks-avlsrad","status":"publish","type":"page","link":"http:\/\/www.japansk-spisshund.net\/NO\/?page_id=60","title":{"rendered":"NJSK&#8217;s AVLSR\u00c5D"},"content":{"rendered":"<h2>Avlsr\u00e5d og valpeformidling i Norsk Japansk Spisshundklubb<\/h2>\n<hr \/>\n<p>E-mail: <a style=\"font-weight: bold; line-height: 1.5em;\" href=\"mailto:%20avlsrad@japansk-spisshund.net\">avlsrad@japansk-spisshund.net<\/a><\/p>\n<ul>\n<li>R\u00e5dsmedlem:\u00a0Tore Botten, tlf.: 951 92 430<\/li>\n<li>R\u00e5dsmedlem:\u00a0Monica Skauby<\/li>\n<li>R\u00e5dsmedlem: Grethe Malvik Nykkelmo<\/li>\n<li>Valpeformidler: Ann-Helen S\u00f8rensen,\u00a0<strong><a href=\"mailto:ann-h-so@hotmail.com\" target=\"_blank\" rel=\"noopener\">ann-h-so@hotmail.com<\/a><\/strong><\/li>\n<\/ul>\n<ul>\n<li><a href=\"http:\/\/www.japansk-spisshund.net\/NO\/wp-content\/uploads\/2013\/08\/Retningslinjer-avlsrad.pdf\" target=\"_blank\" rel=\"noopener\">RETNINGSLINJER FOR AVLSR\u00c5DETS ARBEID<\/a><\/li>\n<li><a href=\"http:\/\/www.japansk-spisshund.net\/NO\/wp-content\/uploads\/2019\/01\/Japansk-spisshund-RAS-v1.pdf\" target=\"_blank\" rel=\"noopener\">AVLSSTRATEGI FOR JAPANSK SPISSHUND (RAS-DOKUMENTET)<\/a><\/li>\n<li><a title=\"Avlsr\u00e5dets \u00e5rsrapport for 2013\" href=\"http:\/\/www.japansk-spisshund.net\/NO\/?page_id=1516\">KLIKK HER for Avlsr\u00e5dets \u00e5rsrapport for 2013<\/a><\/li>\n<li><a href=\"http:\/\/www.japansk-spisshund.net\/NO\/wp-content\/uploads\/2015\/01\/Avlsr%C3%A5dsm%C3%B8te_Finland_aug2014.pdf\" target=\"_blank\" rel=\"noopener\">KLIKK HER for referat fra avlsr\u00e5dsm\u00f8te i Finland august 2014<\/a><\/li>\n<\/ul>\n<hr \/>\n<h3><a id=\"Anbefalinger_valp\"><\/a>Norsk Japansk Spisshundklubbs anbefalinger:<\/h3>\n<ul style=\"list-style-type: disc;\">\n<li>Paring: <strong>12,5% av valpepris<\/strong> (betales til hannhundeier\u00a0ved paring) + <strong>12,5% av salgspris pr. levende valp<\/strong> etter 5 uker<\/li>\n<li>Veiledende salgspris pr. valp: kr.<\/li>\n<\/ul>\n<p>Oppdrettere kan melde sine valpekj\u00f8pere inn i klubben samtidig som det foretas eierskifte p\u00e5 valpene via Min Side.<\/p>\n<ul>\n<li><a href=\"http:\/\/www.japansk-spisshund.net\/NO\/wp-content\/uploads\/2020\/05\/Retningslinjer-for-avl-2018.pdf\" target=\"_blank\" rel=\"noopener\">NJSK anbefalte retningslinjer for avl og oppdrett<\/a><\/li>\n<li><a href=\"http:\/\/www.japansk-spisshund.net\/NO\/wp-content\/uploads\/2013\/08\/NKKs-etiske-grunnregler-for-avl-og-oppdrett.pdf\">NKKs etiske grunnregler for avl og oppdrett<\/a><\/li>\n<li><a href=\"http:\/\/www.japansk-spisshund.net\/NO\/wp-content\/uploads\/2013\/08\/NKKs-avlsstrategi.pdf\">NKKs Avlsstrategi<\/a><\/li>\n<li><a href=\"http:\/\/www.japansk-spisshund.net\/NO\/wp-content\/uploads\/2019\/01\/Japansk-spisshund-RAS-v1.pdf\" target=\"_blank\" rel=\"noopener\">Rasespesifikk Avlsstrategi for japansk spisshund (RAS)<\/a><\/li>\n<\/ul>\n","protected":false},"excerpt":{"rendered":"<p>Avlsr\u00e5d og valpeformidling i Norsk Japansk Spisshundklubb E-mail: avlsrad@japansk-spisshund.net R\u00e5dsmedlem:\u00a0Tore Botten, tlf.: 951 92 430 R\u00e5dsmedlem:\u00a0Monica Skauby R\u00e5dsmedlem: Grethe Malvik Nykkelmo Valpeformidler: Ann-Helen S\u00f8rensen,\u00a0ann-h-so@hotmail.com RETNINGSLINJER FOR AVLSR\u00c5DETS ARBEID AVLSSTRATEGI FOR JAPANSK SPISSHUND (RAS-DOKUMENTET) KLIKK HER for Avlsr\u00e5dets \u00e5rsrapport for 2013 KLIKK HER for referat fra avlsr\u00e5dsm\u00f8te i Finland august 2014 Norsk Japansk Spisshundklubbs anbefalinger: Paring: [&hellip;]<\/p>\n","protected":false},"author":1,"featured_media":0,"parent":59,"menu_order":10,"comment_status":"closed","ping_status":"open","template":"","meta":{"footnotes":""},"_links":{"self":[{"href":"http:\/\/www.japansk-spisshund.net\/NO\/index.php?rest_route=\/wp\/v2\/pages\/60"}],"collection":[{"href":"http:\/\/www.japansk-spisshund.net\/NO\/index.php?rest_route=\/wp\/v2\/pages"}],"about":[{"href":"http:\/\/www.japansk-spisshund.net\/NO\/index.php?rest_route=\/wp\/v2\/types\/page"}],"author":[{"embeddable":true,"href":"http:\/\/www.japansk-spisshund.net\/NO\/index.php?rest_route=\/wp\/v2\/users\/1"}],"replies":[{"embeddable":true,"href":"http:\/\/www.japansk-spisshund.net\/NO\/index.php?rest_route=%2Fwp%2Fv2%2Fcomments&post=60"}],"version-history":[{"count":48,"href":"http:\/\/www.japansk-spisshund.net\/NO\/index.php?rest_route=\/wp\/v2\/pages\/60\/revisions"}],"predecessor-version":[{"id":4562,"href":"http:\/\/www.japansk-spisshund.net\/NO\/index.php?rest_route=\/wp\/v2\/pages\/60\/revisions\/4562"}],"up":[{"embeddable":true,"href":"http:\/\/www.japansk-spisshund.net\/NO\/index.php?rest_route=\/wp\/v2\/pages\/59"}],"wp:attachment":[{"href":"http:\/\/www.japansk-spisshund.net\/NO\/index.php?rest_route=%2Fwp%2Fv2%2Fmedia&parent=60"}],"curies":[{"name":"wp","href":"https:\/\/api.w.org\/{rel}","templated":true}]}}