{"id":58,"date":"2013-08-28T13:01:32","date_gmt":"2013-08-28T11:01:32","guid":{"rendered":"http:\/\/www.japansk-spisshund.net\/NO\/?page_id=58"},"modified":"2022-12-02T22:51:05","modified_gmt":"2022-12-02T21:51:05","slug":"medlemskap-i-norsk-japansk-spisshundklubb","status":"publish","type":"page","link":"http:\/\/www.japansk-spisshund.net\/NO\/?page_id=58","title":{"rendered":"MEDLEMSKAP I NORSK JAPANSK SPISSHUNDKLUBB"},"content":{"rendered":"<p>Fra 01.01.2007 er det en endring i innkrevingsrutiner for medlemskontigent, det er n\u00e5 NKKs medlemsservice som sender ut giro.<\/p>\n<ul>\n<li>Hovedmedlemskap inkluderer NJSKs medlemsblad som utkommer 2-3 ganger pr \u00e5r, og NKKs medlemsblad Hundesport som utkommer\u00a04 ganger pr \u00e5r.<\/li>\n<li>Hovedmedlem, kr 250,- pluss grunnavgift til Nkk, kr 220,- Familiemedlem, kr 50,-<\/li>\n<li>Er du medlem i flere raseklubber eller lokal hundeklubb, avkreves grunnavgift til NKK kun EN gang<\/li>\n<li>Dersom du \u00f8nsker medlemskap, g\u00e5 inn p\u00e5 NKK.no og f\u00f8lg anvisningene der for \u00e5 knytte deg opp mot Norsk Japansk Spisshund Klubb, eller send oss en mail!<\/li>\n<\/ul>\n<p>Vi \u00f8nsker deg hjertelig velkommen som nytt medlem i Norsk Japansk Spisshund Klubb!<\/p>\n","protected":false},"excerpt":{"rendered":"<p>Fra 01.01.2007 er det en endring i innkrevingsrutiner for medlemskontigent, det er n\u00e5 NKKs medlemsservice som sender ut giro. Hovedmedlemskap inkluderer NJSKs medlemsblad som utkommer 2-3 ganger pr \u00e5r, og NKKs medlemsblad Hundesport som utkommer\u00a04 ganger pr \u00e5r. Hovedmedlem, kr 250,- pluss grunnavgift til Nkk, kr 220,- Familiemedlem, kr 50,- Er du medlem i flere [&hellip;]<\/p>\n","protected":false},"author":1,"featured_media":0,"parent":57,"menu_order":8,"comment_status":"closed","ping_status":"open","template":"","meta":{"footnotes":""},"_links":{"self":[{"href":"http:\/\/www.japansk-spisshund.net\/NO\/index.php?rest_route=\/wp\/v2\/pages\/58"}],"collection":[{"href":"http:\/\/www.japansk-spisshund.net\/NO\/index.php?rest_route=\/wp\/v2\/pages"}],"about":[{"href":"http:\/\/www.japansk-spisshund.net\/NO\/index.php?rest_route=\/wp\/v2\/types\/page"}],"author":[{"embeddable":true,"href":"http:\/\/www.japansk-spisshund.net\/NO\/index.php?rest_route=\/wp\/v2\/users\/1"}],"replies":[{"embeddable":true,"href":"http:\/\/www.japansk-spisshund.net\/NO\/index.php?rest_route=%2Fwp%2Fv2%2Fcomments&post=58"}],"version-history":[{"count":7,"href":"http:\/\/www.japansk-spisshund.net\/NO\/index.php?rest_route=\/wp\/v2\/pages\/58\/revisions"}],"predecessor-version":[{"id":4394,"href":"http:\/\/www.japansk-spisshund.net\/NO\/index.php?rest_route=\/wp\/v2\/pages\/58\/revisions\/4394"}],"up":[{"embeddable":true,"href":"http:\/\/www.japansk-spisshund.net\/NO\/index.php?rest_route=\/wp\/v2\/pages\/57"}],"wp:attachment":[{"href":"http:\/\/www.japansk-spisshund.net\/NO\/index.php?rest_route=%2Fwp%2Fv2%2Fmedia&parent=58"}],"curies":[{"name":"wp","href":"https:\/\/api.w.org\/{rel}","templated":true}]}}