{"id":55,"date":"2013-08-28T13:01:29","date_gmt":"2013-08-28T11:01:29","guid":{"rendered":"http:\/\/www.japansk-spisshund.net\/NO\/?page_id=55"},"modified":"2024-01-31T21:28:25","modified_gmt":"2024-01-31T20:28:25","slug":"referat-fra-styremote","status":"publish","type":"page","link":"http:\/\/www.japansk-spisshund.net\/NO\/?page_id=55","title":{"rendered":"REFERAT FRA STYREM\u00d8TE"},"content":{"rendered":"\n<div class=\"Kdesign-content-layout\">\n<div class=\"Kdesign-content-layout-row\">\n<div class=\"Kdesign-layout-cell\" style=\"width: 100%;\">\n<h3>REFERATER FRA V\u00c5RE STYREM\u00d8TER<\/h3>\n<figure><img loading=\"lazy\" decoding=\"async\" class=\"size-full wp-image-625 alignleft\" style=\"line-height: 1.5em;\" src=\"http:\/\/www.japansk-spisshund.net\/NO\/wp-content\/uploads\/2013\/08\/PDF-arrow.png\" alt=\"PDF-arrow\" width=\"104\" height=\"71\"><\/figure><p style=\"padding-left: 30px;\"><\/p>\n<\/div>\n<\/div>\n<\/div>\n\n\n\n<ul>\n<li><a href=\"http:\/\/www.japansk-spisshund.net\/NO\/wp-content\/uploads\/2024\/01\/NJSK-styremote-11.pdf\" target=\"_blank\" rel=\"noreferrer noopener\">Referat fra styrem\u00f8te 09.11.2023<\/a><\/li>\n\n\n\n<li><a href=\"http:\/\/www.japansk-spisshund.net\/NO\/wp-content\/uploads\/2024\/01\/Styremote-Norsk-Japansk-Spisshundklubb-10.pdf\" target=\"_blank\" rel=\"noopener\">Referat fra styrem\u00f8te 07.09.2023<\/a><\/li>\n\n\n\n<li><a href=\"http:\/\/www.japansk-spisshund.net\/NO\/wp-content\/uploads\/2024\/01\/Styremote-Norsk-Japansk-Spisshundklubb-9.pdf\" target=\"_blank\" rel=\"noopener\">Referat fra styrem\u00f8te 04.07.2023<\/a><\/li>\n\n\n\n<li><a href=\"http:\/\/www.japansk-spisshund.net\/NO\/wp-content\/uploads\/2023\/03\/Styrem%C3%B8te-Norsk-Japansk-Spisshundklubb-8.pdf\" target=\"_blank\" rel=\"noopener\">Referat fra styrem\u00f8te 08.03.2023<\/a><\/li>\n\n\n\n<li><a href=\"http:\/\/www.japansk-spisshund.net\/NO\/wp-content\/uploads\/2022\/12\/Styrem\u00f8te-Norsk-Japansk-Spisshundklubb-16.pdf\" target=\"_blank\" rel=\"noopener\">Referat fra styrem\u00f8te 16.11.2022<\/a><\/li>\n\n\n\n<li><a href=\"http:\/\/www.japansk-spisshund.net\/NO\/wp-content\/uploads\/2022\/11\/Navnl%C3%B8s-1pdf.pdf\" target=\"_blank\" rel=\"noopener\">Referat fra styrem\u00f8te 28.09.2022<\/a><\/li>\n\n\n\n<li><a href=\"http:\/\/www.japansk-spisshund.net\/NO\/wp-content\/uploads\/2013\/08\/Referat-fra-styrem\u00f8te-torsdag-2110.pdf\" rel=\"\">Referat fra styrem\u00f8te 21.10.2021<\/a><\/li>\n\n\n\n<li><a href=\"http:\/\/www.japansk-spisshund.net\/NO\/wp-content\/uploads\/2013\/08\/Styrereferat-1.sept_.2021-1.pdf\" rel=\"\">Referat fra styrem\u00f8te 01.09.2021<\/a><\/li>\n\n\n\n<li><a href=\"http:\/\/www.japansk-spisshund.net\/NO\/wp-content\/uploads\/2013\/08\/Referat-styrem\u00f8te-21-januar-2021.pdf\" target=\"_blank\" rel=\"noopener\">Referat fra styrem\u00f8te 21.01.2021<\/a><\/li>\n\n\n\n<li><a href=\"http:\/\/www.japansk-spisshund.net\/NO\/wp-content\/uploads\/2013\/08\/Styrem\u00f8te-21-1.pdf\" target=\"_blank\" rel=\"noopener\">Referat fra styrem\u00f8te 21.10.2020<\/a><\/li>\n\n\n\n<li><a href=\"http:\/\/www.japansk-spisshund.net\/NO\/wp-content\/uploads\/2013\/08\/referat-180820-2.pdf\" target=\"_blank\" rel=\"noopener\">Referat fra styrem\u00f8te 18.08.2020<\/a><\/li>\n<\/ul>\n\n\n\n<div>\n<ul>\n<li><a href=\"http:\/\/www.japansk-spisshund.net\/NO\/wp-content\/uploads\/2020\/04\/STYREM%C3%98TE-23.4.2020.pdf\" target=\"_blank\" rel=\"noopener\">Referat fra styrem\u00f8te 23.04.2020<\/a><\/li>\n<li><a href=\"http:\/\/www.japansk-spisshund.net\/NO\/wp-content\/uploads\/2020\/02\/Referat-styrem%C3%B8te-060220.pdf\" target=\"_blank\" rel=\"noopener\">Referat fra styrem\u00f8te 06.02.2020<\/a><\/li>\n<li><a href=\"http:\/\/www.japansk-spisshund.net\/NO\/wp-content\/uploads\/2020\/02\/Referat-Styrem%C3%B8te-NJSK-28.11.19.pdf\" target=\"_blank\" rel=\"noopener\">Referat fra styrem\u00f8te 28.11.2019<\/a><\/li>\n<li><a href=\"http:\/\/www.japansk-spisshund.net\/NO\/wp-content\/uploads\/2019\/08\/Referat-styrem%C3%B8te-150819.pdf\" target=\"_blank\" rel=\"noopener\">Referat fra styrem\u00f8te 15.08.2019<\/a><\/li>\n<li><a href=\"http:\/\/www.japansk-spisshund.net\/NO\/wp-content\/uploads\/2019\/07\/Referat-styrem%C3%B8te-140319.pdf\" target=\"_blank\" rel=\"noopener\">Referat fra styrem\u00f8te 14.03.2019<\/a><\/li>\n<li><a href=\"http:\/\/www.japansk-spisshund.net\/NO\/wp-content\/uploads\/2019\/07\/Styrem%C3%B8te-11.09.18-referat-2.pdf\" target=\"_blank\" rel=\"noopener\">Referat fra styrem\u00f8te 11.09.2018<\/a><\/li>\n<li><a href=\"http:\/\/www.japansk-spisshund.net\/NO\/wp-content\/uploads\/2018\/03\/Styrem%C3%B8te-NJSK-12.03.18.pdf\" target=\"_blank\" rel=\"noopener\">Referat fra styrem\u00f8te 12.03.2018<\/a><\/li>\n<li><a href=\"http:\/\/www.japansk-spisshund.net\/NO\/wp-content\/uploads\/2018\/01\/REFERAT-STYREM%C3%98TE-NJSK-30-november-2017.pdf\" target=\"_blank\" rel=\"noopener\">Referat fra styrem\u00f8te 30.11.2017<\/a><\/li>\n<li><a href=\"http:\/\/www.japansk-spisshund.net\/NO\/wp-content\/uploads\/2018\/01\/REFERAT-STYREM%C3%98TE-NJSK-juli-2017.pdf\" target=\"_blank\" rel=\"noopener\">Referat fra styrem\u00f8te 06.07.2017<\/a><\/li>\n<li><a href=\"http:\/\/www.japansk-spisshund.net\/NO\/wp-content\/uploads\/2016\/09\/Styrem%C3%B8te-NJSK-august2016.pdf\" target=\"_blank\" rel=\"noopener\">Referat fra styrem\u00f8te 18.08.2016<\/a><\/li>\n<li><a href=\"http:\/\/www.japansk-spisshund.net\/NO\/wp-content\/uploads\/2015\/10\/Referat-styrem\u00f8te-300915.pdf\" target=\"_blank\" rel=\"noopener\">Referat fra styrem\u00f8te 30.09.2015<\/a><\/li>\n<li><a title=\"Referat fra styrem\u00f8te 8. april 2015\" href=\"http:\/\/www.japansk-spisshund.net\/NO\/?page_id=2691\">Referat fra styrem\u00f8te 08.04.2015<\/a><\/li>\n<li><a title=\"Styrem\u00f8te 20.08.2014\" href=\"http:\/\/www.japansk-spisshund.net\/NO\/?page_id=1885\">Referat fra styrem\u00f8te 20.08.2014<\/a><\/li>\n<li><a href=\"http:\/\/www.japansk-spisshund.net\/NO\/wp-content\/uploads\/2014\/05\/Styrem\u00f8te-14.05.14.pdf\" target=\"_blank\" rel=\"noopener\">Referat fra styrem\u00f8te 14.05.2014<\/a><\/li>\n<li><a href=\"http:\/\/www.japansk-spisshund.net\/NO\/wp-content\/uploads\/2014\/01\/Styrem\u00f8te-14.01.14.pdf\" target=\"_blank\" rel=\"noopener\">Referat fra styrem\u00f8te 14.01.2014<\/a><\/li>\n<li><a href=\"http:\/\/www.japansk-spisshund.net\/NO\/wp-content\/uploads\/2013\/08\/Styremote-11.07.13.pdf\">Referat fra styrem\u00f8te 11.07.2013<\/a><\/li>\n<li><a href=\"http:\/\/www.japansk-spisshund.net\/NO\/wp-content\/uploads\/2013\/08\/REFERAT-07.05.13.pdf\">Referat fra styrem\u00f8te 07.05.2013<\/a><\/li>\n<li><a href=\"http:\/\/www.japansk-spisshund.net\/NO\/wp-content\/uploads\/2013\/08\/REFERAT-05.02.13.pdf\">Referat fra styrem\u00f8te 05.02.2013<\/a><\/li>\n<li><a href=\"http:\/\/www.japansk-spisshund.net\/NO\/wp-content\/uploads\/2013\/08\/REFERAT-29.01.13.pdf\">Referat fra styrem\u00f8te 29.01.2013<\/a><\/li>\n<\/ul>\n<\/div>\n\n\n\n\n","protected":false},"excerpt":{"rendered":"<p>REFERATER FRA V\u00c5RE STYREM\u00d8TER Referat fra styrem\u00f8te 23.04.2020 Referat fra styrem\u00f8te 06.02.2020 Referat fra styrem\u00f8te 28.11.2019 Referat fra styrem\u00f8te 15.08.2019 Referat fra styrem\u00f8te 14.03.2019 Referat fra styrem\u00f8te 11.09.2018 Referat fra styrem\u00f8te 12.03.2018 Referat fra styrem\u00f8te 30.11.2017 Referat fra styrem\u00f8te 06.07.2017 Referat fra styrem\u00f8te 18.08.2016 Referat fra styrem\u00f8te 30.09.2015 Referat fra styrem\u00f8te 08.04.2015 Referat fra styrem\u00f8te [&hellip;]<\/p>\n","protected":false},"author":1,"featured_media":0,"parent":54,"menu_order":5,"comment_status":"closed","ping_status":"open","template":"","meta":{"footnotes":""},"_links":{"self":[{"href":"http:\/\/www.japansk-spisshund.net\/NO\/index.php?rest_route=\/wp\/v2\/pages\/55"}],"collection":[{"href":"http:\/\/www.japansk-spisshund.net\/NO\/index.php?rest_route=\/wp\/v2\/pages"}],"about":[{"href":"http:\/\/www.japansk-spisshund.net\/NO\/index.php?rest_route=\/wp\/v2\/types\/page"}],"author":[{"embeddable":true,"href":"http:\/\/www.japansk-spisshund.net\/NO\/index.php?rest_route=\/wp\/v2\/users\/1"}],"replies":[{"embeddable":true,"href":"http:\/\/www.japansk-spisshund.net\/NO\/index.php?rest_route=%2Fwp%2Fv2%2Fcomments&post=55"}],"version-history":[{"count":42,"href":"http:\/\/www.japansk-spisshund.net\/NO\/index.php?rest_route=\/wp\/v2\/pages\/55\/revisions"}],"predecessor-version":[{"id":4564,"href":"http:\/\/www.japansk-spisshund.net\/NO\/index.php?rest_route=\/wp\/v2\/pages\/55\/revisions\/4564"}],"up":[{"embeddable":true,"href":"http:\/\/www.japansk-spisshund.net\/NO\/index.php?rest_route=\/wp\/v2\/pages\/54"}],"wp:attachment":[{"href":"http:\/\/www.japansk-spisshund.net\/NO\/index.php?rest_route=%2Fwp%2Fv2%2Fmedia&parent=55"}],"curies":[{"name":"wp","href":"https:\/\/api.w.org\/{rel}","templated":true}]}}