{"id":54,"date":"2013-08-28T13:01:28","date_gmt":"2013-08-28T11:01:28","guid":{"rendered":"http:\/\/www.japansk-spisshund.net\/NO\/?page_id=54"},"modified":"2025-07-28T19:33:46","modified_gmt":"2025-07-28T17:33:46","slug":"styret","status":"publish","type":"page","link":"http:\/\/www.japansk-spisshund.net\/NO\/?page_id=54","title":{"rendered":"STYRET"},"content":{"rendered":"<table style=\"border-collapse: collapse; table-layout: fixed; width: 119.271%; height: 858px;\" border=\"0\" width=\"1050\" cellspacing=\"0\" cellpadding=\"0\">\n<tbody>\n<tr style=\"height: 26.25pt;\">\n<td class=\"xl67\" style=\"height: 26px; width: 75.6%;\" colspan=\"3\" width=\"754\" height=\"35\">\n<h3>STYREMEDLEMMER &#8211; NORSK JAPANSK SPISSHUNDKLUBB 2025-2026<\/h3>\n<\/td>\n<td style=\"width: 8.1%; height: 26px;\" width=\"80\"><\/td>\n<td style=\"width: 8.1%; height: 26px;\" width=\"80\"><\/td>\n<td style=\"width: 8.1%; height: 26px;\" width=\"80\"><\/td>\n<\/tr>\n<tr style=\"height: 15.0pt;\">\n<td style=\"height: 15px; width: 99.9%;\" colspan=\"6\" height=\"20\">Mail til Styret Sendes hit:\u00a0 <a href=\"mailto:japansk.spisshund@klubb.nkk.no\">japansk.spisshund@klubb.nkk.no<\/a> oppdatert 25.11.2024<\/td>\n<\/tr>\n<tr style=\"height: 15.75pt;\">\n<td class=\"xl65\" style=\"height: 15px; width: 25.2%;\" height=\"21\">\n<h4>Leder &#8211; Chairman<\/h4>\n<\/td>\n<td class=\"xl65\" style=\"width: 25.2%; height: 15px;\">\n<h4>Nestleder &#8211; Vice Chairman<\/h4>\n<\/td>\n<td class=\"xl65\" style=\"width: 25.2%; height: 15px;\">\n<h4>Sekret\u00e6r &#8211; Secretary<\/h4>\n<\/td>\n<td style=\"width: 24.3%; height: 15px;\" colspan=\"3\"><\/td>\n<\/tr>\n<tr style=\"height: 15.0pt;\">\n<td style=\"height: 15px; width: 25.2%;\" height=\"20\">Kai Enerhaugen<\/td>\n<td style=\"width: 25.2%; height: 15px;\">Hilde Skr\u00e5mest\u00f8<\/td>\n<td style=\"width: 25.2%; height: 15px;\">Linnea Arntzen Sviland<\/td>\n<td style=\"width: 24.3%; height: 15px;\" colspan=\"3\"><\/td>\n<\/tr>\n<tr style=\"height: 15.0pt;\">\n<td style=\"height: 15px; width: 25.2%;\" height=\"20\"><\/td>\n<td style=\"width: 25.2%; height: 15px;\"><\/td>\n<td style=\"width: 25.2%; height: 15px;\"><\/td>\n<td style=\"width: 24.3%; height: 15px;\" colspan=\"3\"><\/td>\n<\/tr>\n<tr style=\"height: 15.0pt;\">\n<td style=\"height: 15px; width: 25.2%;\" height=\"20\">Tlf.:<\/td>\n<td style=\"width: 25.2%; height: 15px;\">Tlf.:<\/td>\n<td style=\"width: 25.2%; height: 15px;\">Tlf.:<\/td>\n<td style=\"width: 24.3%; height: 15px;\" colspan=\"3\"><\/td>\n<\/tr>\n<tr style=\"height: 15.0pt;\">\n<td style=\"height: 15px; width: 25.2%;\" height=\"20\"><\/td>\n<td style=\"width: 25.2%; height: 15px;\"><\/td>\n<td style=\"width: 25.2%; height: 15px;\"><\/td>\n<td style=\"width: 24.3%; height: 15px;\" colspan=\"3\"><\/td>\n<\/tr>\n<tr style=\"height: 15.0pt;\">\n<td class=\"xl66\" style=\"height: 15px; width: 25.2%;\" height=\"20\"><\/td>\n<td class=\"xl66\" style=\"width: 25.2%; height: 15px;\"><\/td>\n<td class=\"xl66\" style=\"width: 25.2%; height: 15px;\"><\/td>\n<td style=\"width: 24.3%; height: 15px;\" colspan=\"3\"><\/td>\n<\/tr>\n<tr style=\"height: 15.0pt;\">\n<td class=\"xl66\" style=\"height: 15px; width: 25.2%;\" height=\"20\"><\/td>\n<td class=\"xl66\" style=\"width: 25.2%; height: 15px;\"><\/td>\n<td style=\"width: 49.5%; height: 15px;\" colspan=\"4\"><\/td>\n<\/tr>\n<tr style=\"height: 15.0pt;\">\n<td style=\"height: 15px; width: 99.9%;\" colspan=\"6\" height=\"20\"><\/td>\n<\/tr>\n<tr style=\"height: 15.75pt;\">\n<td class=\"xl65\" style=\"height: 15px; width: 25.2%;\" height=\"21\">\n<h4>Kasserer &#8211; Treasurer<\/h4>\n<\/td>\n<td class=\"xl65\" style=\"width: 25.2%; height: 15px;\">\n<h4>Styremedlem &#8211; Board member<\/h4>\n<\/td>\n<td class=\"xl65\" style=\"width: 25.2%; height: 15px;\">\n<h4>Styremedlem &#8211; Board member<\/h4>\n<\/td>\n<td style=\"width: 24.3%; height: 15px;\" colspan=\"3\"><\/td>\n<\/tr>\n<tr style=\"height: 15.0pt;\">\n<td style=\"height: 15px; width: 25.2%;\" height=\"20\">Chris Gj\u00f8ran T. Askim<\/td>\n<td style=\"width: 25.2%; height: 15px;\">Heidi Apeland<\/td>\n<td style=\"width: 25.2%; height: 15px;\">Jostein Taule<\/td>\n<td style=\"width: 24.3%; height: 15px;\" colspan=\"3\"><\/td>\n<\/tr>\n<tr style=\"height: 15.0pt;\">\n<td style=\"height: 15px; width: 25.2%;\" height=\"20\"><\/td>\n<td style=\"width: 25.2%; height: 15px;\"><\/td>\n<td style=\"width: 25.2%; height: 15px;\"><\/td>\n<td style=\"width: 24.3%; height: 15px;\" colspan=\"3\"><\/td>\n<\/tr>\n<tr style=\"height: 15.0pt;\">\n<td style=\"height: 15px; width: 25.2%;\" height=\"20\">Tlf.:<\/td>\n<td style=\"width: 25.2%; height: 15px;\">Tlf.:<\/td>\n<td style=\"width: 25.2%; height: 15px;\">Tlf.:<\/td>\n<td style=\"width: 24.3%; height: 15px;\" colspan=\"3\"><\/td>\n<\/tr>\n<tr style=\"height: 15.0pt;\">\n<td style=\"height: 15px; width: 25.2%;\" height=\"20\"><\/td>\n<td style=\"width: 25.2%; height: 15px;\"><\/td>\n<td style=\"width: 25.2%; height: 15px;\"><\/td>\n<td style=\"width: 24.3%; height: 15px;\" colspan=\"3\"><\/td>\n<\/tr>\n<tr style=\"height: 15.0pt;\">\n<td class=\"xl66\" style=\"height: 15px; width: 25.2%;\" height=\"20\"><\/td>\n<td class=\"xl66\" style=\"width: 25.2%; height: 15px;\"><\/td>\n<td class=\"xl66\" style=\"width: 25.2%; height: 15px;\"><\/td>\n<td style=\"width: 24.3%; height: 15px;\" colspan=\"3\"><\/td>\n<\/tr>\n<tr style=\"height: 30.0pt; mso-xlrowspan: 2;\">\n<td style=\"height: 30px; width: 99.9%;\" colspan=\"6\" height=\"40\"><\/td>\n<\/tr>\n<tr style=\"height: 15.75pt;\">\n<td class=\"xl65\" style=\"height: 15px; width: 25.2%;\" height=\"21\">\n<h4>Varamedlem &#8211; Vice member<\/h4>\n<\/td>\n<td class=\"xl65\" style=\"width: 25.2%; height: 15px;\">\n<h4><\/h4>\n<\/td>\n<td class=\"xl65\" style=\"width: 25.2%; height: 15px;\"><\/td>\n<td style=\"width: 24.3%; height: 15px;\" colspan=\"3\"><\/td>\n<\/tr>\n<tr style=\"height: 15.0pt;\">\n<td style=\"height: 15px; width: 25.2%;\" height=\"20\">Ann Elisabeth Foss Gravingen<\/td>\n<td style=\"width: 25.2%; height: 15px;\"><\/td>\n<td style=\"width: 49.5%; height: 15px;\" colspan=\"4\"><\/td>\n<\/tr>\n<tr style=\"height: 15.0pt;\">\n<td style=\"height: 15px; width: 25.2%;\" height=\"20\"><\/td>\n<td style=\"width: 25.2%; height: 15px;\"><\/td>\n<td style=\"width: 49.5%; height: 15px;\" colspan=\"4\"><\/td>\n<\/tr>\n<tr style=\"height: 15.0pt;\">\n<td style=\"height: 15px; width: 25.2%;\" height=\"20\"><\/td>\n<td style=\"width: 25.2%; height: 15px;\"><\/td>\n<td style=\"width: 49.5%; height: 15px;\" colspan=\"4\"><\/td>\n<\/tr>\n<tr style=\"height: 15.0pt;\">\n<td style=\"height: 15px; width: 25.2%;\" height=\"20\"><\/td>\n<td style=\"width: 25.2%; height: 15px;\"><\/td>\n<td style=\"width: 49.5%; height: 15px;\" colspan=\"4\"><\/td>\n<\/tr>\n<tr style=\"height: 15.0pt;\">\n<td class=\"xl66\" style=\"height: 15px; width: 25.2%;\" height=\"20\"><\/td>\n<td class=\"xl66\" style=\"width: 25.2%; height: 15px;\"><\/td>\n<td style=\"width: 49.5%; height: 15px;\" colspan=\"4\"><\/td>\n<\/tr>\n<tr style=\"height: 30.0pt; mso-xlrowspan: 2;\">\n<td style=\"height: 30px; width: 99.9%;\" colspan=\"6\" height=\"40\"><\/td>\n<\/tr>\n<tr style=\"height: 15.75pt;\">\n<td class=\"xl65\" style=\"height: 15px; width: 25.2%;\" height=\"21\">\n<h4>Valgkomit\u00e9 medlem #1<\/h4>\n<\/td>\n<td class=\"xl65\" style=\"width: 25.2%; height: 15px;\">\n<h4>Valgkomit\u00e9 medlem #2<\/h4>\n<\/td>\n<td class=\"xl65\" style=\"width: 25.2%; height: 15px;\">\n<h4>Valgkomit\u00e9 medlem #3<\/h4>\n<\/td>\n<td style=\"width: 24.3%; height: 15px;\" colspan=\"3\"><\/td>\n<\/tr>\n<tr style=\"height: 15.0pt;\">\n<td style=\"height: 15px; width: 25.2%;\" height=\"20\">Marit Totland<\/td>\n<td style=\"width: 25.2%; height: 15px;\">Irene Mjelde<\/td>\n<td style=\"width: 25.2%; height: 15px;\">Mette Iren Ingebrigtsen<\/td>\n<td style=\"width: 24.3%; height: 15px;\" colspan=\"3\"><\/td>\n<\/tr>\n<tr style=\"height: 15.0pt;\">\n<td style=\"height: 15px; width: 25.2%;\" height=\"20\"><\/td>\n<td style=\"width: 25.2%; height: 15px;\"><\/td>\n<td style=\"width: 25.2%; height: 15px;\"><\/td>\n<td style=\"width: 24.3%; height: 15px;\" colspan=\"3\"><\/td>\n<\/tr>\n<tr style=\"height: 15.0pt;\">\n<td style=\"height: 15px; width: 25.2%;\" height=\"20\"><\/td>\n<td style=\"width: 25.2%; height: 15px;\"><\/td>\n<td style=\"width: 25.2%; height: 15px;\"><\/td>\n<td style=\"width: 24.3%; height: 15px;\" colspan=\"3\"><\/td>\n<\/tr>\n<tr style=\"height: 15.75pt;\">\n<td style=\"height: 15px; width: 25.2%;\" height=\"21\"><\/td>\n<td style=\"width: 25.2%; height: 15px;\"><\/td>\n<td style=\"width: 25.2%; height: 15px;\"><\/td>\n<td style=\"width: 8.1%; height: 15px;\"><\/td>\n<td class=\"xl65\" style=\"width: 8.1%; height: 15px;\"><\/td>\n<td class=\"xl65\" style=\"width: 8.1%; height: 15px;\"><\/td>\n<\/tr>\n<tr style=\"height: 15.0pt;\">\n<td class=\"xl66\" style=\"height: 15px; width: 25.2%;\" height=\"20\"><\/td>\n<td class=\"xl66\" style=\"width: 25.2%; height: 15px;\"><\/td>\n<td class=\"xl66\" style=\"width: 25.2%; height: 15px;\"><\/td>\n<td style=\"width: 24.3%; height: 15px;\" colspan=\"3\"><\/td>\n<\/tr>\n<tr style=\"height: 30.0pt; mso-xlrowspan: 2;\">\n<td style=\"height: 30px; width: 99.9%;\" colspan=\"6\" height=\"40\"><\/td>\n<\/tr>\n<tr style=\"height: 15.75pt;\">\n<td class=\"xl65\" style=\"height: 15px; width: 25.2%;\" height=\"21\">\n<h4>Valgkomit\u00e9 varamedlem<\/h4>\n<\/td>\n<td class=\"xl65\" style=\"width: 25.2%; height: 15px;\">\n<h4>Revisor<\/h4>\n<\/td>\n<td class=\"xl65\" style=\"width: 25.2%; height: 15px;\">\n<h4>Vararevisor<\/h4>\n<\/td>\n<td style=\"width: 24.3%; height: 15px;\" colspan=\"3\"><\/td>\n<\/tr>\n<tr style=\"height: 15.0pt;\">\n<td style=\"height: 15px; width: 25.2%;\" height=\"20\">xxx<\/td>\n<td style=\"width: 25.2%; height: 15px;\">Jorun Roaldset<\/td>\n<td style=\"width: 25.2%; height: 15px;\">xxx<\/td>\n<td style=\"width: 8.1%; height: 15px;\"><\/td>\n<td class=\"xl66\" style=\"width: 8.1%; height: 15px;\"><\/td>\n<td style=\"width: 8.1%; height: 15px;\"><\/td>\n<\/tr>\n<tr style=\"height: 15.0pt;\">\n<td style=\"height: 15px; width: 25.2%;\" height=\"20\"><\/td>\n<td style=\"width: 25.2%; height: 15px;\"><\/td>\n<td style=\"width: 49.5%; height: 15px;\" colspan=\"4\"><\/td>\n<\/tr>\n<tr style=\"height: 15.0pt;\">\n<td style=\"height: 15px; width: 25.2%;\" height=\"20\"><\/td>\n<td style=\"width: 25.2%; height: 15px;\">Tlf.:<\/td>\n<td style=\"width: 49.5%; height: 15px;\" colspan=\"4\"><\/td>\n<\/tr>\n<tr style=\"height: 15.0pt;\">\n<td style=\"height: 15px; width: 25.2%;\" height=\"20\"><\/td>\n<td style=\"width: 25.2%; height: 15px;\"><\/td>\n<td style=\"width: 49.5%; height: 15px;\" colspan=\"4\"><\/td>\n<\/tr>\n<tr style=\"height: 15.0pt;\">\n<td class=\"xl66\" style=\"height: 15px; width: 25.2%;\" height=\"20\"><\/td>\n<td class=\"xl66\" style=\"width: 25.2%; height: 15px;\"><\/td>\n<td style=\"width: 49.5%; height: 15px;\" colspan=\"4\"><\/td>\n<\/tr>\n<tr style=\"height: 30.0pt; mso-xlrowspan: 2;\">\n<td style=\"height: 30px; width: 99.9%;\" colspan=\"6\" height=\"40\"><\/td>\n<\/tr>\n<tr style=\"height: 15.75pt;\">\n<td class=\"xl65\" style=\"height: 15px; width: 25.2%;\" height=\"21\">\n<h4>Avlsr\u00e5dsmedlem #1<\/h4>\n<\/td>\n<td class=\"xl65\" style=\"width: 25.2%; height: 15px;\">\n<h4>Avlsr\u00e5dsmedlem #2<\/h4>\n<\/td>\n<td class=\"xl65\" style=\"width: 25.2%; height: 15px;\">\n<h4>Avlsr\u00e5dmedlem #3<\/h4>\n<\/td>\n<td style=\"width: 24.3%; height: 15px;\" colspan=\"3\">\n<h4><\/h4>\n<\/td>\n<\/tr>\n<tr style=\"height: 15.0pt;\">\n<td style=\"height: 15px; width: 25.2%;\" height=\"20\">Tore Botten<\/td>\n<td style=\"width: 25.2%; height: 15px;\">Monica Skauby<\/td>\n<td style=\"width: 25.2%; height: 15px;\">Grethe Malvik Nykkelmo<\/td>\n<td style=\"width: 24.3%; height: 15px;\" colspan=\"3\"><\/td>\n<\/tr>\n<tr style=\"height: 15.0pt;\">\n<td style=\"height: 15px; width: 25.2%;\" height=\"20\"><\/td>\n<td style=\"width: 25.2%; height: 15px;\"><\/td>\n<td style=\"width: 49.5%; height: 15px;\" colspan=\"4\"><\/td>\n<\/tr>\n<tr style=\"height: 15.0pt;\">\n<td style=\"height: 15px; width: 25.2%;\" height=\"20\">Ridabu<\/td>\n<td style=\"width: 25.2%; height: 15px;\">Selbu<\/td>\n<td style=\"width: 49.5%; height: 15px;\" colspan=\"4\"><\/td>\n<\/tr>\n<tr style=\"height: 15.0pt;\">\n<td style=\"height: 15px; width: 25.2%;\" height=\"20\">951 92 430<\/td>\n<td style=\"width: 25.2%; height: 15px;\"><\/td>\n<td style=\"width: 25.2%; height: 15px;\"><\/td>\n<td style=\"width: 24.3%; height: 15px;\" colspan=\"3\"><\/td>\n<\/tr>\n<tr style=\"height: 15.0pt;\">\n<td class=\"xl66\" style=\"height: 15px; width: 25.2%;\" height=\"20\"><a href=\"mailto:avlsrad@japansk-spisshund.net\">avlsrad@japansk-spisshund.net<\/a><\/td>\n<td class=\"xl66\" style=\"width: 25.2%; height: 15px;\"><a href=\"mailto:avlsrad@japansk-spisshund.net\">avlsrad@japansk-spisshund.net<\/a><\/td>\n<td class=\"xl66\" style=\"width: 25.2%; height: 15px;\"><a href=\"mailto:avlsrad@japansk-spisshund.net\">avlsrad@japansk-spisshund.net<\/a><\/td>\n<td style=\"width: 24.3%; height: 15px;\" colspan=\"3\"><\/td>\n<\/tr>\n<tr style=\"height: 15.0pt;\">\n<td class=\"xl66\" style=\"height: 22px; width: 25.2%;\" height=\"20\"><a href=\"mailto:botten.tore@gmail.com\" target=\"_parent\" rel=\"noopener\">botten.tore@gmail.com<\/a><\/td>\n<td class=\"xl66\" style=\"width: 25.2%; height: 22px;\"><\/td>\n<td style=\"width: 49.5%; height: 22px;\" colspan=\"4\"><\/td>\n<\/tr>\n<tr style=\"height: 15.0pt;\">\n<td style=\"height: 15px; width: 99.9%;\" colspan=\"6\" height=\"20\"><\/td>\n<\/tr>\n<tr style=\"height: 15.75pt;\">\n<td class=\"xl65\" style=\"height: 15px; width: 25.2%;\" height=\"21\">\n<h4>Valpeformidler:<\/h4>\n<\/td>\n<td class=\"xl65\" style=\"width: 25.2%; height: 15px;\">\n<h4>Web-ansvarlig:<\/h4>\n<\/td>\n<td class=\"xl65\" style=\"width: 25.2%; height: 15px;\">\n<h4>Mestvinnerliste &amp; resultater:<\/h4>\n<\/td>\n<td style=\"width: 24.3%; height: 15px;\" colspan=\"3\"><\/td>\n<\/tr>\n<tr style=\"height: 15.0pt;\">\n<td style=\"height: 15px; width: 25.2%;\" height=\"20\">Ann-Helen S\u00f8rensen<\/td>\n<td style=\"width: 25.2%; height: 15px;\">Jenny Christine Hildrum<\/td>\n<td style=\"width: 25.2%; height: 15px;\">Jenny Christine Hildrum<\/td>\n<td style=\"width: 24.3%; height: 15px;\" colspan=\"3\"><\/td>\n<\/tr>\n<tr style=\"height: 15.0pt;\">\n<td style=\"height: 15px; width: 25.2%;\" height=\"20\">Harstad<\/td>\n<td style=\"width: 25.2%; height: 15px;\">&amp; Lise K. Sunnan\u00e5<\/td>\n<td style=\"width: 25.2%; height: 15px;\">Tlf.<\/td>\n<td style=\"width: 24.3%; height: 15px;\" colspan=\"3\"><\/td>\n<\/tr>\n<tr style=\"height: 15.0pt;\">\n<td class=\"xl66\" style=\"height: 15px; width: 25.2%;\" height=\"20\">905 10 943<\/td>\n<td class=\"xl66\" style=\"width: 25.2%; height: 15px;\"><a href=\"mailto:homepage@japansk-spisshund.net\" target=\"_parent\" rel=\"noopener\">homepage@japansk-spisshund.net<\/a><\/td>\n<td class=\"xl66\" style=\"width: 25.2%; height: 15px;\"><a href=\"mailto:mestvinnernjsk@hotmail.com\">mestvinnernjsk@hotmail.com<\/a><\/td>\n<td style=\"width: 24.3%; height: 15px;\" colspan=\"3\"><\/td>\n<\/tr>\n<tr style=\"page-break-before: always; height: 15.0pt;\">\n<td style=\"height: 15px; width: 99.9%;\" colspan=\"6\" height=\"20\"><a href=\"mailto:ann-h-so@hotmail.com\" target=\"_parent\" rel=\"noopener\">ann-h-so@hotmail.com<\/a><\/td>\n<\/tr>\n<tr style=\"height: 15.0pt;\">\n<td class=\"xl66\" style=\"height: 15px; width: 25.2%;\" height=\"20\"><\/td>\n<td style=\"width: 74.7%; height: 15px;\" colspan=\"5\">VI S\u00d8KER REDAKT\u00d8R, Kontakt Styret.<\/td>\n<\/tr>\n<tr style=\"display: none;\">\n<td style=\"width: 25.2%; height: 0px;\" width=\"252\"><\/td>\n<td style=\"width: 25.2%; height: 0px;\" width=\"247\"><\/td>\n<td style=\"width: 25.2%; height: 0px;\" width=\"255\"><\/td>\n<td style=\"width: 8.1%; height: 0px;\" width=\"80\"><\/td>\n<td style=\"width: 8.1%; height: 0px;\" width=\"80\"><\/td>\n<td style=\"width: 8.1%; height: 0px;\" width=\"80\"><\/td>\n<\/tr>\n<\/tbody>\n<\/table>\n<div id=\"gtx-trans\" style=\"position: absolute; left: 90px; top: 51.4375px;\"><\/div>\n","protected":false},"excerpt":{"rendered":"<p>STYREMEDLEMMER &#8211; NORSK JAPANSK SPISSHUNDKLUBB 2025-2026 Mail til Styret Sendes hit:\u00a0 japansk.spisshund@klubb.nkk.no oppdatert 25.11.2024 Leder &#8211; Chairman Nestleder &#8211; Vice Chairman Sekret\u00e6r &#8211; Secretary Kai Enerhaugen Hilde Skr\u00e5mest\u00f8 Linnea Arntzen Sviland Tlf.: Tlf.: Tlf.: Kasserer &#8211; Treasurer Styremedlem &#8211; Board member Styremedlem &#8211; Board member Chris Gj\u00f8ran T. Askim Heidi Apeland Jostein Taule Tlf.: Tlf.: [&hellip;]<\/p>\n","protected":false},"author":1,"featured_media":0,"parent":0,"menu_order":4,"comment_status":"closed","ping_status":"open","template":"","meta":{"footnotes":""},"_links":{"self":[{"href":"http:\/\/www.japansk-spisshund.net\/NO\/index.php?rest_route=\/wp\/v2\/pages\/54"}],"collection":[{"href":"http:\/\/www.japansk-spisshund.net\/NO\/index.php?rest_route=\/wp\/v2\/pages"}],"about":[{"href":"http:\/\/www.japansk-spisshund.net\/NO\/index.php?rest_route=\/wp\/v2\/types\/page"}],"author":[{"embeddable":true,"href":"http:\/\/www.japansk-spisshund.net\/NO\/index.php?rest_route=\/wp\/v2\/users\/1"}],"replies":[{"embeddable":true,"href":"http:\/\/www.japansk-spisshund.net\/NO\/index.php?rest_route=%2Fwp%2Fv2%2Fcomments&post=54"}],"version-history":[{"count":116,"href":"http:\/\/www.japansk-spisshund.net\/NO\/index.php?rest_route=\/wp\/v2\/pages\/54\/revisions"}],"predecessor-version":[{"id":4574,"href":"http:\/\/www.japansk-spisshund.net\/NO\/index.php?rest_route=\/wp\/v2\/pages\/54\/revisions\/4574"}],"wp:attachment":[{"href":"http:\/\/www.japansk-spisshund.net\/NO\/index.php?rest_route=%2Fwp%2Fv2%2Fmedia&parent=54"}],"curies":[{"name":"wp","href":"https:\/\/api.w.org\/{rel}","templated":true}]}}