{"id":51,"date":"2013-08-28T13:01:25","date_gmt":"2013-08-28T11:01:25","guid":{"rendered":"http:\/\/www.japansk-spisshund.net\/NO\/?page_id=51"},"modified":"2024-01-28T19:44:36","modified_gmt":"2024-01-28T18:44:36","slug":"hjem","status":"publish","type":"page","link":"http:\/\/www.japansk-spisshund.net\/NO\/","title":{"rendered":"Hjem"},"content":{"rendered":"<div class=\"Kdesign-content-layout-wrapper layout-item-0\">\n<div class=\"Kdesign-content-layout layout-item-1\">\n<div class=\"Kdesign-content-layout-row\">\n<div class=\"Kdesign-layout-cell layout-item-2\" style=\"width: 50%;\">\n<p><a href=\"http:\/\/www.japansk-spisshund.net\/NO\/\"><img loading=\"lazy\" decoding=\"async\" class=\"Kdesign-lightbox\" style=\"margin-top: 0px; margin-left: 30px;\" src=\"http:\/\/www.japansk-spisshund.net\/NO\/wp-content\/uploads\/2013\/08\/jsdraw.gif\" alt=\"\" width=\"358\" height=\"240\" \/><\/a><\/p>\n<\/div>\n<div class=\"Kdesign-layout-cell layout-item-3\" style=\"width: 50%;\">\n<h3>Velkommen til NJSK&#8217;s offisielle hjemmeside<\/h3>\n<h3>Welcome to NJSK&#8217;s official homepage<\/h3>\n<p>Norsk Japansk Spisshundklubb ble grunnlagt i 1979.<\/p>\n<p>Vi arrangerer spesialutstilling hver sommer!<\/p>\n<p>Dere er velkomne til \u00e5 benytte v\u00e5re tilbud p\u00e5 hjemmesiden b\u00e5de n\u00e5r det gjelder VALPEHENVISNING, AVLSHANNER og OPPDRETTERSIDEN v\u00e5r. Tjenestene er forbeholdt medlemmer av NJSK.<\/p>\n<h3><strong>NB: NJSK ER ANSVARLIG FOR ALT INNHOLD P\u00c5 DENNE SIDEN, KONTAKT STYRET VED SP\u00d8RSM\u00c5L.<\/strong><\/h3>\n<\/div>\n<\/div>\n<\/div>\n<\/div>\n<div class=\"Kdesign-content-layout-wrapper layout-item-0\">\n<div class=\"Kdesign-content-layout layout-item-4\">\n<div class=\"Kdesign-content-layout-row\">\n<div class=\"Kdesign-layout-cell layout-item-5\" style=\"width: 50%;\">\n<h4 style=\"text-align: center;\">NJSK&#8217;s NYHETER\/NEWS<\/h4>\n<p style=\"text-align: center;\"><a title=\"Blog Page\" href=\"http:\/\/www.japansk-spisshund.net\/NO\/?page_id=53\"><img loading=\"lazy\" decoding=\"async\" class=\"Kdesign-lightbox\" src=\"http:\/\/www.japansk-spisshund.net\/NO\/wp-content\/uploads\/2013\/08\/news.png\" alt=\"\" width=\"90\" height=\"90\" \/><\/a><\/p>\n<p>Hvis du \u00f8nsker \u00e5 lese hva som sist ble oppdatert p\u00e5 siden, bes\u00f8k nyhetssiden!<br \/>\nIf you want to read the latest updates on the website, simply visit the news page!<\/p>\n<p style=\"text-align: right;\"><a class=\"Kdesign-button\" href=\"http:\/\/www.japansk-spisshund.net\/NO\/?page_id=53\">LES MER<\/a><\/p>\n<\/div>\n<div class=\"Kdesign-layout-cell layout-item-5\" style=\"width: 50%;\">\n<h4 style=\"text-align: center;\">Kontakt &#8211; Contact<\/h4>\n<p style=\"text-align: center;\"><a title=\"Kontakt oss\" href=\"http:\/\/www.japansk-spisshund.net\/NO\/?page_id=56\"><img loading=\"lazy\" decoding=\"async\" class=\"Kdesign-lightbox\" src=\"http:\/\/www.japansk-spisshund.net\/NO\/wp-content\/uploads\/2013\/08\/contact.png\" alt=\"\" width=\"90\" height=\"90\" \/><\/a><\/p>\n<p style=\"text-align: center;\">Du er velkommen til \u00e5 kontakte oss hvis du leter etter info.<\/p>\n<p><span style=\"font-weight: bold;\">\u00a0<\/span><\/p>\n<p style=\"text-align: center;\"><span style=\"font-weight: bold;\">Please fill in the form, and we will contact you!<\/span><\/p>\n<p><span style=\"font-weight: bold;\">\u00a0<\/span><\/p>\n<p style=\"text-align: right;\"><a class=\"Kdesign-button\" href=\"http:\/\/www.japansk-spisshund.net\/NO\/?page_id=56\">LES MER<\/a><\/p>\n<\/div>\n<\/div>\n<\/div>\n<\/div>\n","protected":false},"excerpt":{"rendered":"<p>Velkommen til NJSK&#8217;s offisielle hjemmeside Welcome to NJSK&#8217;s official homepage Norsk Japansk Spisshundklubb ble grunnlagt i 1979. Vi arrangerer spesialutstilling hver sommer! Dere er velkomne til \u00e5 benytte v\u00e5re tilbud p\u00e5 hjemmesiden b\u00e5de n\u00e5r det gjelder VALPEHENVISNING, AVLSHANNER og OPPDRETTERSIDEN v\u00e5r. Tjenestene er forbeholdt medlemmer av NJSK. NB: NJSK ER ANSVARLIG FOR ALT INNHOLD P\u00c5 [&hellip;]<\/p>\n","protected":false},"author":1,"featured_media":0,"parent":0,"menu_order":1,"comment_status":"closed","ping_status":"open","template":"Splash-page.php","meta":{"footnotes":""},"_links":{"self":[{"href":"http:\/\/www.japansk-spisshund.net\/NO\/index.php?rest_route=\/wp\/v2\/pages\/51"}],"collection":[{"href":"http:\/\/www.japansk-spisshund.net\/NO\/index.php?rest_route=\/wp\/v2\/pages"}],"about":[{"href":"http:\/\/www.japansk-spisshund.net\/NO\/index.php?rest_route=\/wp\/v2\/types\/page"}],"author":[{"embeddable":true,"href":"http:\/\/www.japansk-spisshund.net\/NO\/index.php?rest_route=\/wp\/v2\/users\/1"}],"replies":[{"embeddable":true,"href":"http:\/\/www.japansk-spisshund.net\/NO\/index.php?rest_route=%2Fwp%2Fv2%2Fcomments&post=51"}],"version-history":[{"count":17,"href":"http:\/\/www.japansk-spisshund.net\/NO\/index.php?rest_route=\/wp\/v2\/pages\/51\/revisions"}],"predecessor-version":[{"id":4504,"href":"http:\/\/www.japansk-spisshund.net\/NO\/index.php?rest_route=\/wp\/v2\/pages\/51\/revisions\/4504"}],"wp:attachment":[{"href":"http:\/\/www.japansk-spisshund.net\/NO\/index.php?rest_route=%2Fwp%2Fv2%2Fmedia&parent=51"}],"curies":[{"name":"wp","href":"https:\/\/api.w.org\/{rel}","templated":true}]}}