{"id":3601,"date":"2018-05-30T19:39:11","date_gmt":"2018-05-30T17:39:11","guid":{"rendered":"http:\/\/www.japansk-spisshund.net\/NO\/?page_id=3601"},"modified":"2018-06-03T20:57:14","modified_gmt":"2018-06-03T18:57:14","slug":"njsk-spesialutstilling-2018","status":"publish","type":"page","link":"http:\/\/www.japansk-spisshund.net\/NO\/?page_id=3601","title":{"rendered":"NJSK Spesialutstilling 2018"},"content":{"rendered":"<p><strong>Norsk Japansk Spisshundklubb \u00f8nsker velkommen til spesialutstilling for Japansk Spisshund \u2013 valper og voksne, i \u00c5l i Hallingdal, l\u00f8rdag 23. juni 2018<\/strong><\/p>\n<p>&nbsp;<\/p>\n<p><strong>Sted: Torpomoen, \u00c5l<\/strong><strong>\u00a0<img loading=\"lazy\" decoding=\"async\" class=\"size-medium wp-image-27 alignleft\" src=\"http:\/\/www.japansk-spisshund.net\/NO\/wp-content\/uploads\/2013\/08\/jsdraw-300x201.gif\" alt=\"jsdraw\" width=\"300\" height=\"201\" \/><\/strong><strong><br \/>\n<\/strong><strong>Dato: 23. juni 2018<br \/>\nDommer: Tino Pehar (Kroatia)<br \/>\nP\u00e5meldingsfrist: 10. juni 2018<\/strong><\/p>\n<p><strong>Priser<\/strong>: eksteri\u00f8r (alle klasser): 375 kr, valper 275 kr<br \/>\nElektronisk p\u00e5melding til utstillingen: <a href=\"http:\/\/www.nkk.no\">www.nkk.no<\/a><br \/>\nF.o.m. tredje p\u00e5meldte hund med samme registrerte eier gis 50 % rabatt (gjelder ikke valp). Utstillingen avholdes etter NKKs gjeldende utstillingsregler. Det tas forbehold om eventuell dommerendring.<\/p>\n<p>&nbsp;<\/p>\n<p><strong><u>PROGRAM FOR HELGEN:<\/u><\/strong><\/p>\n<p><strong>Fredag:<\/strong><\/p>\n<ul>\n<li>\u00c5rsm\u00f8te avholdes kl. 19 (<a href=\"http:\/\/www.japansk-spisshund.net\/NO\/?p=3615\">klikk her for \u00e5 lese \u00e5rsmelding m.m.<\/a>)<\/li>\n<li>Felles grilling, grill er p\u00e5 plassen, ta med mat og drikke selv. Grillen er varm fra kl. 20<\/li>\n<li>Quiz, med premie til vinnerlaget.<\/li>\n<\/ul>\n<p><strong>L\u00f8rdag<\/strong><\/p>\n<ul>\n<li>Utstillingen begynner kl. 10 (<span style=\"color: #ff0000;\">husk p\u00e5melding via nkk.no innen 10\/6<\/span>)<\/li>\n<li>Lotteri etter utstillingen, veldig fint om alle kan ta med premier i \u00e5r ogs\u00e5!<\/li>\n<li>Det blir salg av vafler, kake, p\u00f8lser, brus og kaffe i kiosken.\u00a0I kiosken kan du betale med kontanter eller Vipps: <strong>515400<\/strong><\/li>\n<li>Middag kl. 19, med utdeling av \u00ab\u00c5rets\u00bb rosetter. Pris: NOK 200.- pr. voksen.\n<ul>\n<li>P\u00e5melding ved betaling til kontonummer <strong>0530.44.27746<\/strong> eller Vipps: <strong>515400 <\/strong>innen 10\/6.<\/li>\n<li>Husk \u00e5 merke betalingen med hvilken rett du \u00f8nsker; av f\u00f8lgende:<\/li>\n<\/ul>\n<\/li>\n<\/ul>\n<ol>\n<li><em>Biff stroganoff gryte, serveres med ris, salat, sylteagurk, r\u00f8dbeter, baguette og sm\u00f8r.<\/em><\/li>\n<li><em>Kylling curry gryte, serveres med ris, salat, baguette og sm\u00f8r.<\/em><\/li>\n<\/ol>\n<p>Si fra om du har barn med som vil spise, da vi har p\u00f8lser til barna.<\/p>\n<p><strong>S\u00f8ndag<\/strong><\/p>\n<ul>\n<li>Vi fortsetter som tidligere \u00e5r, og avslutter helgen med lek og moro. Det skal k\u00e5res; beste hode, raskeste japaner, beste bevegelser, gladeste hale og beste par. Ta med en hund eller flere, og ha det kjekt\u00a0 \ud83d\ude42<\/li>\n<li>Barn og hund (hvis det kommer barn)<\/li>\n<\/ul>\n<p>&nbsp;<\/p>\n<p>Det er muligheter for overnatting p\u00e5 utstillingsplassen. B\u00e5de enkelt-\/dobbelt- og familierom, samt plass for bobil, caravan og telt. Dette betales direkte til Torpomoen n\u00e5r man kommer til plassen.<\/p>\n<p>Bestilling via denne linken: <strong><a href=\"https:\/\/adaptit.enovate.no\/adapt-it\/eventlist#\/signup\/KURSPORTEN\/be98a1046107db3e0161089be1a904a2\" target=\"_blank\">https:\/\/adaptit.enovate.no\/adapt-it\/eventlist#\/signup\/KURSPORTEN\/be98a1046107db3e0161089be1a904a2<\/a><\/strong><\/p>\n<p>Ta med godt hum\u00f8r, en hund eller ti og kom. Tips gjerne venner, valpekj\u00f8pere osv. om helgen, jo flere jo bedre, er det ikke s\u00e5nn?\u00a0 \ud83d\ude42<\/p>\n<p>&nbsp;<\/p>\n<p><strong>Velkommen til en knall hundehelg!<\/strong><\/p>\n<p><strong>\u00a0<\/strong><\/p>\n<p><strong>Hilsen utstillingskomiteen<\/strong><\/p>\n<p><strong>Ketil, Helle, Ket og Catharina<\/strong><\/p>\n<p>&nbsp;<\/p>\n<h3><a href=\"http:\/\/www.japansk-spisshund.net\/NO\/wp-content\/uploads\/2018\/05\/Innbydelse-%C3%85l-20184.pdf\" target=\"_blank\">LAST NED PRINTERVENNLIG VERSJON AV DENNE SIDEN HER!<\/a><\/h3>\n","protected":false},"excerpt":{"rendered":"<p>Norsk Japansk Spisshundklubb \u00f8nsker velkommen til spesialutstilling for Japansk Spisshund \u2013 valper og voksne, i \u00c5l i Hallingdal, l\u00f8rdag 23. juni 2018 &nbsp; Sted: Torpomoen, \u00c5l\u00a0 Dato: 23. juni 2018 Dommer: Tino Pehar (Kroatia) P\u00e5meldingsfrist: 10. juni 2018 Priser: eksteri\u00f8r (alle klasser): 375 kr, valper 275 kr Elektronisk p\u00e5melding til utstillingen: www.nkk.no F.o.m. tredje p\u00e5meldte [&hellip;]<\/p>\n","protected":false},"author":1,"featured_media":0,"parent":71,"menu_order":0,"comment_status":"closed","ping_status":"closed","template":"","meta":{"footnotes":""},"_links":{"self":[{"href":"http:\/\/www.japansk-spisshund.net\/NO\/index.php?rest_route=\/wp\/v2\/pages\/3601"}],"collection":[{"href":"http:\/\/www.japansk-spisshund.net\/NO\/index.php?rest_route=\/wp\/v2\/pages"}],"about":[{"href":"http:\/\/www.japansk-spisshund.net\/NO\/index.php?rest_route=\/wp\/v2\/types\/page"}],"author":[{"embeddable":true,"href":"http:\/\/www.japansk-spisshund.net\/NO\/index.php?rest_route=\/wp\/v2\/users\/1"}],"replies":[{"embeddable":true,"href":"http:\/\/www.japansk-spisshund.net\/NO\/index.php?rest_route=%2Fwp%2Fv2%2Fcomments&post=3601"}],"version-history":[{"count":11,"href":"http:\/\/www.japansk-spisshund.net\/NO\/index.php?rest_route=\/wp\/v2\/pages\/3601\/revisions"}],"predecessor-version":[{"id":3640,"href":"http:\/\/www.japansk-spisshund.net\/NO\/index.php?rest_route=\/wp\/v2\/pages\/3601\/revisions\/3640"}],"up":[{"embeddable":true,"href":"http:\/\/www.japansk-spisshund.net\/NO\/index.php?rest_route=\/wp\/v2\/pages\/71"}],"wp:attachment":[{"href":"http:\/\/www.japansk-spisshund.net\/NO\/index.php?rest_route=%2Fwp%2Fv2%2Fmedia&parent=3601"}],"curies":[{"name":"wp","href":"https:\/\/api.w.org\/{rel}","templated":true}]}}