{"id":3217,"date":"2016-06-19T02:36:31","date_gmt":"2016-06-19T00:36:31","guid":{"rendered":"http:\/\/www.japansk-spisshund.net\/NO\/?page_id=3217"},"modified":"2016-06-19T02:36:31","modified_gmt":"2016-06-19T00:36:31","slug":"arsmotereferat-2016","status":"publish","type":"page","link":"http:\/\/www.japansk-spisshund.net\/NO\/?page_id=3217","title":{"rendered":"\u00c5rsm\u00f8tereferat 2016"},"content":{"rendered":"<p>Klikk p\u00e5 linkene\u00a0for\u00a0\u00e5 lese:<\/p>\n<p>Side 1:\u00a0<a href=\"http:\/\/www.japansk-spisshund.net\/NO\/wp-content\/uploads\/2016\/06\/Referat_\u00e5rm\u00f8teNJSK_2016_side1.pdf\" target=\"_blank\" rel=\"\">Referat_\u00e5rm\u00f8teNJSK_2016_side1<\/a><\/p>\n<p>Side 2:\u00a0<a href=\"http:\/\/www.japansk-spisshund.net\/NO\/wp-content\/uploads\/2016\/06\/Referat_\u00e5rsm\u00f8teNJSK_2016_side2.pdf\" target=\"_blank\" rel=\"\">Referat_\u00e5rsm\u00f8teNJSK_2016_side2<\/a><\/p>\n","protected":false},"excerpt":{"rendered":"<p>Klikk p\u00e5 linkene\u00a0for\u00a0\u00e5 lese: Side 1:\u00a0Referat_\u00e5rm\u00f8teNJSK_2016_side1 Side 2:\u00a0Referat_\u00e5rsm\u00f8teNJSK_2016_side2<\/p>\n","protected":false},"author":1,"featured_media":0,"parent":0,"menu_order":0,"comment_status":"closed","ping_status":"closed","template":"","meta":{"footnotes":""},"_links":{"self":[{"href":"http:\/\/www.japansk-spisshund.net\/NO\/index.php?rest_route=\/wp\/v2\/pages\/3217"}],"collection":[{"href":"http:\/\/www.japansk-spisshund.net\/NO\/index.php?rest_route=\/wp\/v2\/pages"}],"about":[{"href":"http:\/\/www.japansk-spisshund.net\/NO\/index.php?rest_route=\/wp\/v2\/types\/page"}],"author":[{"embeddable":true,"href":"http:\/\/www.japansk-spisshund.net\/NO\/index.php?rest_route=\/wp\/v2\/users\/1"}],"replies":[{"embeddable":true,"href":"http:\/\/www.japansk-spisshund.net\/NO\/index.php?rest_route=%2Fwp%2Fv2%2Fcomments&post=3217"}],"version-history":[{"count":3,"href":"http:\/\/www.japansk-spisshund.net\/NO\/index.php?rest_route=\/wp\/v2\/pages\/3217\/revisions"}],"predecessor-version":[{"id":3220,"href":"http:\/\/www.japansk-spisshund.net\/NO\/index.php?rest_route=\/wp\/v2\/pages\/3217\/revisions\/3220"}],"wp:attachment":[{"href":"http:\/\/www.japansk-spisshund.net\/NO\/index.php?rest_route=%2Fwp%2Fv2%2Fmedia&parent=3217"}],"curies":[{"name":"wp","href":"https:\/\/api.w.org\/{rel}","templated":true}]}}