{"id":3171,"date":"2016-03-25T21:39:51","date_gmt":"2016-03-25T20:39:51","guid":{"rendered":"http:\/\/www.japansk-spisshund.net\/NO\/?page_id=3171"},"modified":"2024-05-24T12:50:32","modified_gmt":"2024-05-24T10:50:32","slug":"distriktskontakter-njsk","status":"publish","type":"page","link":"http:\/\/www.japansk-spisshund.net\/NO\/?page_id=3171","title":{"rendered":"DISTRIKTSKONTAKTER NJSK"},"content":{"rendered":"<p>Alle har egen FACEBOOK (FB) side hvor det blir lagt ut\u00a0informasjon, treff og aktiviteter. Meld dere inn i gruppen dere tilh\u00f8rer!<\/p>\n<p>Vil DU v\u00e6re distriktskontakt for ditt fylke eller n\u00e6romr\u00e5de? Vi trenger\u00a0frivillige\u00a0i Nordland, Oslo\/Akershus, Vestfold og Agder-fylkene.<br \/>\nMeld din interesse til styret &#8211; tusen takk! \ud83d\ude42<\/p>\n<h5><\/h5>\n<h6>HEDMARK &amp; OPPLAND: (FB: NJSK Hedmark og Oppland)<\/h6>\n<p>Tore Botten, Flyplassvegen, 2340 L\u00f8ten.\u00a0 \u00a0 \u00a0 \u00a0 \u00a0 \u00a0 \u00a0 \u00a0 \u00a0 \u00a0 \u00a0 \u00a0 \u00a0 \u00a0 \u00a0 \u00a0 \u00a0 \u00a0 \u00a0 \u00a0 \u00a0 \u00a0 \u00a0 \u00a0 Tlf: 951 92\u00a0430<\/p>\n<p>E-mail: botten.tore@gmail.com<\/p>\n<h6>OSLO OG OMEGN<\/h6>\n<div>\n<div>Linnea Arntzen Sviland\u00a0 \u00a0 \u00a0 \u00a0 \u00a0 \u00a0 \u00a0 \u00a0 \u00a0 \u00a0 \u00a0 \u00a0 \u00a0 \u00a0 \u00a0 \u00a0 \u00a0 \u00a0 \u00a0 \u00a0 \u00a0 \u00a0 \u00a0 \u00a0 \u00a0 \u00a0 \u00a0 \u00a0 \u00a0 \u00a0 \u00a0 \u00a0 \u00a0 \u00a0 \u00a0 \u00a0 \u00a0 \u00a0 \u00a0Tlf: 905 39 015<\/div>\n<\/div>\n<div><\/div>\n<div>Mette Gulbransen, Vargveien 25, 0139 Oslo\u00a0 \u00a0 \u00a0 \u00a0 \u00a0 \u00a0 \u00a0 \u00a0 \u00a0 \u00a0 \u00a0 \u00a0 \u00a0 \u00a0 \u00a0 \u00a0 \u00a0 \u00a0 \u00a0 \u00a0 \u00a0 \u00a0 Tlf: 910 02 955<\/div>\n<div><\/div>\n<div><\/div>\n<h6>TR\u00d8NDELAG: (FB: NJSK Nord\u2013 og S\u00f8r-Tr\u00f8ndelag)<\/h6>\n<div>Monica Skauby, Samstadsveien 192, 7580 Selbu\u00a0 \u00a0 \u00a0 \u00a0 \u00a0 \u00a0 \u00a0 \u00a0 \u00a0 \u00a0 \u00a0 \u00a0 \u00a0 \u00a0 \u00a0 \u00a0 \u00a0 \u00a0 \u00a0Tlf: 913 43 654<\/div>\n<h6>\u00d8STFOLD: (FB: NJSK \u00d8stfold)<\/h6>\n<p>Marie Therese Kase Bj\u00f8rnli, \u00d8rneveien 97, 1640 R\u00e5de. \u00a0 \u00a0 \u00a0 \u00a0 \u00a0 \u00a0 \u00a0 \u00a0 \u00a0 \u00a0 \u00a0 \u00a0 \u00a0 \u00a0Tlf: 979 73 346<\/p>\n<p>E-mail: marie_bjornli@me.com<\/p>\n<h6><strong>NORDLAND:<\/strong><\/h6>\n<div>Gunn Jorid Olsen Svin\u00f8y, Sundsveien 141, 8813 L\u00f8kta\u00a0 \u00a0 \u00a0 \u00a0 \u00a0 \u00a0 \u00a0 \u00a0 \u00a0 \u00a0 \u00a0 \u00a0 \u00a0 \u00a0 Tlf: 952 77 225<\/div>\n<h6><\/h6>\n<h6><\/h6>\n<h6>FINNMARK &amp; TROMS: (FB: NJSK Finnmark og Troms)<\/h6>\n<p>Sissel Marie Saua, S\u00f8ndre Luftjok 105, \u00a09845 Tana. \u00a0 \u00a0 \u00a0 \u00a0 \u00a0 \u00a0 \u00a0 \u00a0 \u00a0 \u00a0 \u00a0 \u00a0 \u00a0 \u00a0 \u00a0 \u00a0 \u00a0Tlf: 464 00 221<\/p>\n<p>E-mail: Sissel.saua@gmail.com<\/p>\n<h6>HORDALAND: (FB: NJSK Hordaland)<\/h6>\n<h6>ROGALAND: (FB: NJSK Rogaland)<\/h6>\n<p>Hanne N\u00e6rland \u00c5nensen\u00a0 \u00a0 \u00a0 \u00a0 \u00a0 \u00a0 \u00a0 Tlf: 908 777 38<\/p>\n<p>Email: \u00a0jasamskennel@gmail.com<\/p>\n<h5><\/h5>\n","protected":false},"excerpt":{"rendered":"<p>Alle har egen FACEBOOK (FB) side hvor det blir lagt ut\u00a0informasjon, treff og aktiviteter. Meld dere inn i gruppen dere tilh\u00f8rer! Vil DU v\u00e6re distriktskontakt for ditt fylke eller n\u00e6romr\u00e5de? Vi trenger\u00a0frivillige\u00a0i Nordland, Oslo\/Akershus, Vestfold og Agder-fylkene. Meld din interesse til styret &#8211; tusen takk! \ud83d\ude42 HEDMARK &amp; OPPLAND: (FB: NJSK Hedmark og Oppland) Tore [&hellip;]<\/p>\n","protected":false},"author":1,"featured_media":0,"parent":54,"menu_order":0,"comment_status":"closed","ping_status":"closed","template":"","meta":{"footnotes":""},"_links":{"self":[{"href":"http:\/\/www.japansk-spisshund.net\/NO\/index.php?rest_route=\/wp\/v2\/pages\/3171"}],"collection":[{"href":"http:\/\/www.japansk-spisshund.net\/NO\/index.php?rest_route=\/wp\/v2\/pages"}],"about":[{"href":"http:\/\/www.japansk-spisshund.net\/NO\/index.php?rest_route=\/wp\/v2\/types\/page"}],"author":[{"embeddable":true,"href":"http:\/\/www.japansk-spisshund.net\/NO\/index.php?rest_route=\/wp\/v2\/users\/1"}],"replies":[{"embeddable":true,"href":"http:\/\/www.japansk-spisshund.net\/NO\/index.php?rest_route=%2Fwp%2Fv2%2Fcomments&post=3171"}],"version-history":[{"count":21,"href":"http:\/\/www.japansk-spisshund.net\/NO\/index.php?rest_route=\/wp\/v2\/pages\/3171\/revisions"}],"predecessor-version":[{"id":4539,"href":"http:\/\/www.japansk-spisshund.net\/NO\/index.php?rest_route=\/wp\/v2\/pages\/3171\/revisions\/4539"}],"up":[{"embeddable":true,"href":"http:\/\/www.japansk-spisshund.net\/NO\/index.php?rest_route=\/wp\/v2\/pages\/54"}],"wp:attachment":[{"href":"http:\/\/www.japansk-spisshund.net\/NO\/index.php?rest_route=%2Fwp%2Fv2%2Fmedia&parent=3171"}],"curies":[{"name":"wp","href":"https:\/\/api.w.org\/{rel}","templated":true}]}}