{"id":3063,"date":"2016-01-25T04:20:25","date_gmt":"2016-01-25T03:20:25","guid":{"rendered":"http:\/\/www.japansk-spisshund.net\/NO\/?page_id=3063"},"modified":"2016-01-25T04:20:25","modified_gmt":"2016-01-25T03:20:25","slug":"utstillingsresultater-desember-2015","status":"publish","type":"page","link":"http:\/\/www.japansk-spisshund.net\/NO\/?page_id=3063","title":{"rendered":"UTSTILLINGSRESULTATER DESEMBER 2015"},"content":{"rendered":"<p><a title=\"UTSTILLINGSRESULTATER 2015\" href=\"http:\/\/www.japansk-spisshund.net\/NO\/?page_id=2441\">Tilbake til Utstillingsresultater 2015<\/a><\/p>\n<table style=\"height: 678px;\" width=\"798\">\n<tbody>\n<tr>\n<td colspan=\"5\" width=\"702\">\n<h3>KONGSBERG HUNDEKLUBB, KONGSBERG\u00a0 05. 12. 15.<\/h3>\n<\/td>\n<\/tr>\n<tr>\n<td colspan=\"2\">DOMMER: Selbach, Mona<\/td>\n<\/tr>\n<tr>\n<td colspan=\"2\">Antall p\u00e5meldte: 3 stk<\/td>\n<\/tr>\n<tr>\n<td>\n<h6>HANNER:<\/h6>\n<\/td>\n<td>\n<h6><\/h6>\n<\/td>\n<td>\n<h6>REG.NR.:<\/h6>\n<\/td>\n<td>\n<h6>EIERS NAVN\/STED:<\/h6>\n<\/td>\n<td>\n<h6>RESULTAT:<\/h6>\n<\/td>\n<\/tr>\n<tr>\n<td><strong>Champion<\/strong><\/td>\n<td><\/td>\n<td><\/td>\n<td><\/td>\n<td><\/td>\n<\/tr>\n<tr>\n<td colspan=\"2\">Freddyg\u00e5rdens Make Me Proud<\/td>\n<td>26186\/08<\/td>\n<td>Eva Lill Bratlie, Minnesund<\/td>\n<td>EXC.CHK-1.CHKK-CK-1.BTK-BIM<\/td>\n<\/tr>\n<tr>\n<td>\n<h6>TISPER:<\/h6>\n<\/td>\n<td>\n<h6><\/h6>\n<\/td>\n<td>\n<h6>REG.NR.:<\/h6>\n<\/td>\n<td>\n<h6>EIERS NAVN\/STED:<\/h6>\n<\/td>\n<td>\n<h6>RESULTAT:<\/h6>\n<\/td>\n<\/tr>\n<tr>\n<td><strong>Junior<\/strong><\/td>\n<td><\/td>\n<td><\/td>\n<td><\/td>\n<td><\/td>\n<\/tr>\n<tr>\n<td colspan=\"2\">Dunlin`s Perfect Pearl Of Houndbrae<\/td>\n<td>NO52635\/14<\/td>\n<td>Elna Kleiv, \u00c5motsdal<\/td>\n<td>EXC.JK-1.JKK-CK-CERT-1.BTK-BIR<\/td>\n<\/tr>\n<tr>\n<td><strong>Champion<\/strong><\/td>\n<td><\/td>\n<td><\/td>\n<td><\/td>\n<td><\/td>\n<\/tr>\n<tr>\n<td colspan=\"2\">Dunlin`s Magic Winner Of Houndbrae<\/td>\n<td>NO45296\/11<\/td>\n<td>Elna Kleiv, \u00c5motsdal<\/td>\n<td>EXC.CHK-1.CHKK-CK-2.BTK<\/td>\n<\/tr>\n<tr>\n<td colspan=\"5\"><\/td>\n<\/tr>\n<tr>\n<td colspan=\"5\"><\/td>\n<\/tr>\n<tr>\n<td colspan=\"5\">\n<h3>NORSK DOBERMANN KLUBB, LETO\u00a0 28. 12. 15.<\/h3>\n<\/td>\n<\/tr>\n<tr>\n<td colspan=\"2\">DOMMER: Catalan, Luis Manuel Calado<\/td>\n<\/tr>\n<tr>\n<td colspan=\"2\">Antall p\u00e5meldte: 4 stk<\/td>\n<\/tr>\n<tr>\n<td>\n<h6>HANNER:<\/h6>\n<\/td>\n<td>\n<h6><\/h6>\n<\/td>\n<td>\n<h6>REG.NR.:<\/h6>\n<\/td>\n<td>\n<h6>EIERS NAVN\/STED:<\/h6>\n<\/td>\n<td>\n<h6>RESULTAT:<\/h6>\n<\/td>\n<\/tr>\n<tr>\n<td><strong>\u00c5pen\u00a0<\/strong><\/td>\n<td><\/td>\n<td><\/td>\n<td><\/td>\n<td><\/td>\n<\/tr>\n<tr>\n<td colspan=\"2\">Ever After Av Fjascho<\/td>\n<td>NO53919\/12<\/td>\n<td>Linn Jeanette Krogstad, Tr\u00f8gstad<\/td>\n<td>EXC.AK-1.AKK-CK-CERT-2.BHK<\/td>\n<\/tr>\n<tr>\n<td><strong>Veteran<\/strong><\/td>\n<td><\/td>\n<td><\/td>\n<td><\/td>\n<td><\/td>\n<\/tr>\n<tr>\n<td colspan=\"2\">Lf C`est Dakota Carlos Colorado<\/td>\n<td>07081\/07<\/td>\n<td>Tone S\u00f8mme, R\u00e5n\u00e5sfoss<\/td>\n<td>EXC.VTK-1.VTKK-CK-1.BHK-BIR<\/td>\n<\/tr>\n<tr>\n<td>\n<h6>TISPER:<\/h6>\n<\/td>\n<td>\n<h6><\/h6>\n<\/td>\n<td>\n<h6><\/h6>\n<\/td>\n<td>\n<h6>EIERS NAVN\/STED:<\/h6>\n<\/td>\n<td>\n<h6>RESULTAT:<\/h6>\n<\/td>\n<\/tr>\n<tr>\n<td><strong>Junior<\/strong><\/td>\n<td><\/td>\n<td><\/td>\n<td><\/td>\n<td><\/td>\n<\/tr>\n<tr>\n<td colspan=\"2\">Moneva`s Zarissa of unique ulla<\/td>\n<td>NO47202\/14<\/td>\n<td>Linn Jeanette Krogstad, Tr\u00f8gstad<\/td>\n<td>EXC.JK-1.JKK-CK-R.CERT-2.BTK<\/td>\n<\/tr>\n<tr>\n<td><strong>Unghund<\/strong><\/td>\n<td><\/td>\n<td><\/td>\n<td><\/td>\n<td><\/td>\n<\/tr>\n<tr>\n<td colspan=\"2\">State-of-art Million Dollar Baby<\/td>\n<td>NO54578\/14<\/td>\n<td>Tone S\u00f8mme, R\u00e5n\u00e5sfoss<\/td>\n<td>EXC.UK-1.UKK-CK-CERT-1.BTK-BIM<\/td>\n<\/tr>\n<\/tbody>\n<\/table>\n","protected":false},"excerpt":{"rendered":"<p>Tilbake til Utstillingsresultater 2015 KONGSBERG HUNDEKLUBB, KONGSBERG\u00a0 05. 12. 15. DOMMER: Selbach, Mona Antall p\u00e5meldte: 3 stk HANNER: REG.NR.: EIERS NAVN\/STED: RESULTAT: Champion Freddyg\u00e5rdens Make Me Proud 26186\/08 Eva Lill Bratlie, Minnesund EXC.CHK-1.CHKK-CK-1.BTK-BIM TISPER: REG.NR.: EIERS NAVN\/STED: RESULTAT: Junior Dunlin`s Perfect Pearl Of Houndbrae NO52635\/14 Elna Kleiv, \u00c5motsdal EXC.JK-1.JKK-CK-CERT-1.BTK-BIR Champion Dunlin`s Magic Winner Of Houndbrae [&hellip;]<\/p>\n","protected":false},"author":1,"featured_media":0,"parent":2441,"menu_order":0,"comment_status":"closed","ping_status":"closed","template":"","meta":{"footnotes":""},"_links":{"self":[{"href":"http:\/\/www.japansk-spisshund.net\/NO\/index.php?rest_route=\/wp\/v2\/pages\/3063"}],"collection":[{"href":"http:\/\/www.japansk-spisshund.net\/NO\/index.php?rest_route=\/wp\/v2\/pages"}],"about":[{"href":"http:\/\/www.japansk-spisshund.net\/NO\/index.php?rest_route=\/wp\/v2\/types\/page"}],"author":[{"embeddable":true,"href":"http:\/\/www.japansk-spisshund.net\/NO\/index.php?rest_route=\/wp\/v2\/users\/1"}],"replies":[{"embeddable":true,"href":"http:\/\/www.japansk-spisshund.net\/NO\/index.php?rest_route=%2Fwp%2Fv2%2Fcomments&post=3063"}],"version-history":[{"count":2,"href":"http:\/\/www.japansk-spisshund.net\/NO\/index.php?rest_route=\/wp\/v2\/pages\/3063\/revisions"}],"predecessor-version":[{"id":3065,"href":"http:\/\/www.japansk-spisshund.net\/NO\/index.php?rest_route=\/wp\/v2\/pages\/3063\/revisions\/3065"}],"up":[{"embeddable":true,"href":"http:\/\/www.japansk-spisshund.net\/NO\/index.php?rest_route=\/wp\/v2\/pages\/2441"}],"wp:attachment":[{"href":"http:\/\/www.japansk-spisshund.net\/NO\/index.php?rest_route=%2Fwp%2Fv2%2Fmedia&parent=3063"}],"curies":[{"name":"wp","href":"https:\/\/api.w.org\/{rel}","templated":true}]}}