{"id":2807,"date":"2015-07-12T20:19:01","date_gmt":"2015-07-12T18:19:01","guid":{"rendered":"http:\/\/www.japansk-spisshund.net\/NO\/?page_id=2807"},"modified":"2016-02-12T01:51:53","modified_gmt":"2016-02-12T00:51:53","slug":"mestvinnerliste-veteraner-tisper-2015","status":"publish","type":"page","link":"http:\/\/www.japansk-spisshund.net\/NO\/?page_id=2807","title":{"rendered":"MESTVINNERLISTE VETERANER &#8211; TISPER 2015"},"content":{"rendered":"<p><a href=\"http:\/\/www.japansk-spisshund.net\/NO\/?page_id=2779\">Tilbake til Mestvinnende hunder i 2015<\/a><\/p>\n<p><span style=\"color: #ff0000;\"><strong>SER DU EN FEIL? DA M\u00c5 DU MELDE FRA TIL\u00a0EDITH BAKKEN &#8211; RESULTATER@JAPANSK-SPISSHUND.NET\u00a0<\/strong><\/span><\/p>\n<table style=\"height: 246px;\" width=\"889\">\n<tbody>\n<tr>\n<td style=\"text-align: center;\" width=\"80\"><strong>Plassering:<\/strong><\/td>\n<td width=\"243\"><strong>Hundens navn:<\/strong><\/td>\n<td width=\"87\"><strong>Reg.nr.:<\/strong><\/td>\n<td width=\"211\"><strong>Eiers navn\/sted:<\/strong><\/td>\n<td style=\"text-align: center;\" width=\"80\"><strong>Ant. utst.:<\/strong><\/td>\n<td style=\"text-align: center;\" width=\"80\"><strong>Poeng:<\/strong><\/td>\n<\/tr>\n<tr>\n<td style=\"text-align: center;\">1.<\/td>\n<td>Angel<\/td>\n<td>04875\/03<\/td>\n<td>Marit Taule &amp; Jostein Taule<\/td>\n<td style=\"text-align: center;\">5<\/td>\n<td style=\"text-align: center;\">35<\/td>\n<\/tr>\n<tr>\n<td style=\"text-align: center;\">2.<\/td>\n<td>Minnlett`s Hot Shot<\/td>\n<td>22710\/06<\/td>\n<td>Irene Mjelde, \u00c5rland<\/td>\n<td style=\"text-align: center;\">5<\/td>\n<td style=\"text-align: center;\">32<\/td>\n<\/tr>\n<tr>\n<td style=\"text-align: center;\">3.<\/td>\n<td>Freddyg\u00e5rdens Key To Joy<\/td>\n<td>21304\/06<\/td>\n<td>Britt F. Hafs\u00f8e, \u00c5lg\u00e5rd<\/td>\n<td style=\"text-align: center;\">3<\/td>\n<td style=\"text-align: center;\">22<\/td>\n<\/tr>\n<tr>\n<td style=\"text-align: center;\">4.<\/td>\n<td>Okkoyomas Tiara<\/td>\n<td>19962\/07<\/td>\n<td>Edith Bakken, Hallingby<\/td>\n<td style=\"text-align: center;\">4<\/td>\n<td style=\"text-align: center;\">20<\/td>\n<\/tr>\n<tr>\n<td style=\"text-align: center;\">5.<\/td>\n<td>Freddyg\u00e5rdens Alita Lady In White<\/td>\n<td>08506\/04<\/td>\n<td>Laila H\u00f8gemark, Stavanger<\/td>\n<td style=\"text-align: center;\">4<\/td>\n<td style=\"text-align: center;\">19<\/td>\n<\/tr>\n<tr>\n<td style=\"text-align: center;\">6.<\/td>\n<td>Freddyg\u00e5rdens Lady In White<\/td>\n<td>08504\/04<\/td>\n<td>H. Skr\u00e5mest\u00f8\/ E. Bakari, Gj\u00f8vik \/ Skien<\/td>\n<td style=\"text-align: center;\">2<\/td>\n<td style=\"text-align: center;\">11<\/td>\n<\/tr>\n<tr>\n<td style=\"text-align: center;\">7.<\/td>\n<td>Jaspinja Dina Queen Of Mountain Fox<\/td>\n<td>05579\/06<\/td>\n<td>Aina Bekkenes, Hauglandshella<\/td>\n<td style=\"text-align: center;\">2<\/td>\n<td style=\"text-align: center;\">10<\/td>\n<\/tr>\n<tr>\n<td style=\"text-align: center;\">8.<\/td>\n<td>Tricoline`s Alissa<\/td>\n<td>22104\/06<\/td>\n<td>Marianne Zachariassen, Bergen<\/td>\n<td style=\"text-align: center;\">1<\/td>\n<td style=\"text-align: center;\">5<\/td>\n<\/tr>\n<\/tbody>\n<\/table>\n","protected":false},"excerpt":{"rendered":"<p>Tilbake til Mestvinnende hunder i 2015 SER DU EN FEIL? DA M\u00c5 DU MELDE FRA TIL\u00a0EDITH BAKKEN &#8211; RESULTATER@JAPANSK-SPISSHUND.NET\u00a0 Plassering: Hundens navn: Reg.nr.: Eiers navn\/sted: Ant. utst.: Poeng: 1. Angel 04875\/03 Marit Taule &amp; Jostein Taule 5 35 2. Minnlett`s Hot Shot 22710\/06 Irene Mjelde, \u00c5rland 5 32 3. Freddyg\u00e5rdens Key To Joy 21304\/06 Britt [&hellip;]<\/p>\n","protected":false},"author":1,"featured_media":0,"parent":2779,"menu_order":0,"comment_status":"closed","ping_status":"closed","template":"","meta":{"footnotes":""},"_links":{"self":[{"href":"http:\/\/www.japansk-spisshund.net\/NO\/index.php?rest_route=\/wp\/v2\/pages\/2807"}],"collection":[{"href":"http:\/\/www.japansk-spisshund.net\/NO\/index.php?rest_route=\/wp\/v2\/pages"}],"about":[{"href":"http:\/\/www.japansk-spisshund.net\/NO\/index.php?rest_route=\/wp\/v2\/types\/page"}],"author":[{"embeddable":true,"href":"http:\/\/www.japansk-spisshund.net\/NO\/index.php?rest_route=\/wp\/v2\/users\/1"}],"replies":[{"embeddable":true,"href":"http:\/\/www.japansk-spisshund.net\/NO\/index.php?rest_route=%2Fwp%2Fv2%2Fcomments&post=2807"}],"version-history":[{"count":9,"href":"http:\/\/www.japansk-spisshund.net\/NO\/index.php?rest_route=\/wp\/v2\/pages\/2807\/revisions"}],"predecessor-version":[{"id":3080,"href":"http:\/\/www.japansk-spisshund.net\/NO\/index.php?rest_route=\/wp\/v2\/pages\/2807\/revisions\/3080"}],"up":[{"embeddable":true,"href":"http:\/\/www.japansk-spisshund.net\/NO\/index.php?rest_route=\/wp\/v2\/pages\/2779"}],"wp:attachment":[{"href":"http:\/\/www.japansk-spisshund.net\/NO\/index.php?rest_route=%2Fwp%2Fv2%2Fmedia&parent=2807"}],"curies":[{"name":"wp","href":"https:\/\/api.w.org\/{rel}","templated":true}]}}