{"id":2790,"date":"2015-07-12T19:24:07","date_gmt":"2015-07-12T17:24:07","guid":{"rendered":"http:\/\/www.japansk-spisshund.net\/NO\/?page_id=2790"},"modified":"2016-02-12T01:49:31","modified_gmt":"2016-02-12T00:49:31","slug":"mestvinnerliste-tisper-2015","status":"publish","type":"page","link":"http:\/\/www.japansk-spisshund.net\/NO\/?page_id=2790","title":{"rendered":"MESTVINNERLISTE TISPER 2015"},"content":{"rendered":"<p><a title=\"MESTVINNENDE HUNDER I 2015\" href=\"http:\/\/www.japansk-spisshund.net\/NO\/?page_id=2779\">Tilbake til Mestvinnende hunder 2015<\/a><\/p>\n<p><span style=\"color: #ff0000;\"><strong>SER DU EN FEIL? DA M\u00c5 DU MELDE FRA TIL\u00a0EDITH BAKKEN &#8211; RESULTATER@JAPANSK-SPISSHUND.NET\u00a0<\/strong><\/span><\/p>\n<table style=\"height: 1365px;\" width=\"825\">\n<tbody>\n<tr>\n<td colspan=\"6\" width=\"80\">Denne listen er basert p\u00e5 DogWeb og innsendte resultater.<\/td>\n<\/tr>\n<tr>\n<td width=\"80\"><strong>Plassering:<\/strong><\/td>\n<td width=\"243\"><strong>Hundens navn:<\/strong><\/td>\n<td width=\"87\"><strong>Reg.nr.:<\/strong><\/td>\n<td width=\"211\"><strong>Eiers navn\/sted:<\/strong><\/td>\n<td style=\"text-align: center;\" width=\"80\"><strong>Ant. utst.:<\/strong><\/td>\n<td style=\"text-align: center;\" width=\"80\"><strong>Poeng:<\/strong><\/td>\n<\/tr>\n<tr>\n<td style=\"text-align: center;\">1.<\/td>\n<td>Don\u00e5sen`s Dona Tea D`la Bamse<\/td>\n<td>NO57745\/12<\/td>\n<td>Vanja Sliwa, St\u00f8ren<\/td>\n<td style=\"text-align: center;\">5<\/td>\n<td style=\"text-align: center;\">97<\/td>\n<\/tr>\n<tr>\n<td style=\"text-align: center;\">2.<\/td>\n<td>State-Of-Art Amazing Asia<\/td>\n<td>26636\/08<\/td>\n<td>Tone S\u00f8mme, R\u00e5n\u00e5sfoss<\/td>\n<td style=\"text-align: center;\">5<\/td>\n<td style=\"text-align: center;\">95<\/td>\n<\/tr>\n<tr>\n<td style=\"text-align: center;\">3.<\/td>\n<td>Jamasti`s Dior<\/td>\n<td>NO47208\/11<\/td>\n<td>Marianne Zachariassen, Bergen<\/td>\n<td style=\"text-align: center;\">5<\/td>\n<td style=\"text-align: center;\">92<\/td>\n<\/tr>\n<tr>\n<td style=\"text-align: center;\">4.<\/td>\n<td>Oki-sotos Dame Daini<\/td>\n<td>NO41114\/11<\/td>\n<td>Britt F. Hafs\u00f8e, \u00c5lg\u00e5rd<\/td>\n<td style=\"text-align: center;\">5<\/td>\n<td style=\"text-align: center;\">80<\/td>\n<\/tr>\n<tr>\n<td style=\"text-align: center;\">5.<\/td>\n<td>Jamasti`s Great Little Star Of Dior<\/td>\n<td>NO45039\/14<\/td>\n<td>Marianne Zachariassen, Bergen<\/td>\n<td style=\"text-align: center;\">5<\/td>\n<td style=\"text-align: center;\">79<\/td>\n<\/tr>\n<tr>\n<td style=\"text-align: center;\">6.<\/td>\n<td>Don\u00e5sen`s Dona Juanita D`la Tokiro<\/td>\n<td>NO50768\/09<\/td>\n<td>Monica Skauby, Selbu<\/td>\n<td style=\"text-align: center;\">5<\/td>\n<td style=\"text-align: center;\">73<\/td>\n<\/tr>\n<tr>\n<td style=\"text-align: center;\">6.<\/td>\n<td>Japano`s Tara Diva Off Mojjo<\/td>\n<td>NO42997\/12<\/td>\n<td>Marie Therese Bj\u00f8rnli, R\u00e5de<\/td>\n<td style=\"text-align: center;\">5<\/td>\n<td style=\"text-align: center;\">73<\/td>\n<\/tr>\n<tr>\n<td style=\"text-align: center;\">8.<\/td>\n<td>Fenomenets Backstage<\/td>\n<td>NO42350\/11<\/td>\n<td>Mette Iren Ingebrigtsen, B\u00f8nes<\/td>\n<td style=\"text-align: center;\">5<\/td>\n<td style=\"text-align: center;\">72<\/td>\n<\/tr>\n<tr>\n<td style=\"text-align: center;\">9.<\/td>\n<td>Don\u00e5sen`s Dona Wilhelmina D`la Ice<\/td>\n<td>NO33991\/14<\/td>\n<td>Monica Skauby, Selbu<\/td>\n<td style=\"text-align: center;\">5<\/td>\n<td style=\"text-align: center;\">69<\/td>\n<\/tr>\n<tr>\n<td style=\"text-align: center;\">10.<\/td>\n<td>Don\u00e5sen`s Dona Lisa D`la Tanbo<\/td>\n<td>NO54692\/09<\/td>\n<td>Gunn Jorid Olsen Svin\u00f8y<\/td>\n<td style=\"text-align: center;\">5<\/td>\n<td style=\"text-align: center;\">68<\/td>\n<\/tr>\n<tr>\n<td style=\"text-align: center;\">11.<\/td>\n<td>Brocaire`s Looks Like A Princess<\/td>\n<td>NO34854\/14<\/td>\n<td>Tina Bj\u00f8rnewall, Ler<\/td>\n<td style=\"text-align: center;\">5<\/td>\n<td style=\"text-align: center;\">67<\/td>\n<\/tr>\n<tr>\n<td style=\"text-align: center;\">12.<\/td>\n<td>Sn\u00f8hvit`s Cajsa Of Sasha<\/td>\n<td>NO54413\/13<\/td>\n<td>Catharina Berntsen, Kleppest\u00f8<\/td>\n<td style=\"text-align: center;\">5<\/td>\n<td style=\"text-align: center;\">65<\/td>\n<\/tr>\n<tr>\n<td style=\"text-align: center;\">13.<\/td>\n<td>Moneva`s Unique Ulla Of Olivia<\/td>\n<td>NO51659\/11<\/td>\n<td>Marit Totland, Kleppest\u00f8<\/td>\n<td style=\"text-align: center;\">4<\/td>\n<td style=\"text-align: center;\">54<\/td>\n<\/tr>\n<tr>\n<td style=\"text-align: center;\">13.<\/td>\n<td>Angel<\/td>\n<td>04875\/03<\/td>\n<td>M.Totland &amp; J. Taule<\/td>\n<td style=\"text-align: center;\">4<\/td>\n<td style=\"text-align: center;\">54<\/td>\n<\/tr>\n<tr>\n<td style=\"text-align: center;\">15.<\/td>\n<td>Dunlin`s Magic Winner Of Houndbrae<\/td>\n<td>NO45296\/11<\/td>\n<td>Elna Kleiv, \u00c5motsdal<\/td>\n<td style=\"text-align: center;\">4<\/td>\n<td style=\"text-align: center;\">51<\/td>\n<\/tr>\n<tr>\n<td style=\"text-align: center;\">16.<\/td>\n<td>Tricoline&#8217;s Doreen Shira<\/td>\n<td>NO40627\/09<\/td>\n<td>Anette Sivertsen, Sandnessj\u00f8en<\/td>\n<td style=\"text-align: center;\">4<\/td>\n<td style=\"text-align: center;\">49<\/td>\n<\/tr>\n<tr>\n<td style=\"text-align: center;\">17.<\/td>\n<td>Minnlett`s Hot Shot<\/td>\n<td>22710\/06<\/td>\n<td>Irene Mjelde, \u00c5rland<\/td>\n<td style=\"text-align: center;\">3<\/td>\n<td style=\"text-align: center;\">43<\/td>\n<\/tr>\n<tr>\n<td style=\"text-align: center;\">18.<\/td>\n<td>Creardon`s Lovely Romance<\/td>\n<td>NO35624\/14<\/td>\n<td>Marita Helstr\u00f8m, Rena<\/td>\n<td style=\"text-align: center;\">3<\/td>\n<td style=\"text-align: center;\">42<\/td>\n<\/tr>\n<tr>\n<td style=\"text-align: center;\">19.<\/td>\n<td>Jamasti`s Gorgeous Lissi Of Dior<\/td>\n<td>NO45038\/14<\/td>\n<td>Cathrine Berglund, Florv\u00e5g<\/td>\n<td style=\"text-align: center;\">3<\/td>\n<td style=\"text-align: center;\">41<\/td>\n<\/tr>\n<tr>\n<td style=\"text-align: center;\">19.<\/td>\n<td>Nisselia`s Lovely Winter Rose<\/td>\n<td>NO33031\/14<\/td>\n<td>Elisabeth W\u00e6hre, Hundhammaren<\/td>\n<td style=\"text-align: center;\">3<\/td>\n<td style=\"text-align: center;\">41<\/td>\n<\/tr>\n<tr>\n<td style=\"text-align: center;\">19.<\/td>\n<td>Fenomenets Fancy Pants<\/td>\n<td>NO41056\/14<\/td>\n<td>Tina Bj\u00f8rnewall, Ler<\/td>\n<td style=\"text-align: center;\">3<\/td>\n<td style=\"text-align: center;\">41<\/td>\n<\/tr>\n<tr>\n<td style=\"text-align: center;\">22.<\/td>\n<td>Houndbrae Lotus Flower<\/td>\n<td>KCAJ03052202<\/td>\n<td>Elna Kleiv, \u00c5motsdal<\/td>\n<td style=\"text-align: center;\">2<\/td>\n<td style=\"text-align: center;\">30<\/td>\n<\/tr>\n<tr>\n<td style=\"text-align: center;\">22.<\/td>\n<td>Trixi<\/td>\n<td>NO50805\/10<\/td>\n<td>Anne Torill Barstad<\/td>\n<td style=\"text-align: center;\">2<\/td>\n<td style=\"text-align: center;\">30<\/td>\n<\/tr>\n<tr>\n<td style=\"text-align: center;\">24.<\/td>\n<td>Moneva`s White Yukihime-lexie<\/td>\n<td>NO58536\/12<\/td>\n<td>Mona Tertnes-Bakke, Nyborg<\/td>\n<td style=\"text-align: center;\">2<\/td>\n<td style=\"text-align: center;\">29<\/td>\n<\/tr>\n<tr>\n<td style=\"text-align: center;\">24.<\/td>\n<td>Fuji-san Real Mrs. Jones<\/td>\n<td>FI53156\/14<\/td>\n<td>Hanne N. \u00c5nensen, Kopervik<\/td>\n<td style=\"text-align: center;\">2<\/td>\n<td style=\"text-align: center;\">29<\/td>\n<\/tr>\n<tr>\n<td style=\"text-align: center;\">26.<\/td>\n<td>Okkoyomas Tiara<\/td>\n<td>19962\/07<\/td>\n<td>Edith Bakken, Hallingby<\/td>\n<td style=\"text-align: center;\">2<\/td>\n<td style=\"text-align: center;\">28<\/td>\n<\/tr>\n<tr>\n<td style=\"text-align: center;\">26.<\/td>\n<td>Noidens Born To Be A Queen<\/td>\n<td>S53700\/2007<\/td>\n<td>S.Aalstedt &amp; T. Bj\u00f8rnewall, Ler<\/td>\n<td style=\"text-align: center;\">2<\/td>\n<td style=\"text-align: center;\">28<\/td>\n<\/tr>\n<tr>\n<td style=\"text-align: center;\">28.<\/td>\n<td>Freddyg\u00e5rdens Alita Lady In White<\/td>\n<td>08506\/04<\/td>\n<td>Laila H\u00f8gemark, Stavanger<\/td>\n<td style=\"text-align: center;\">2<\/td>\n<td style=\"text-align: center;\">27<\/td>\n<\/tr>\n<tr>\n<td style=\"text-align: center;\">28.<\/td>\n<td>State-of-art Million Dollar Baby<\/td>\n<td>NO54578\/14<\/td>\n<td>Tone S\u00f8mme, R\u00e5n\u00e5sfoss<\/td>\n<td style=\"text-align: center;\">2<\/td>\n<td style=\"text-align: center;\">27<\/td>\n<\/tr>\n<tr>\n<td style=\"text-align: center;\">28.<\/td>\n<td>Dunlin`S Perfect Pearl Of Houndbrae<\/td>\n<td>NO52635\/14<\/td>\n<td>Elna Kleiv, \u00c5motsdal<\/td>\n<td style=\"text-align: center;\">2<\/td>\n<td style=\"text-align: center;\">27<\/td>\n<\/tr>\n<tr>\n<td style=\"text-align: center;\">28.<\/td>\n<td>Sitola`s Shamaya<\/td>\n<td>NO44714\/12<\/td>\n<td>Marit Eriksen, Degernes<\/td>\n<td style=\"text-align: center;\">2<\/td>\n<td style=\"text-align: center;\">27<\/td>\n<\/tr>\n<tr>\n<td style=\"text-align: center;\">32.<\/td>\n<td>Moneva`s Takara Of Olivia<\/td>\n<td>NO52450\/10<\/td>\n<td>Tertnes\/Bakke, Nyborg<\/td>\n<td style=\"text-align: center;\">2<\/td>\n<td style=\"text-align: center;\">26<\/td>\n<\/tr>\n<tr>\n<td style=\"text-align: center;\">32.<\/td>\n<td>Chezzay`s Make No Mistake<\/td>\n<td>SE19071\/2014<\/td>\n<td>Hilde Skr\u00e5mest\u00f8, Gj\u00f8vik<\/td>\n<td style=\"text-align: center;\">2<\/td>\n<td style=\"text-align: center;\">26<\/td>\n<\/tr>\n<tr>\n<td style=\"text-align: center;\">32.<\/td>\n<td>Ice White`s Flying Footprints<\/td>\n<td>NO42642\/14<\/td>\n<td>Helle Enerhaugen, V\u00e5ler i \u00d8stfold<\/td>\n<td style=\"text-align: center;\">2<\/td>\n<td style=\"text-align: center;\">26<\/td>\n<\/tr>\n<tr>\n<td style=\"text-align: center;\">32.<\/td>\n<td>Maja<\/td>\n<td>NO35125\/13<\/td>\n<td>Katharina Fattakhova, Sandnessj\u00f8en<\/td>\n<td style=\"text-align: center;\">2<\/td>\n<td style=\"text-align: center;\">26<\/td>\n<\/tr>\n<tr>\n<td style=\"text-align: center;\">36.<\/td>\n<td>Moneva`s Zarissa of Unique Ulla<\/td>\n<td>NO47202\/14<\/td>\n<td>Linn J. Krogstad, Tr\u00f8gstad<\/td>\n<td style=\"text-align: center;\">2<\/td>\n<td style=\"text-align: center;\">25<\/td>\n<\/tr>\n<tr>\n<td style=\"text-align: center;\">37.<\/td>\n<td>Vilges Beanas Beyla Den Vakre<\/td>\n<td>NO43137\/14<\/td>\n<td>Nann Sissel og Tomas V\u00e6rnes<\/td>\n<td style=\"text-align: center;\">2<\/td>\n<td style=\"text-align: center;\">24<\/td>\n<\/tr>\n<tr>\n<td style=\"text-align: center;\">38.<\/td>\n<td>Grandelight`s Billie Holiday<\/td>\n<td>NO34746\/11<\/td>\n<td>Grethe Malvik Nykkelmo, Selbu<\/td>\n<td style=\"text-align: center;\">1<\/td>\n<td style=\"text-align: center;\">19<\/td>\n<\/tr>\n<tr>\n<td style=\"text-align: center;\">39.<\/td>\n<td>Fenomenet`s Ebony and Ivory<\/td>\n<td>NO44879\/13<\/td>\n<td>Inger \u00d8stbye, Porsgrunn<\/td>\n<td style=\"text-align: center;\">1<\/td>\n<td style=\"text-align: center;\">17<\/td>\n<\/tr>\n<tr>\n<td style=\"text-align: center;\">40.<\/td>\n<td>Neri<\/td>\n<td>NO35745\/11<\/td>\n<td>Berit Skj\u00f8nberg<\/td>\n<td style=\"text-align: center;\">1<\/td>\n<td style=\"text-align: center;\">15<\/td>\n<\/tr>\n<tr>\n<td style=\"text-align: center;\">40.<\/td>\n<td>Freddyg\u00e5rdens Key To Joy<\/td>\n<td>21304\/06<\/td>\n<td>Britt F. Hafs\u00f8e, \u00c5lg\u00e5rd<\/td>\n<td style=\"text-align: center;\">1<\/td>\n<td style=\"text-align: center;\">15<\/td>\n<\/tr>\n<tr>\n<td style=\"text-align: center;\">42.<\/td>\n<td>Freddyg\u00e5rdens Ice White Pearl<\/td>\n<td>NO35674\/12<\/td>\n<td>Laila H\u00f8gemark, Stavanger<\/td>\n<td style=\"text-align: center;\">1<\/td>\n<td style=\"text-align: center;\">14<\/td>\n<\/tr>\n<tr>\n<td style=\"text-align: center;\">43.<\/td>\n<td>Lady Laiza Of Eizo<\/td>\n<td>NO54696\/09<\/td>\n<td>Skr\u00e5mest\u00f8\/Bakari, Gj\u00f8vik<\/td>\n<td style=\"text-align: center;\">1<\/td>\n<td style=\"text-align: center;\">13<\/td>\n<\/tr>\n<tr>\n<td style=\"text-align: center;\">44.<\/td>\n<td>Wilmaya`s Diamond Of Chaki<\/td>\n<td>NO32322\/13<\/td>\n<td>Tone Botten, \u00c5svang<\/td>\n<td style=\"text-align: center;\">1<\/td>\n<td style=\"text-align: center;\">12<\/td>\n<\/tr>\n<tr>\n<td style=\"text-align: center;\">44.<\/td>\n<td>Creardon`s B-winning Stardust<\/td>\n<td>NO58706\/10<\/td>\n<td>Catharina Berntsen, Kleppest\u00f8<\/td>\n<td style=\"text-align: center;\">1<\/td>\n<td style=\"text-align: center;\">12<\/td>\n<\/tr>\n<tr>\n<td style=\"text-align: center;\">44.<\/td>\n<td>Mayra<\/td>\n<td>NO44998\/09<\/td>\n<td>Mette Iren Ingebrigtsen, B\u00f8nes<\/td>\n<td style=\"text-align: center;\">1<\/td>\n<td style=\"text-align: center;\">12<\/td>\n<\/tr>\n<tr>\n<td style=\"text-align: center;\">44.<\/td>\n<td>Don\u00e5sen`s Dona Ysma D`la Socrates<\/td>\n<td>NO49879\/14<\/td>\n<td>Monica Skauby, Selbu<\/td>\n<td style=\"text-align: center;\">1<\/td>\n<td style=\"text-align: center;\">12<\/td>\n<\/tr>\n<tr>\n<td style=\"text-align: center;\">44.<\/td>\n<td>Jasam`s White Sparkling Wine<\/td>\n<td>NO40816\/14<\/td>\n<td>Hanne N. \u00c5nensen, Kopervik<\/td>\n<td style=\"text-align: center;\">1<\/td>\n<td style=\"text-align: center;\">12<\/td>\n<\/tr>\n<tr>\n<td style=\"text-align: center;\">49.<\/td>\n<td>Wilmaya`s Extra Sweet<\/td>\n<td>NO38786\/14<\/td>\n<td>Torbj\u00f8rg N. Halvorsen, Porsgrunn<\/td>\n<td style=\"text-align: center;\">1<\/td>\n<td style=\"text-align: center;\">11<\/td>\n<\/tr>\n<tr>\n<td style=\"text-align: center;\">49.<\/td>\n<td>Jaspinja Dina Queen Of Mountain Fox<\/td>\n<td>05579\/06<\/td>\n<td>Aina Bekkenes, Hauglandshella<\/td>\n<td style=\"text-align: center;\">1<\/td>\n<td style=\"text-align: center;\">11<\/td>\n<\/tr>\n<tr>\n<td style=\"text-align: center;\">49.<\/td>\n<td>Blondie<\/td>\n<td>NO51152\/09<\/td>\n<td>Guri Undheim, N\u00e6rb\u00f8<\/td>\n<td style=\"text-align: center;\">1<\/td>\n<td style=\"text-align: center;\">11<\/td>\n<\/tr>\n<\/tbody>\n<\/table>\n","protected":false},"excerpt":{"rendered":"<p>Tilbake til Mestvinnende hunder 2015 SER DU EN FEIL? DA M\u00c5 DU MELDE FRA TIL\u00a0EDITH BAKKEN &#8211; RESULTATER@JAPANSK-SPISSHUND.NET\u00a0 Denne listen er basert p\u00e5 DogWeb og innsendte resultater. Plassering: Hundens navn: Reg.nr.: Eiers navn\/sted: Ant. utst.: Poeng: 1. Don\u00e5sen`s Dona Tea D`la Bamse NO57745\/12 Vanja Sliwa, St\u00f8ren 5 97 2. State-Of-Art Amazing Asia 26636\/08 Tone S\u00f8mme, [&hellip;]<\/p>\n","protected":false},"author":1,"featured_media":0,"parent":2779,"menu_order":0,"comment_status":"closed","ping_status":"closed","template":"","meta":{"footnotes":""},"_links":{"self":[{"href":"http:\/\/www.japansk-spisshund.net\/NO\/index.php?rest_route=\/wp\/v2\/pages\/2790"}],"collection":[{"href":"http:\/\/www.japansk-spisshund.net\/NO\/index.php?rest_route=\/wp\/v2\/pages"}],"about":[{"href":"http:\/\/www.japansk-spisshund.net\/NO\/index.php?rest_route=\/wp\/v2\/types\/page"}],"author":[{"embeddable":true,"href":"http:\/\/www.japansk-spisshund.net\/NO\/index.php?rest_route=\/wp\/v2\/users\/1"}],"replies":[{"embeddable":true,"href":"http:\/\/www.japansk-spisshund.net\/NO\/index.php?rest_route=%2Fwp%2Fv2%2Fcomments&post=2790"}],"version-history":[{"count":18,"href":"http:\/\/www.japansk-spisshund.net\/NO\/index.php?rest_route=\/wp\/v2\/pages\/2790\/revisions"}],"predecessor-version":[{"id":3078,"href":"http:\/\/www.japansk-spisshund.net\/NO\/index.php?rest_route=\/wp\/v2\/pages\/2790\/revisions\/3078"}],"up":[{"embeddable":true,"href":"http:\/\/www.japansk-spisshund.net\/NO\/index.php?rest_route=\/wp\/v2\/pages\/2779"}],"wp:attachment":[{"href":"http:\/\/www.japansk-spisshund.net\/NO\/index.php?rest_route=%2Fwp%2Fv2%2Fmedia&parent=2790"}],"curies":[{"name":"wp","href":"https:\/\/api.w.org\/{rel}","templated":true}]}}