{"id":2759,"date":"2015-07-11T21:57:41","date_gmt":"2015-07-11T19:57:41","guid":{"rendered":"http:\/\/www.japansk-spisshund.net\/NO\/?page_id=2759"},"modified":"2015-07-11T22:11:38","modified_gmt":"2015-07-11T20:11:38","slug":"utstillingsresultater-mars-2015","status":"publish","type":"page","link":"http:\/\/www.japansk-spisshund.net\/NO\/?page_id=2759","title":{"rendered":"UTSTILLINGSRESULTATER MARS 2015"},"content":{"rendered":"<p><a title=\"UTSTILLINGSRESULTATER 2015\" href=\"http:\/\/www.japansk-spisshund.net\/NO\/?page_id=2441\">Tilbake til Utstillingsresultater 2015<\/a><\/p>\n<table style=\"height: 377px;\" width=\"802\">\n<tbody>\n<tr>\n<td colspan=\"5\" width=\"685\">\n<h3>NORSK MINIATYRHUND KLUBB, LETO 07. 03.15<\/h3>\n<\/td>\n<\/tr>\n<tr>\n<td>DOMMER:<\/td>\n<td>Andersen, Per Kristian<\/td>\n<\/tr>\n<tr>\n<td>P\u00c5MELDTE:<\/td>\n<td>6 stk<\/td>\n<\/tr>\n<tr>\n<td>\n<h5>HANNER:<\/h5>\n<\/td>\n<td><\/td>\n<td>\n<h5>REG.NR.:<\/h5>\n<\/td>\n<td>\n<h5>EIERS NAVN\/STED:<\/h5>\n<\/td>\n<td>\n<h5>RESULTAT:<\/h5>\n<\/td>\n<\/tr>\n<tr>\n<td>Junior<\/td>\n<td><\/td>\n<td><\/td>\n<td><\/td>\n<td><\/td>\n<\/tr>\n<tr>\n<td colspan=\"2\">Fenomenets First Class<\/td>\n<td>NO41055\/14<\/td>\n<td>Ivar Furulund, Tomter<\/td>\n<td>EXC.JK-1.JKK-CK-1.BHK-BIR<\/td>\n<\/tr>\n<tr>\n<td colspan=\"2\">Jasam`s White Sparkling Star<\/td>\n<td>NO40812\/14<\/td>\n<td>Tore og Tone Botten, \u00c5svang<\/td>\n<td>VG.JK-2.JKK<\/td>\n<\/tr>\n<tr>\n<td colspan=\"2\">Japano`s Shiro Arashi<\/td>\n<td colspan=\"2\">NO38497\/14<\/td>\n<td>G.JK<\/td>\n<\/tr>\n<tr>\n<td>\u00c5pen klasse<\/td>\n<td><\/td>\n<td><\/td>\n<td><\/td>\n<td><\/td>\n<\/tr>\n<tr>\n<td colspan=\"2\">Ever After Av Fjascho<\/td>\n<td colspan=\"2\">NO53919\/12<\/td>\n<td>0.AK<\/td>\n<\/tr>\n<tr>\n<td>\n<h5>TISPER:<\/h5>\n<\/td>\n<td><\/td>\n<td>\n<h5>REG.NR.:<\/h5>\n<\/td>\n<td>\n<h5>EIERS NAVN\/STED:<\/h5>\n<\/td>\n<td>\n<h5>RESULTAT:<\/h5>\n<\/td>\n<\/tr>\n<tr>\n<td>Junior<\/td>\n<td><\/td>\n<td><\/td>\n<td><\/td>\n<td><\/td>\n<\/tr>\n<tr>\n<td colspan=\"2\">Ice White`s Flying Footprints<\/td>\n<td colspan=\"2\">NO42642\/14<\/td>\n<td>EXC.JK-1,JKK-CK-CERT-2.BTK<\/td>\n<\/tr>\n<tr>\n<td>Champion<\/td>\n<td><\/td>\n<td><\/td>\n<td><\/td>\n<td><\/td>\n<\/tr>\n<tr>\n<td colspan=\"2\">Japano`s Tara Diva Yumi Off Mojjo<\/td>\n<td colspan=\"2\">NO42997\/12<\/td>\n<td>EXC.CHK-1.CHKK-CK-1.BTK-BIM<\/td>\n<\/tr>\n<\/tbody>\n<\/table>\n<p>&nbsp;<\/p>\n<table style=\"height: 382px;\" width=\"800\">\n<tbody>\n<tr>\n<td colspan=\"4\" width=\"515\">\n<h3>NORSK MINIATYRHUNDKLUBB, LETO\u00a0 08. 03. 15<\/h3>\n<\/td>\n<td width=\"195\"><\/td>\n<\/tr>\n<tr>\n<td>DOMMER:<\/td>\n<td>Senashenko, Ekaterina<\/td>\n<\/tr>\n<tr>\n<td>Antall p\u00e5meldte:<\/td>\n<td>3 stk<\/td>\n<\/tr>\n<tr>\n<td>\n<h5>HANNER:<\/h5>\n<\/td>\n<td><\/td>\n<td>\n<h5>REG.NR.:<\/h5>\n<\/td>\n<td>\n<h5>EIERS NAVN\/STED:<\/h5>\n<\/td>\n<td>\n<h5>RESULTAT:<\/h5>\n<\/td>\n<\/tr>\n<tr>\n<td>Junior<\/td>\n<td><\/td>\n<td><\/td>\n<td><\/td>\n<td><\/td>\n<\/tr>\n<tr>\n<td colspan=\"2\">Jasam`s White Sparkling Star<\/td>\n<td>NO40812\/14<\/td>\n<td>Tore og Tone Botten, \u00c5svang<\/td>\n<td>EXC.JK-1.JKK-CK-1.BHK-BIR<\/td>\n<\/tr>\n<tr>\n<td>Unghund<\/td>\n<td><\/td>\n<td><\/td>\n<td><\/td>\n<td><\/td>\n<\/tr>\n<tr>\n<td colspan=\"2\">Grey and Misty Catalino<\/td>\n<td colspan=\"2\">NO53705\/13<\/td>\n<td>EXC.UK-1.UKK-CK-CERT-2.BHK<\/td>\n<\/tr>\n<tr>\n<td>\n<h5>TISPER:<\/h5>\n<\/td>\n<td><\/td>\n<td><\/td>\n<td>\n<h5>EIERS NAVN\/STED:<\/h5>\n<\/td>\n<td>\n<h5>RESULTAT:<\/h5>\n<\/td>\n<\/tr>\n<tr>\n<td>Junior<\/td>\n<td><\/td>\n<td><\/td>\n<td><\/td>\n<td><\/td>\n<\/tr>\n<tr>\n<td colspan=\"2\">Creardon`s Lovely Romance<\/td>\n<td colspan=\"2\">NO35624\/14<\/td>\n<td>EXC.JK.1.JKK-CK-CERT-1.BTK-BIM<\/td>\n<\/tr>\n<\/tbody>\n<\/table>\n<p>&nbsp;<\/p>\n<table style=\"height: 438px;\" width=\"914\">\n<tbody>\n<tr>\n<td colspan=\"5\" width=\"692\">\n<h3>NORSK KENNEL KLUBB, KRISTIANSAND 14. 03. 15<\/h3>\n<\/td>\n<\/tr>\n<tr>\n<td>DOMMER:<\/td>\n<td>Juslin, Johan J<\/td>\n<\/tr>\n<tr>\n<td>Antall p\u00e5meldte:<\/td>\n<td>5 stk<\/td>\n<\/tr>\n<tr>\n<td>\n<h5>HANNER:<\/h5>\n<\/td>\n<td><\/td>\n<td>\n<h5>REG.NR.:<\/h5>\n<\/td>\n<td>\n<h5>EIERS NAVN\/STED:<\/h5>\n<\/td>\n<td>\n<h5>RESULTAT:<\/h5>\n<\/td>\n<\/tr>\n<tr>\n<td>Junior<\/td>\n<td><\/td>\n<td><\/td>\n<td><\/td>\n<td><\/td>\n<\/tr>\n<tr>\n<td colspan=\"2\">Jasam`s White Sparkling Star<\/td>\n<td>NO40812\/14<\/td>\n<td>Tore og Tone Botten, \u00c5svang<\/td>\n<td>EXC.JK-1.JKK-CK-CERT-1.BHK-BIR<\/td>\n<\/tr>\n<tr>\n<td>Champion<\/td>\n<td><\/td>\n<td><\/td>\n<td><\/td>\n<td><\/td>\n<\/tr>\n<tr>\n<td colspan=\"2\">State-of-Art Adorable Al-x<\/td>\n<td>26635\/08<\/td>\n<td>Tone S\u00f8mme, R\u00e5n\u00e5sfoss<\/td>\n<td>EXC.CHK-1.CHKK-CK-2.BHK-CACIB<\/td>\n<\/tr>\n<tr>\n<td>\n<h5>TISPER:<\/h5>\n<\/td>\n<td><\/td>\n<td><\/td>\n<td>\n<h5>EIERS NAVN\/STED:<\/h5>\n<\/td>\n<td>\n<h5>RESULTAT:<\/h5>\n<\/td>\n<\/tr>\n<tr>\n<td>\u00c5pen<\/td>\n<td><\/td>\n<td><\/td>\n<td><\/td>\n<td><\/td>\n<\/tr>\n<tr>\n<td colspan=\"2\">Tricoline`s F-bianca Sachiko<\/td>\n<td colspan=\"2\">NO33025\/10<\/td>\n<td>VG.AK-1.AKK<\/td>\n<\/tr>\n<tr>\n<td>Champion<\/td>\n<td><\/td>\n<td><\/td>\n<td><\/td>\n<td><\/td>\n<\/tr>\n<tr>\n<td colspan=\"2\">State-of-art Amazing Asia<\/td>\n<td>26636\/08<\/td>\n<td>Tone S\u00f8mme, R\u00e5n\u00e5sfoss<\/td>\n<td>EXC.CHK-2.CHKK-CK-2.BTK.R.CACIB<\/td>\n<\/tr>\n<tr>\n<td colspan=\"2\">Oki-sotos Dame Daini<\/td>\n<td>NO41114\/11<\/td>\n<td>Britt F. Hafs\u00f8e, \u00c5lg\u00e5rd<\/td>\n<td>EXC.CHK-1.CHKK-CK-1.BTK-CACIB-BIM<\/td>\n<\/tr>\n<\/tbody>\n<\/table>\n<p>NB: MANGLER FOREL\u00d8PIG INFO FRA TRONDHEIM TREKK. OG BRUKSHUNDKLUBB 22\/3.<\/p>\n<p>&nbsp;<\/p>\n<table style=\"height: 613px;\" width=\"868\">\n<tbody>\n<tr>\n<td colspan=\"5\" width=\"683\">\n<h3>NORSK MINIATYRHUNDKLUBB, ROGALAND 28. 03. 15<\/h3>\n<\/td>\n<\/tr>\n<tr>\n<td>DOMMER:<\/td>\n<td>Kuzelj, Denis<\/td>\n<\/tr>\n<tr>\n<td>Antall p\u00e5meldte:<\/td>\n<td>9 stk<\/td>\n<\/tr>\n<tr>\n<td>\n<h5>HANNER:<\/h5>\n<\/td>\n<td><\/td>\n<td>\n<h5>REG.NR.:<\/h5>\n<\/td>\n<td>\n<h5>EIERS NAVN\/STED:<\/h5>\n<\/td>\n<td>\n<h5>RESULTAT:<\/h5>\n<\/td>\n<\/tr>\n<tr>\n<td>Junior<\/td>\n<td><\/td>\n<td><\/td>\n<td><\/td>\n<td><\/td>\n<\/tr>\n<tr>\n<td colspan=\"2\">Bonzo<\/td>\n<td colspan=\"2\">NO40601\/14<\/td>\n<td>EXC.JK-1.JKK<\/td>\n<\/tr>\n<tr>\n<td>\u00c5pen<\/td>\n<td><\/td>\n<td><\/td>\n<td><\/td>\n<td><\/td>\n<\/tr>\n<tr>\n<td colspan=\"2\">Freddyg\u00e5rdens Ice White Prince<\/td>\n<td colspan=\"2\">NO35673\/12<\/td>\n<td>EXC.AK-2.AKK-CK-R.CERT-4.BHK<\/td>\n<\/tr>\n<tr>\n<td colspan=\"2\">Enfloy`z Ready Steady Charm<\/td>\n<td colspan=\"2\">SE22913\/2011<\/td>\n<td>EXC.AK-1.AKK-CK-CERT-1.BHK-BIR<\/td>\n<\/tr>\n<tr>\n<td>Champion<\/td>\n<td><\/td>\n<td><\/td>\n<td><\/td>\n<td><\/td>\n<\/tr>\n<tr>\n<td colspan=\"2\">Freddyg\u00e5rdens Natural Star<\/td>\n<td>NO40443\/09<\/td>\n<td>May og Jostein Vermundsen<\/td>\n<td>EXC.CHK-2.CHKK-CK-3.BHK<\/td>\n<\/tr>\n<tr>\n<td colspan=\"2\">State-of-art Adorable Al-x<\/td>\n<td>26635\/08<\/td>\n<td>Tone S\u00f8mme, R\u00e5n\u00e5sfoss<\/td>\n<td>EXC.CHK-1.CHKK-CK-2.BHK<\/td>\n<\/tr>\n<tr>\n<td>\n<h5>TISPER:<\/h5>\n<\/td>\n<td><\/td>\n<td><\/td>\n<td>\n<h5>EIERS NAVN\/STED:<\/h5>\n<\/td>\n<td>\n<h5>RESULTAT:<\/h5>\n<\/td>\n<\/tr>\n<tr>\n<td>Junior<\/td>\n<td><\/td>\n<td><\/td>\n<td><\/td>\n<td><\/td>\n<\/tr>\n<tr>\n<td colspan=\"2\">Jamasti`s Great Litle Star Of Dior<\/td>\n<td>NO45039\/14<\/td>\n<td>Marianne Zachariassen, Bergen<\/td>\n<td>EXC.JK-1.JKK-CK-CERT-2.BTK<\/td>\n<\/tr>\n<tr>\n<td>\u00c5pen<\/td>\n<td><\/td>\n<td><\/td>\n<td><\/td>\n<td><\/td>\n<\/tr>\n<tr>\n<td colspan=\"2\">Blondie<\/td>\n<td colspan=\"2\">NO51152\/09<\/td>\n<td>EXC.AK-1.AKK-CK-R.CERT-4.BTK<\/td>\n<\/tr>\n<tr>\n<td>Champion<\/td>\n<td><\/td>\n<td><\/td>\n<td><\/td>\n<td><\/td>\n<\/tr>\n<tr>\n<td colspan=\"2\">State-of-art Amazing Asia<\/td>\n<td colspan=\"2\">26636\/08<\/td>\n<td>EXC.CHK-1.CHKK-CK-3.BTK<\/td>\n<\/tr>\n<tr>\n<td>Veteran<\/td>\n<td><\/td>\n<td><\/td>\n<td><\/td>\n<td><\/td>\n<\/tr>\n<tr>\n<td colspan=\"2\">Freddyg\u00e5rdens alita Lady In White<\/td>\n<td colspan=\"2\">08506\/04<\/td>\n<td>EXC.VTK-1.VTKKCK-1.BTK-BIM<\/td>\n<\/tr>\n<\/tbody>\n<\/table>\n<p>&nbsp;<\/p>\n<table style=\"height: 563px;\" width=\"853\">\n<tbody>\n<tr>\n<td colspan=\"5\" width=\"703\">\n<h3>NORSK MINIATYRHUND KLUBB, ROGALAND 29. 03. 15<\/h3>\n<\/td>\n<\/tr>\n<tr>\n<td>DOMMER:<\/td>\n<td>Persson, Moa<\/td>\n<\/tr>\n<tr>\n<td>Antall p\u00e5meldte:<\/td>\n<td>8 stk<\/td>\n<\/tr>\n<tr>\n<td>\n<h5>HANNER:<\/h5>\n<\/td>\n<td><\/td>\n<td>\n<h5>REG.NR.:<\/h5>\n<\/td>\n<td>\n<h5>EIERS NAVN\/STED:<\/h5>\n<\/td>\n<td>\n<h5>RESULTAT:<\/h5>\n<\/td>\n<\/tr>\n<tr>\n<td>Junior<\/td>\n<td><\/td>\n<td><\/td>\n<td><\/td>\n<td><\/td>\n<\/tr>\n<tr>\n<td colspan=\"2\">Bonzo<\/td>\n<td colspan=\"2\">NO40601\/14<\/td>\n<td>EXC.JK-1.JKK<\/td>\n<\/tr>\n<tr>\n<td>\u00c5pen<\/td>\n<td><\/td>\n<td><\/td>\n<td><\/td>\n<td><\/td>\n<\/tr>\n<tr>\n<td colspan=\"2\">Freddyg\u00e5rdens Ice White Prince<\/td>\n<td colspan=\"2\">NO35673\/12<\/td>\n<td>VG.AK-1.AKK<\/td>\n<\/tr>\n<tr>\n<td>Champion<\/td>\n<td><\/td>\n<td><\/td>\n<td><\/td>\n<td><\/td>\n<\/tr>\n<tr>\n<td colspan=\"2\">Enfloy`z Ready Steady Charm<\/td>\n<td>SE22913\/2011<\/td>\n<td>EXC.CHK-2.CHKK<\/td>\n<\/tr>\n<tr>\n<td colspan=\"2\">State-of-art Adorable Al-x<\/td>\n<td>26635\/08<\/td>\n<td>Tone S\u00f8mme, R\u00e5n\u00e5sfoss<\/td>\n<td>EXC.CHK-1.CHKK<\/td>\n<\/tr>\n<tr>\n<td colspan=\"2\">Freddyg\u00e5rdens Natural Star<\/td>\n<td>NO40443\/09<\/td>\n<td>May og Jostein Vermundsen<\/td>\n<td>EXC.CHK-3.CHKK<\/td>\n<\/tr>\n<tr>\n<td>\n<h5>TISPER:<\/h5>\n<\/td>\n<td><\/td>\n<td><\/td>\n<td>\n<h5>EIERS NAVN\/STED:<\/h5>\n<\/td>\n<td>\n<h5>RESULTAT:<\/h5>\n<\/td>\n<\/tr>\n<tr>\n<td>Junior<\/td>\n<td><\/td>\n<td><\/td>\n<td><\/td>\n<td><\/td>\n<\/tr>\n<tr>\n<td colspan=\"2\">Jamasti`s Great Little Star Of Dior<\/td>\n<td>NO45039\/14<\/td>\n<td>Marianne Zachariassen, Bergen<\/td>\n<td>EXC.JK-1.JKK-CK-CERT-1.BTK-BIR<\/td>\n<\/tr>\n<tr>\n<td>Champion<\/td>\n<td><\/td>\n<td><\/td>\n<td><\/td>\n<td><\/td>\n<\/tr>\n<tr>\n<td colspan=\"2\">State-of-art Amazing Asia<\/td>\n<td>26636\/08<\/td>\n<td>Tone S\u00f8mme, R\u00e5n\u00e5sfoss<\/td>\n<td>EXC.CHK-1.CHKK<\/td>\n<\/tr>\n<tr>\n<td>Veteran<\/td>\n<td><\/td>\n<td><\/td>\n<td><\/td>\n<td><\/td>\n<\/tr>\n<tr>\n<td colspan=\"2\">Freddyg\u00e5rdens Alita Lady In White<\/td>\n<td colspan=\"2\">08506\/04<\/td>\n<td>EXC.VTK-1.VTKK<\/td>\n<\/tr>\n<\/tbody>\n<\/table>\n<p>&nbsp;<\/p>\n<p>&nbsp;<\/p>\n","protected":false},"excerpt":{"rendered":"<p>Tilbake til Utstillingsresultater 2015 NORSK MINIATYRHUND KLUBB, LETO 07. 03.15 DOMMER: Andersen, Per Kristian P\u00c5MELDTE: 6 stk HANNER: REG.NR.: EIERS NAVN\/STED: RESULTAT: Junior Fenomenets First Class NO41055\/14 Ivar Furulund, Tomter EXC.JK-1.JKK-CK-1.BHK-BIR Jasam`s White Sparkling Star NO40812\/14 Tore og Tone Botten, \u00c5svang VG.JK-2.JKK Japano`s Shiro Arashi NO38497\/14 G.JK \u00c5pen klasse Ever After Av Fjascho NO53919\/12 0.AK [&hellip;]<\/p>\n","protected":false},"author":1,"featured_media":0,"parent":2441,"menu_order":0,"comment_status":"closed","ping_status":"closed","template":"","meta":{"footnotes":""},"_links":{"self":[{"href":"http:\/\/www.japansk-spisshund.net\/NO\/index.php?rest_route=\/wp\/v2\/pages\/2759"}],"collection":[{"href":"http:\/\/www.japansk-spisshund.net\/NO\/index.php?rest_route=\/wp\/v2\/pages"}],"about":[{"href":"http:\/\/www.japansk-spisshund.net\/NO\/index.php?rest_route=\/wp\/v2\/types\/page"}],"author":[{"embeddable":true,"href":"http:\/\/www.japansk-spisshund.net\/NO\/index.php?rest_route=\/wp\/v2\/users\/1"}],"replies":[{"embeddable":true,"href":"http:\/\/www.japansk-spisshund.net\/NO\/index.php?rest_route=%2Fwp%2Fv2%2Fcomments&post=2759"}],"version-history":[{"count":7,"href":"http:\/\/www.japansk-spisshund.net\/NO\/index.php?rest_route=\/wp\/v2\/pages\/2759\/revisions"}],"predecessor-version":[{"id":2770,"href":"http:\/\/www.japansk-spisshund.net\/NO\/index.php?rest_route=\/wp\/v2\/pages\/2759\/revisions\/2770"}],"up":[{"embeddable":true,"href":"http:\/\/www.japansk-spisshund.net\/NO\/index.php?rest_route=\/wp\/v2\/pages\/2441"}],"wp:attachment":[{"href":"http:\/\/www.japansk-spisshund.net\/NO\/index.php?rest_route=%2Fwp%2Fv2%2Fmedia&parent=2759"}],"curies":[{"name":"wp","href":"https:\/\/api.w.org\/{rel}","templated":true}]}}