{"id":2691,"date":"2015-04-12T23:21:46","date_gmt":"2015-04-12T21:21:46","guid":{"rendered":"http:\/\/www.japansk-spisshund.net\/NO\/?page_id=2691"},"modified":"2015-04-12T23:24:18","modified_gmt":"2015-04-12T21:24:18","slug":"referat-fra-styremote-8-april-2015","status":"publish","type":"page","link":"http:\/\/www.japansk-spisshund.net\/NO\/?page_id=2691","title":{"rendered":"Referat fra styrem\u00f8te 8. april 2015"},"content":{"rendered":"<p><a href=\"http:\/\/www.japansk-spisshund.net\/NO\/?page_id=55\">Tilbake til referater<\/a><\/p>\n<h6>Tilstede: Kai Enerhaugen, Elna Kleiv, ,Mette Iren Ingebrgtsen, Monica Skauby, Grethe M. Nykkelmo, Anita Ir\u00e9n Dominguez<\/h6>\n<p>Forfall: Anne Toril Barstad<\/p>\n<div class=\"text_exposed_show\">\n<p><strong>Sak 1 :<\/strong><br \/>\nGjennomgang av referat fra forrige styrem\u00f8te.<\/p>\n<p><strong>Sak 2 :<\/strong><br \/>\nMestvinnerlista: Edith Bakken og Lise Sunnan\u00e5 samarbeider om lista framover. Edith har hovedansvar.<\/p>\n<p><strong>Sak 3:<\/strong><br \/>\nDistriktskontakter mangler fortsatt i flere distrikter. Vi har for Finnmark\/Troms, Tr\u00f8ndelag og M\u00f8re\/Romsdal . Ingen har meldt seg. Vi oppfordrer interesserte til \u00e5 ta kontakt med styret<\/p>\n<p><strong>Sak 4:<\/strong><br \/>\nSpesialutstilling 13.06 2015 p\u00e5 \u00c5l:<br \/>\nDommer Britt Nyberg.<br \/>\nRingsekret\u00e6r: Silje Solberg<br \/>\nSkriver: Kai sp\u00f8r Lise om hun kan skrive<br \/>\nP\u00e5melding er n\u00e5 mulig via NKK`s sider.<br \/>\nUtstillingsannonse og innkalling til \u00e5rsm\u00f8tet kommer i bladet som blir sendt ut i disse dager<br \/>\nMette Iren, Kai, Elna, Hanne, kommer torsdag. Vi trenger flere til hjelp og klubben dekker derfor ekstra overnatting (1 natt)for de som kommer torsdag for \u00e5 hjelpe til.<br \/>\nVi trenger flere frivillige til \u00e5 hjelpe til og oppfordrer derfor de som har mulighet til \u00e5 melde ifra.<\/p>\n<p><strong>Sak 5:<\/strong><br \/>\nSpesialutstilling europavinner 5.sept.<br \/>\nDommer: Ikke klar enn\u00e5.<br \/>\nRingsekret\u00e6r og skriver skaffes gjennom NKK.<\/p>\n<p><strong>Sak 6:<\/strong><br \/>\n\u00d8yelysing: Vi sjekker interessen blant medlemmene for \u00e5 f\u00e5 til dette p\u00e5 \u00c5l. Hanne tar kontakt med veterin\u00e6ren for \u00e5 sjekke kostnader. N\u00e6rmere info om dette kommer s\u00e5 fort det er klart.<\/p>\n<\/div>\n","protected":false},"excerpt":{"rendered":"<p>Tilbake til referater Tilstede: Kai Enerhaugen, Elna Kleiv, ,Mette Iren Ingebrgtsen, Monica Skauby, Grethe M. Nykkelmo, Anita Ir\u00e9n Dominguez Forfall: Anne Toril Barstad Sak 1 : Gjennomgang av referat fra forrige styrem\u00f8te. Sak 2 : Mestvinnerlista: Edith Bakken og Lise Sunnan\u00e5 samarbeider om lista framover. Edith har hovedansvar. Sak 3: Distriktskontakter mangler fortsatt i flere [&hellip;]<\/p>\n","protected":false},"author":1,"featured_media":0,"parent":55,"menu_order":0,"comment_status":"closed","ping_status":"closed","template":"","meta":{"footnotes":""},"_links":{"self":[{"href":"http:\/\/www.japansk-spisshund.net\/NO\/index.php?rest_route=\/wp\/v2\/pages\/2691"}],"collection":[{"href":"http:\/\/www.japansk-spisshund.net\/NO\/index.php?rest_route=\/wp\/v2\/pages"}],"about":[{"href":"http:\/\/www.japansk-spisshund.net\/NO\/index.php?rest_route=\/wp\/v2\/types\/page"}],"author":[{"embeddable":true,"href":"http:\/\/www.japansk-spisshund.net\/NO\/index.php?rest_route=\/wp\/v2\/users\/1"}],"replies":[{"embeddable":true,"href":"http:\/\/www.japansk-spisshund.net\/NO\/index.php?rest_route=%2Fwp%2Fv2%2Fcomments&post=2691"}],"version-history":[{"count":5,"href":"http:\/\/www.japansk-spisshund.net\/NO\/index.php?rest_route=\/wp\/v2\/pages\/2691\/revisions"}],"predecessor-version":[{"id":2697,"href":"http:\/\/www.japansk-spisshund.net\/NO\/index.php?rest_route=\/wp\/v2\/pages\/2691\/revisions\/2697"}],"up":[{"embeddable":true,"href":"http:\/\/www.japansk-spisshund.net\/NO\/index.php?rest_route=\/wp\/v2\/pages\/55"}],"wp:attachment":[{"href":"http:\/\/www.japansk-spisshund.net\/NO\/index.php?rest_route=%2Fwp%2Fv2%2Fmedia&parent=2691"}],"curies":[{"name":"wp","href":"https:\/\/api.w.org\/{rel}","templated":true}]}}