{"id":2669,"date":"2015-04-12T22:33:26","date_gmt":"2015-04-12T20:33:26","guid":{"rendered":"http:\/\/www.japansk-spisshund.net\/NO\/?page_id=2669"},"modified":"2015-04-13T17:41:00","modified_gmt":"2015-04-13T15:41:00","slug":"njsks-spesialutstilling-2015","status":"publish","type":"page","link":"http:\/\/www.japansk-spisshund.net\/NO\/?page_id=2669","title":{"rendered":"NJSK-SPESIALUTSTILLING JUNI 2015"},"content":{"rendered":"<p><strong>NORSK JAPANSK SPISSHUNDKLUBB<\/strong><\/p>\n<p>\u00f8nsker velkommen til \u00e5rsm\u00f8te og spesialutstilling for japansk spisshund \u2013 valper og voksne,<br \/>\nl\u00f8rdag 13. og s\u00f8ndag 14. juni 2015 p\u00e5 Torpomoen rednings- og \u00f8vingspark, \u00c5l i Hallingdal.<\/p>\n<p><strong>P\u00e5meldings- og betalingsfrist: 1. juni 2015 (ingen forlenget frist)<\/strong><\/p>\n<p><img loading=\"lazy\" decoding=\"async\" class=\"alignleft wp-image-26\" src=\"http:\/\/www.japansk-spisshund.net\/NO\/wp-content\/uploads\/2013\/08\/jsdraw-large-300x200.gif\" alt=\"jsdraw-large\" width=\"250\" height=\"167\" \/><\/p>\n<p><strong>L\u00f8rdag 13. juni kl. 10.00:<\/strong><\/p>\n<p>Valpeskue 4-6 og 6-9 mnd., samt eksteri\u00f8r voksne alle klasser.<br \/>\nSTORT CERT for hannhund og tispe.<\/p>\n<p>Dommer: Britt Nyberg, Sverige\/Norge<\/p>\n<p>Priser: eksteri\u00f8r (alle klasser): NOK 320,-, valper: NOK 200,-<\/p>\n<p>&nbsp;<\/p>\n<p><strong>Elektronisk p\u00e5melding til utstillingen: nkk.no<\/strong><\/p>\n<p><em>F.o.m. tredje p\u00e5meldte hund med samme registrerte eier gis 50 % rabatt (gjelder ikke valp).<br \/>\n<\/em><em>Utstillingen avholdes etter NKKs gjeldende utstillingsregler. Det tas forbehold om eventuell dommerendring.<\/em><\/p>\n<p><strong>Kontaktperson:<\/strong><\/p>\n<p>Kai Enerhaugen \u2013 tlf. 48 46 87 00 \u2013 mail: <a href=\"mailto:kaienerhaugen@gmail.com\">kaienerhaugen@gmail.com<\/a><\/p>\n<ul>\n<li><strong>FREDAG<\/strong>:\n<ul>\n<li>\u00d8yelysing v\/Ernst-Otto Ropstad (Veterin\u00e6rh\u00f8gskolen) for japanske spisshunder som er 5 \u00e5r eller eldre. Kontakt avlsr\u00e5det v\/Hanne N. \u00c5nensen (avslrad@japansk-spisshund.net) for mer informasjon. <strong>P\u00e5melding innen 22. mai.<\/strong> NJSK dekker kostnadene til unders\u00f8kelsen.\u00a0Hunden m\u00e5 v\u00e6re ID-chippet. Ta med registreringsbevis\/stamtavle og vaksinasjonskort.<\/li>\n<li>Om kvelden samler vi oss til felles grilling, det er stor utegrill p\u00e5 Torpomoen. Ta med grillmat og drikke!<\/li>\n<\/ul>\n<\/li>\n<li><strong>L\u00d8RDAG<\/strong>:\n<ul>\n<li>Utstilling kl. 10 \u2013 med p\u00e5f\u00f8lgende lotteri m.m.<\/li>\n<li>Dommermiddag kl 20. Alle er velkomne! Det blir flott koldtbord med masse god mat. Middagen koster kr. 350.- pr. person.<\/li>\n<\/ul>\n<\/li>\n<li><strong>S\u00d8NDAG<\/strong>:\n<ul>\n<li>\u00c5rsm\u00f8tet blir avholdt s\u00f8ndag 14. juni kl 10.00 &#8211; kun medlemmer har adgang.<\/li>\n<\/ul>\n<\/li>\n<\/ul>\n<p><strong>BESTILLING AV ROM, MIDDAG, FROKOST:<\/strong><\/p>\n<p>Bestilling av rom, middag, frokost og plass for bobil\/campingvogn:<\/p>\n<p><a href=\"https:\/\/adaptit.enovate.no\/adapt-it\/eventlist%23\/signup\/KURSPORTEN\/be98b7a64c500ca0014c5024948f0048\">https:\/\/adaptit.enovate.no\/adapt-it\/eventlist#\/signup\/KURSPORTEN\/be98b7a64c500ca0014c5024948f0048<\/a><\/p>\n<p>(Evt. ring tlf.: 32 08 29 20)<\/p>\n<p>Det blir salg av kaffe, vafler, kaker, brus og p\u00f8lser. Det blir ogs\u00e5 i \u00e5r loddsalg og utlodning. Vi h\u00e5per alle kan ta med en gevinst til lotteriet!<\/p>\n<p><strong>NB: Husk \u00e5 ta med kontanter. Vi har dessverre ikke bankterminal p\u00e5 stedet.<\/strong><\/p>\n<p>Printervennlig utgave av denne invitasjonen finner du HER! &#8211;&gt;\u00a0<a href=\"http:\/\/www.japansk-spisshund.net\/NO\/wp-content\/uploads\/2015\/04\/Spesial_NJSK_2015.pdf\" target=\"_blank\">http:\/\/www.japansk-spisshund.net\/NO\/wp-content\/uploads\/2015\/04\/Spesial_NJSK_2015.pdf<\/a><\/p>\n<p>VI \u00d8NSKER ALLE HJERTELIG VELKOMMEN! \ud83d\ude42<\/p>\n","protected":false},"excerpt":{"rendered":"<p>NORSK JAPANSK SPISSHUNDKLUBB \u00f8nsker velkommen til \u00e5rsm\u00f8te og spesialutstilling for japansk spisshund \u2013 valper og voksne, l\u00f8rdag 13. og s\u00f8ndag 14. juni 2015 p\u00e5 Torpomoen rednings- og \u00f8vingspark, \u00c5l i Hallingdal. P\u00e5meldings- og betalingsfrist: 1. juni 2015 (ingen forlenget frist) L\u00f8rdag 13. juni kl. 10.00: Valpeskue 4-6 og 6-9 mnd., samt eksteri\u00f8r voksne alle klasser. [&hellip;]<\/p>\n","protected":false},"author":1,"featured_media":0,"parent":71,"menu_order":0,"comment_status":"closed","ping_status":"closed","template":"","meta":{"footnotes":""},"_links":{"self":[{"href":"http:\/\/www.japansk-spisshund.net\/NO\/index.php?rest_route=\/wp\/v2\/pages\/2669"}],"collection":[{"href":"http:\/\/www.japansk-spisshund.net\/NO\/index.php?rest_route=\/wp\/v2\/pages"}],"about":[{"href":"http:\/\/www.japansk-spisshund.net\/NO\/index.php?rest_route=\/wp\/v2\/types\/page"}],"author":[{"embeddable":true,"href":"http:\/\/www.japansk-spisshund.net\/NO\/index.php?rest_route=\/wp\/v2\/users\/1"}],"replies":[{"embeddable":true,"href":"http:\/\/www.japansk-spisshund.net\/NO\/index.php?rest_route=%2Fwp%2Fv2%2Fcomments&post=2669"}],"version-history":[{"count":13,"href":"http:\/\/www.japansk-spisshund.net\/NO\/index.php?rest_route=\/wp\/v2\/pages\/2669\/revisions"}],"predecessor-version":[{"id":2703,"href":"http:\/\/www.japansk-spisshund.net\/NO\/index.php?rest_route=\/wp\/v2\/pages\/2669\/revisions\/2703"}],"up":[{"embeddable":true,"href":"http:\/\/www.japansk-spisshund.net\/NO\/index.php?rest_route=\/wp\/v2\/pages\/71"}],"wp:attachment":[{"href":"http:\/\/www.japansk-spisshund.net\/NO\/index.php?rest_route=%2Fwp%2Fv2%2Fmedia&parent=2669"}],"curies":[{"name":"wp","href":"https:\/\/api.w.org\/{rel}","templated":true}]}}