{"id":2597,"date":"2015-03-20T00:37:33","date_gmt":"2015-03-19T23:37:33","guid":{"rendered":"http:\/\/www.japansk-spisshund.net\/NO\/?page_id=2597"},"modified":"2023-07-02T16:13:49","modified_gmt":"2023-07-02T14:13:49","slug":"hannhunder-til-avlmales-for-breeding","status":"publish","type":"page","link":"http:\/\/www.japansk-spisshund.net\/NO\/?page_id=2597","title":{"rendered":"HANNHUNDER TIL AVL\/MALES FOR BREEDING"},"content":{"rendered":"<p>Har du en hannhund som du vil l\u00e5ne ut for avl, er du velkommen til \u00e5 publisere det p\u00e5 denne siden. (Kun\u00a0for medlemmer av NJSK\/members only)<\/p>\n<p>Send opplysninger som nedenfor til v\u00e5rt avslr\u00e5d for godkjenning:<br \/>\nBilder (ett forfra, ett st\u00e5ende fra siden), kopi av stamtavle, PATELLA-ATTEST\u00a0og eventuelle resultater fra andre helseunders\u00f8kelser sendes til: avlsrad@japansk-spisshund.net<\/p>\n<h3><a href=\"http:\/\/www.japansk-spisshund.net\/NO\/wp-content\/uploads\/2020\/05\/Hannhundlisten-info-fra-NJSKs-avlsr%C3%A5d.pdf\" target=\"_blank\">KLIKK HER FOR INFORMASJON OM HANNHUNDLISTEN FRA AVLSR\u00c5DET (11\/5-2020)!<\/a><\/h3>\n<p>Viktige kilder til mer informasjon om avl:<\/p>\n<ul>\n<li><a href=\"http:\/\/www.japansk-spisshund.net\/NO\/wp-content\/uploads\/2020\/05\/Retningslinjer-for-avl-2018.pdf\" target=\"_blank\">NJSKs anbefalte retningslinjer for avl og oppdrett<\/a><\/li>\n<li><a href=\"https:\/\/www.nkk.no\/getfile.php\/13278450-1536735722\/Dokumenter\/Helse\/Etiske%20retningslinjer%20avl%20og%20oppdrett%20-%20Juni%202018.pdf\" target=\"_blank\">NKKs avlsstrategi og etiske retningslinjer for avl og oppdrett<\/a><\/li>\n<li><a href=\"https:\/\/www.nkk.no\/getfile.php\/13898-1528360404\/Filer\/RAS\/RAS\/Japansk%20spisshund%20RAS%20v1.pdf\" target=\"_blank\">Rasespesifikk Avlsstrategi for Japansk Spisshund (RAS-dokumentet)<\/a><\/li>\n<\/ul>\n<table style=\"height: 36px;\" width=\"128\">\n<tbody>\n<tr>\n<td><\/td>\n<td><\/td>\n<\/tr>\n<\/tbody>\n<\/table>\n<p>&nbsp;<\/p>\n<p>&nbsp;<\/p>\n<h3>TA KONTAKT MED AVSLR\u00c5DET OM DU VIL SE DIN HANNHUND P\u00c5 DENNE SIDEN! \ud83d\ude42<\/h3>\n<p>&nbsp;<\/p>\n<table style=\"height: 414px;\" width=\"752\">\n<tbody>\n<tr>\n<td><\/td>\n<td><\/td>\n<\/tr>\n<tr>\n<td class=\"alignnone\"><a href=\"http:\/\/www.japansk-spisshund.net\/NO\/wp-content\/uploads\/2015\/03\/image0-8.jpeg\" rel=\"attachment wp-att-4138\"><img loading=\"lazy\" decoding=\"async\" class=\"wp-image-4138 size-thumbnail aligncenter\" src=\"http:\/\/www.japansk-spisshund.net\/NO\/wp-content\/uploads\/2015\/03\/image0-8-150x150.jpeg\" alt=\"image0 (8)\" width=\"150\" height=\"150\" \/><\/a><\/p>\n<p><a href=\"http:\/\/www.japansk-spisshund.net\/NO\/wp-content\/uploads\/2015\/03\/DSC09423.jpg\" rel=\"attachment wp-att-4133\"><img loading=\"lazy\" decoding=\"async\" class=\"wp-image-4133 size-thumbnail aligncenter\" src=\"http:\/\/www.japansk-spisshund.net\/NO\/wp-content\/uploads\/2015\/03\/DSC09423-150x150.jpg\" alt=\"DSC09423\" width=\"150\" height=\"150\" \/><\/a><\/td>\n<td>\n<h2><strong>Arashi`s Othello of Aila &laquo;Matheo&raquo;<\/strong><\/h2>\n<p><strong>Reg.nr.:<\/strong>\u00a0NO37219\/16, f\u00f8dt 15.03.16<\/p>\n<p><strong>Eier:<\/strong> Mette Abrahamsen<br \/>\nBosted: 5253 Sandsli<br \/>\nTelefon: 480 33 581<br \/>\nE-post: <a href=\"mailto:mette.abrahams@gmail.com\">mette.abrahams@gmail.com<\/a><\/p>\n<p><strong>Helse:\u00a0<\/strong>Patella 0\/0, uten anmerkninger.<\/p>\n<p><strong>Meritter:<\/strong> N UCH<\/td>\n<\/tr>\n<tr>\n<td><\/td>\n<td><\/td>\n<\/tr>\n<\/tbody>\n<\/table>\n<p>&nbsp;<\/p>\n<table style=\"height: 456px;\" width=\"869\">\n<tbody>\n<tr>\n<td><\/td>\n<td><\/td>\n<\/tr>\n<tr>\n<td class=\"alignnone\">\n<p style=\"text-align: center;\">\u00a0 \u00a0 \u00a0 \u00a0\u00a0<a href=\"http:\/\/www.japansk-spisshund.net\/NO\/wp-content\/uploads\/2022\/12\/received_419977643574394.jpeg\" rel=\"attachment wp-att-4397\"><img loading=\"lazy\" decoding=\"async\" class=\"size-thumbnail wp-image-4397 aligncenter\" src=\"http:\/\/www.japansk-spisshund.net\/NO\/wp-content\/uploads\/2022\/12\/received_419977643574394-150x150.jpeg\" alt=\"received_419977643574394\" width=\"150\" height=\"150\" \/><\/a><\/p>\n<p style=\"text-align: right;\"><a href=\"http:\/\/www.japansk-spisshund.net\/NO\/wp-content\/uploads\/2022\/12\/received_620372122886877.jpeg\" rel=\"attachment wp-att-4396\"><img loading=\"lazy\" decoding=\"async\" class=\"size-thumbnail wp-image-4396 aligncenter\" src=\"http:\/\/www.japansk-spisshund.net\/NO\/wp-content\/uploads\/2022\/12\/received_620372122886877-150x150.jpeg\" alt=\"received_620372122886877\" width=\"150\" height=\"150\" \/><\/a><a href=\"http:\/\/www.japansk-spisshund.net\/NO\/wp-content\/uploads\/2015\/03\/IMG_9182.jpg\" rel=\"attachment wp-att-4133\"><br \/>\n<\/a><\/p>\n<\/td>\n<td>\n<h2><\/h2>\n<h2><\/h2>\n<h2><strong>Lovely Sapphire&#8217;s Best Brother &laquo;Bamse&raquo;<\/strong><\/h2>\n<p><strong>Reg.nr.:\u00a0<\/strong>NO52051\/20, f\u00f8dt 20.07.2020<\/p>\n<p><strong>Eier:\u00a0Marita Cesilie Helstr\u00f8m<\/strong><br \/>\nBosted:\u00a0Rena<br \/>\nTelefon: 996 21 945<br \/>\nE-post: <a href=\"mailto:dragi_vitramon@hotmail.com\" target=\"_blank\">dragi_vitramon@hotmail.com<\/a><\/p>\n<p><strong>Helse:\u00a0<\/strong>Patella 0\/0, uten anmerkninger.<br \/>\nHD: A\/A<br \/>\nAD: 0\/0<\/p>\n<p><strong>Meritter<\/strong>: NJV-21, stor-CERT rasespesial<\/td>\n<\/tr>\n<tr>\n<td><\/td>\n<td><\/td>\n<\/tr>\n<\/tbody>\n<\/table>\n<p>&nbsp;<\/p>\n<table style=\"height: 77px;\" width=\"829\">\n<tbody>\n<tr>\n<td><\/td>\n<td><\/td>\n<\/tr>\n<tr>\n<td class=\"alignnone\"><a href=\"http:\/\/www.japansk-spisshund.net\/NO\/wp-content\/uploads\/2015\/03\/IMG_20210131_211001.jpg\" rel=\"attachment wp-att-4183\"><img loading=\"lazy\" decoding=\"async\" class=\"size-thumbnail wp-image-4183 aligncenter\" src=\"http:\/\/www.japansk-spisshund.net\/NO\/wp-content\/uploads\/2015\/03\/IMG_20210131_211001-150x150.jpg\" alt=\"dav\" width=\"150\" height=\"150\" \/><\/a><\/p>\n<p><a href=\"http:\/\/www.japansk-spisshund.net\/NO\/wp-content\/uploads\/2015\/03\/IMG_20210131_211047.jpg\" rel=\"attachment wp-att-4184\"><img loading=\"lazy\" decoding=\"async\" class=\"size-thumbnail wp-image-4184 aligncenter\" src=\"http:\/\/www.japansk-spisshund.net\/NO\/wp-content\/uploads\/2015\/03\/IMG_20210131_211047-150x150.jpg\" alt=\"IMG_20210131_211047\" width=\"150\" height=\"150\" \/><\/a><\/td>\n<td>\n<h2><strong>Don\u00e5sen&#8217;s Don Sebastian D&#8217;la Helix \u00a0 \u00a0<\/strong><\/h2>\n<p><strong>Reg.nr.: <\/strong>NO45965\/12, f\u00f8dt 01.06.2012<\/p>\n<p style=\"font-weight: 400;\"><strong>Eier:<\/strong> Karitte Hyllmark<br \/>\nBosted: 7153 Garten<br \/>\nTlf: 951 77\u00a0818<br \/>\nE-post:\u00a0<a href=\"mailto:karittek@broadpark.no\">karittek@broadpark.no<\/a><\/p>\n<p style=\"font-weight: 400;\"><strong>Helse:<\/strong> Patella 0\/0 uten anmerkninger<\/p>\n<p style=\"font-weight: 400;\"><strong>Meritter:<\/strong> C.I.B. N DK SE UCH<\/p>\n<\/td>\n<\/tr>\n<tr>\n<td><\/td>\n<td><\/td>\n<\/tr>\n<\/tbody>\n<\/table>\n<p>&nbsp;<\/p>\n<table style=\"height: 375px;\" width=\"694\">\n<tbody>\n<tr>\n<td><\/td>\n<td><\/td>\n<\/tr>\n<tr>\n<td class=\"alignnone\"><a href=\"http:\/\/www.japansk-spisshund.net\/NO\/wp-content\/uploads\/2022\/04\/20211230_130712_resized-1.jpg\" target=\"_blank\" rel=\"attachment wp-att-4316\"><img loading=\"lazy\" decoding=\"async\" class=\"aligncenter wp-image-4324 size-thumbnail\" src=\"http:\/\/www.japansk-spisshund.net\/NO\/wp-content\/uploads\/2022\/04\/20211230_130712_resized-1-150x150.jpg\" alt=\"\" width=\"150\" height=\"150\" \/><\/a>\u00a0<a href=\"http:\/\/www.japansk-spisshund.net\/NO\/wp-content\/uploads\/2022\/04\/20220131_122522-1.jpg\"><img loading=\"lazy\" decoding=\"async\" class=\"aligncenter wp-image-4323 size-thumbnail\" src=\"http:\/\/www.japansk-spisshund.net\/NO\/wp-content\/uploads\/2022\/04\/20220131_122522-1-150x150.jpg\" alt=\"\" width=\"150\" height=\"150\" \/><\/a><\/td>\n<td>\n<h2><strong class=\"alignnone\">Jasam\u2019s Life After Isolation \u00a0<\/strong><\/h2>\n<p style=\"font-weight: 400;\"><strong>Reg. nr.<\/strong>: NO40705\/20<\/p>\n<p style=\"font-weight: 400; text-align: left;\"><strong>Eier:<\/strong> Bodil Wang,\u00a02900 Fagernes<br \/>\nTlf: \u00a0907 66\u00a0764<br \/>\nE-post: <a href=\"mailto:bodil.wang@hotmail.com\" target=\"_blank\" rel=\"nofollow noopener noreferrer\"><span lang=\"EN-GB\">bodil.wang@hotmail.com<\/span><\/a><\/p>\n<p style=\"font-weight: 400; text-align: left;\"><strong>Helse:<\/strong> Patella 0\/0 uten anmerkninger<\/p>\n<\/td>\n<\/tr>\n<\/tbody>\n<\/table>\n<p>&nbsp;<\/p>\n<table style=\"height: 376px;\" width=\"816\">\n<tbody>\n<tr>\n<td><\/td>\n<td><\/td>\n<\/tr>\n<tr>\n<td class=\"alignnone\"><a href=\"http:\/\/www.japansk-spisshund.net\/NO\/wp-content\/uploads\/2015\/03\/196687996_162393749199543_8867043440545040256_n.jpg\" rel=\"attachment wp-att-4242\"><img loading=\"lazy\" decoding=\"async\" class=\"size-thumbnail wp-image-4242 aligncenter\" src=\"http:\/\/www.japansk-spisshund.net\/NO\/wp-content\/uploads\/2015\/03\/196687996_162393749199543_8867043440545040256_n-150x150.jpg\" alt=\"196687996_162393749199543_8867043440545040256_n\" width=\"150\" height=\"150\" \/><\/a><\/p>\n<p><a href=\"http:\/\/www.japansk-spisshund.net\/NO\/wp-content\/uploads\/2015\/03\/196833666_121710620044258_3136243116966914288_n.jpg\" rel=\"attachment wp-att-4243\"><img loading=\"lazy\" decoding=\"async\" class=\"size-thumbnail wp-image-4243 aligncenter\" src=\"http:\/\/www.japansk-spisshund.net\/NO\/wp-content\/uploads\/2015\/03\/196833666_121710620044258_3136243116966914288_n-150x150.jpg\" alt=\"196833666_121710620044258_3136243116966914288_n\" width=\"150\" height=\"150\" \/><\/a><\/td>\n<td>\n<h2><strong>Aiko\u00a0 \u00a0 \u00a0 \u00a0 \u00a0 \u00a0 \u00a0 \u00a0 \u00a0 \u00a0 \u00a0 \u00a0 \u00a0 \u00a0 \u00a0 \u00a0 \u00a0 \u00a0 \u00a0 \u00a0 \u00a0 \u00a0 \u00a0 \u00a0 \u00a0 \u00a0 \u00a0 \u00a0 \u00a0 \u00a0 \u00a0 \u00a0\u00a0<\/strong><\/h2>\n<p style=\"font-weight: 400;\"><strong>Reg. nr.<\/strong>: NO34554\/18, f\u00f8dt: 21.02.2018<\/p>\n<p style=\"font-weight: 400;\"><strong>Eier:<\/strong>\u00a0Elisabeth Fagerheim Johansen<br \/>\nBosted: 8023 Bod\u00f8<br \/>\nTlf: 932 24 142<br \/>\nE-post:\u00a0<a href=\"mailto:lizfagerheim@hotmail.com\" target=\"_blank\">lizfagerheim@hotmail.com<\/a><\/p>\n<p style=\"font-weight: 400;\"><strong>Helse:<\/strong>\u00a0Patella 0\/0 uten anmerkninger<\/p>\n<p style=\"font-weight: 400;\"><strong>Meritter:<\/strong>\u00a0N UCH<\/p>\n<\/td>\n<\/tr>\n<\/tbody>\n<\/table>\n<p>&nbsp;<\/p>\n<table style=\"height: 361px;\" width=\"798\">\n<tbody>\n<tr>\n<td><\/td>\n<td><\/td>\n<\/tr>\n<tr>\n<td class=\"alignnone\"><a href=\"http:\/\/www.japansk-spisshund.net\/NO\/wp-content\/uploads\/2023\/05\/20230507_151707.jpg\" rel=\"attachment wp-att-4429\"><img loading=\"lazy\" decoding=\"async\" class=\"size-thumbnail wp-image-4429 aligncenter\" src=\"http:\/\/www.japansk-spisshund.net\/NO\/wp-content\/uploads\/2023\/05\/20230507_151707-150x150.jpg\" alt=\"20230507_151707\" width=\"150\" height=\"150\" \/><\/a><a href=\"http:\/\/www.japansk-spisshund.net\/NO\/wp-content\/uploads\/2015\/03\/20230507_151707-e1684407991692.jpg\" target=\"_blank\" rel=\"attachment wp-att-4424\"><br \/>\n<\/a><a href=\"http:\/\/www.japansk-spisshund.net\/NO\/wp-content\/uploads\/2015\/03\/received_273148528400900.jpeg\" rel=\"attachment wp-att-4423\"><img loading=\"lazy\" decoding=\"async\" class=\"size-thumbnail wp-image-4423 aligncenter\" src=\"http:\/\/www.japansk-spisshund.net\/NO\/wp-content\/uploads\/2015\/03\/received_273148528400900-150x150.jpeg\" alt=\"received_273148528400900\" width=\"150\" height=\"150\" \/><\/a><\/td>\n<td>\n<h2>Haku Otoshidama New Year&#8217;s Gift<\/h2>\n<p style=\"font-weight: 400;\"><strong>Reg. nr.<\/strong>: NO34977\/21, f\u00f8dt: 26.01.2021<\/p>\n<p style=\"font-weight: 400;\"><strong>Eier:<\/strong> Julie Kristin Sandli<br \/>\nBosted: 1613\u00a0Fredrikstad<br \/>\nTlf: 957 76\u00a0925<br \/>\nE-post:\u00a0<a href=\"julie.sandli@hotmail.com\" target=\"_blank\">julie.sandli@hotmail.com<\/a><\/p>\n<p style=\"font-weight: 400;\"><strong>Helse:<\/strong>\u00a0Patella 0\/0 uten anmerkninger<\/p>\n<p style=\"font-weight: 400;\"><strong>Meritter:<\/strong>\u00a0&#8212;<\/p>\n<\/td>\n<\/tr>\n<\/tbody>\n<\/table>\n<p>&nbsp;<\/p>\n<table style=\"height: 422px;\" width=\"807\">\n<tbody>\n<tr>\n<td><\/td>\n<td><\/td>\n<\/tr>\n<tr>\n<td class=\"alignnone\"><a href=\"http:\/\/www.japansk-spisshund.net\/NO\/wp-content\/uploads\/2023\/07\/IMG_9110-e1688307165739.jpeg\" rel=\"attachment wp-att-4472\"><img loading=\"lazy\" decoding=\"async\" class=\"aligncenter size-thumbnail wp-image-4472\" src=\"http:\/\/www.japansk-spisshund.net\/NO\/wp-content\/uploads\/2023\/07\/IMG_9110-e1688307165739-150x150.jpeg\" alt=\"IMG_9110\" width=\"150\" height=\"150\" \/><\/a><br \/>\n<a href=\"http:\/\/www.japansk-spisshund.net\/NO\/wp-content\/uploads\/2023\/07\/IMG_8660-e1688306023174.jpeg\" rel=\"attachment wp-att-4467\"><img loading=\"lazy\" decoding=\"async\" class=\"aligncenter size-thumbnail wp-image-4467\" src=\"http:\/\/www.japansk-spisshund.net\/NO\/wp-content\/uploads\/2023\/07\/IMG_8660-e1688306023174-150x150.jpeg\" alt=\"IMG_8660\" width=\"150\" height=\"150\" \/><\/a><\/td>\n<td>\n<h2>Jamasti&#8217;s Norwegian Spirit &laquo;Spirit&raquo;<\/h2>\n<p style=\"font-weight: 400;\"><strong>Reg. nr.<\/strong>: NO58277\/18, f\u00f8dt: 06.11.2018<\/p>\n<p style=\"font-weight: 400;\"><strong>Eier:<\/strong>\u00a0Hege Stormoen<br \/>\nBosted: Vestby<br \/>\nTlf:\u00a0950 00 773<br \/>\nE-post: <a href=\"mailto:hege.stormoen@icloud.com\" target=\"_blank\">hege.stormoen@icloud.com<\/a><\/p>\n<p style=\"font-weight: 400;\"><strong>Helse:<\/strong>\u00a0Patella 0\/0 uten anmerkninger<\/p>\n<p style=\"font-weight: 400;\"><strong>Meritter:<\/strong>\u00a0&#8212;<\/p>\n<\/td>\n<\/tr>\n<\/tbody>\n<\/table>\n","protected":false},"excerpt":{"rendered":"<p>Har du en hannhund som du vil l\u00e5ne ut for avl, er du velkommen til \u00e5 publisere det p\u00e5 denne siden. (Kun\u00a0for medlemmer av NJSK\/members only) Send opplysninger som nedenfor til v\u00e5rt avslr\u00e5d for godkjenning: Bilder (ett forfra, ett st\u00e5ende fra siden), kopi av stamtavle, PATELLA-ATTEST\u00a0og eventuelle resultater fra andre helseunders\u00f8kelser sendes til: avlsrad@japansk-spisshund.net KLIKK [&hellip;]<\/p>\n","protected":false},"author":1,"featured_media":0,"parent":59,"menu_order":0,"comment_status":"closed","ping_status":"closed","template":"","meta":{"footnotes":""},"_links":{"self":[{"href":"http:\/\/www.japansk-spisshund.net\/NO\/index.php?rest_route=\/wp\/v2\/pages\/2597"}],"collection":[{"href":"http:\/\/www.japansk-spisshund.net\/NO\/index.php?rest_route=\/wp\/v2\/pages"}],"about":[{"href":"http:\/\/www.japansk-spisshund.net\/NO\/index.php?rest_route=\/wp\/v2\/types\/page"}],"author":[{"embeddable":true,"href":"http:\/\/www.japansk-spisshund.net\/NO\/index.php?rest_route=\/wp\/v2\/users\/1"}],"replies":[{"embeddable":true,"href":"http:\/\/www.japansk-spisshund.net\/NO\/index.php?rest_route=%2Fwp%2Fv2%2Fcomments&post=2597"}],"version-history":[{"count":127,"href":"http:\/\/www.japansk-spisshund.net\/NO\/index.php?rest_route=\/wp\/v2\/pages\/2597\/revisions"}],"predecessor-version":[{"id":4473,"href":"http:\/\/www.japansk-spisshund.net\/NO\/index.php?rest_route=\/wp\/v2\/pages\/2597\/revisions\/4473"}],"up":[{"embeddable":true,"href":"http:\/\/www.japansk-spisshund.net\/NO\/index.php?rest_route=\/wp\/v2\/pages\/59"}],"wp:attachment":[{"href":"http:\/\/www.japansk-spisshund.net\/NO\/index.php?rest_route=%2Fwp%2Fv2%2Fmedia&parent=2597"}],"curies":[{"name":"wp","href":"https:\/\/api.w.org\/{rel}","templated":true}]}}