{"id":2566,"date":"2015-02-20T02:37:18","date_gmt":"2015-02-20T01:37:18","guid":{"rendered":"http:\/\/www.japansk-spisshund.net\/NO\/?page_id=2566"},"modified":"2015-08-17T19:56:34","modified_gmt":"2015-08-17T17:56:34","slug":"utstillingsresultater-februar-2015","status":"publish","type":"page","link":"http:\/\/www.japansk-spisshund.net\/NO\/?page_id=2566","title":{"rendered":"UTSTILLINGSRESULTATER FEBRUAR 2015"},"content":{"rendered":"<p><a title=\"UTSTILLINGSRESULTATER 2015\" href=\"http:\/\/www.japansk-spisshund.net\/NO\/?page_id=2441\">Tilbake til Utstillingsresultater 2015<\/a><\/p>\n<table style=\"height: 452px;\" width=\"827\">\n<tbody>\n<tr>\n<td colspan=\"5\" width=\"705\">\n<h3>Norsk Welsh Corgi Klubb &#8211; Exporama, Hellerud &#8211; l\u00f8rdag 7. februar<\/h3>\n<\/td>\n<\/tr>\n<tr>\n<td colspan=\"2\">DOMMER: Wilberg, Knut Sigurd<\/td>\n<\/tr>\n<tr>\n<td colspan=\"2\">Antall p\u00e5meldte: 7 stk<\/td>\n<td><\/td>\n<\/tr>\n<tr>\n<td>\n<h5>HANNER:<\/h5>\n<\/td>\n<td><\/td>\n<td>\n<h5>REG.NR.:<\/h5>\n<\/td>\n<td>\n<h5>EIERS NAVN\/STED:<\/h5>\n<\/td>\n<td>\n<h5>RESULTAT:<\/h5>\n<\/td>\n<\/tr>\n<tr>\n<td colspan=\"2\">\n<h6>Championklasse:<\/h6>\n<\/td>\n<td><\/td>\n<td><\/td>\n<td><\/td>\n<\/tr>\n<tr>\n<td colspan=\"2\">Moneva&#8217;s Unique Uno of Olivia<\/td>\n<td>NO51655\/11<\/td>\n<td>John Even Berntsen, Hauglandshella<\/td>\n<td>EXC.CHK-2.CHKK-CK-2.BHK<\/td>\n<\/tr>\n<tr>\n<td colspan=\"2\">State-of-Art Adorable Al-X<\/td>\n<td>26635\/08<\/td>\n<td>Tone R. S\u00f8mme, R\u00e5n\u00e5sfoss<\/td>\n<td>EXC.CHK-1.CHKK-CK-1.BHK-BIM<\/td>\n<\/tr>\n<tr>\n<td colspan=\"2\">\n<h6>Veteranklasse:<\/h6>\n<\/td>\n<td><\/td>\n<td><\/td>\n<td><\/td>\n<\/tr>\n<tr>\n<td colspan=\"2\">Okkoyomas Remix D&#8217;miss Arne<\/td>\n<td>21110\/05<\/td>\n<td>Edith Bakken, Hallingby<\/td>\n<td>EXC.VTK-1.VTKK &#8211; BIR veteran<\/td>\n<\/tr>\n<tr>\n<td>\n<h5>TISPER:<\/h5>\n<\/td>\n<td><\/td>\n<td><\/td>\n<td><\/td>\n<td><\/td>\n<\/tr>\n<tr>\n<td colspan=\"2\">\n<h6>Juniorklasse:<\/h6>\n<\/td>\n<td><\/td>\n<td><\/td>\n<td><\/td>\n<\/tr>\n<tr>\n<td colspan=\"2\">Moneva&#8217;s Xtreme Manami of Lexie<\/td>\n<td>NO53940\/13<\/td>\n<td>Catharina Berntsen, Kleppest\u00f8<\/td>\n<td>VG.JK<\/td>\n<\/tr>\n<tr>\n<td colspan=\"2\">\n<h6>Unghundklasse:<\/h6>\n<\/td>\n<td><\/td>\n<td><\/td>\n<td><\/td>\n<\/tr>\n<tr>\n<td colspan=\"2\">Sn\u00f8hvit&#8217;s Cajsa of Sasha<\/td>\n<td>NO54413\/13<\/td>\n<td>Catharina Berntsen, Kleppest\u00f8<\/td>\n<td>VG.UK-1.UKK<\/td>\n<\/tr>\n<tr>\n<td colspan=\"2\">\n<h6>\u00c5pen klasse:<\/h6>\n<\/td>\n<td><\/td>\n<td><\/td>\n<td><\/td>\n<\/tr>\n<tr>\n<td colspan=\"2\">Tricoline&#8217;s F-Bianca Sachiko<\/td>\n<td>NO33025\/10<\/td>\n<td>Lise K. Sunnan\u00e5, Fyllingsdalen<\/td>\n<td>VG.AK-1.AKK<\/td>\n<\/tr>\n<tr>\n<td colspan=\"2\">\n<h6>Championklasse:<\/h6>\n<\/td>\n<td><\/td>\n<td><\/td>\n<td><\/td>\n<\/tr>\n<tr>\n<td colspan=\"2\">State-of-Art Amazing Asia<\/td>\n<td>26636\/08<\/td>\n<td>Tone R. S\u00f8mme, R\u00e5n\u00e5sfoss<\/td>\n<td>EXC.CHK-1.CHKK-CK-1.BTK-BIR<\/td>\n<\/tr>\n<\/tbody>\n<\/table>\n<p>&nbsp;<\/p>\n<table style=\"height: 402px;\" width=\"820\">\n<tbody>\n<tr>\n<td colspan=\"5\" width=\"695\">\n<h3>Norsk Boxerklubb &#8211; Exporama, Hellerud &#8211; s\u00f8ndag 8. februar<\/h3>\n<\/td>\n<\/tr>\n<tr>\n<td colspan=\"2\">DOMMER: Redlicki, Miroslaw<\/td>\n<\/tr>\n<tr>\n<td colspan=\"2\">Antall p\u00e5meldte: 6 stk.<\/td>\n<td><\/td>\n<\/tr>\n<tr>\n<td>\n<h5>HANNER:<\/h5>\n<\/td>\n<td><\/td>\n<td>\n<h5>REG.NR.:<\/h5>\n<\/td>\n<td>\n<h5>EIERS NAVN\/STED:<\/h5>\n<\/td>\n<td>\n<h5>RESULTAT:<\/h5>\n<\/td>\n<\/tr>\n<tr>\n<td colspan=\"2\">\n<h6>Championklasse<\/h6>\n<\/td>\n<td><\/td>\n<td><\/td>\n<td><\/td>\n<\/tr>\n<tr>\n<td colspan=\"2\">Moneva&#8217;s Unique Uno of Olivia<\/td>\n<td>NO51655\/11<\/td>\n<td>John Even Berntsen, Hauglandshella<\/td>\n<td>EXC.CHK-2.CHKK-CK-2.BHK<\/td>\n<\/tr>\n<tr>\n<td colspan=\"2\">State-of-Art Adorable Al-X<\/td>\n<td>26635\/08<\/td>\n<td>Tone R. S\u00f8mme, R\u00e5n\u00e5sfoss<\/td>\n<td>EXC.CHK-1.CHKK-CK-1.BHK-BIR<\/td>\n<\/tr>\n<tr>\n<td>\n<h5>TISPER:<\/h5>\n<\/td>\n<td><\/td>\n<td>\n<h5>\u00a0REG.NR.:<\/h5>\n<\/td>\n<td><\/td>\n<td><\/td>\n<\/tr>\n<tr>\n<td>\n<h6>Juniorklasse<\/h6>\n<\/td>\n<td><\/td>\n<td><\/td>\n<td><\/td>\n<td><\/td>\n<\/tr>\n<tr>\n<td colspan=\"2\">Moneva&#8217;s Xtreme Manami of Lexie<\/td>\n<td>NO53940\/13<\/td>\n<td>Catharina Berntsen, Kleppest\u00f8<\/td>\n<td>EXC.JK-1.JKK<\/td>\n<\/tr>\n<tr>\n<td colspan=\"2\">\n<h6>Unghundklasse<\/h6>\n<\/td>\n<td><\/td>\n<td><\/td>\n<td><\/td>\n<\/tr>\n<tr>\n<td colspan=\"2\">Sn\u00f8hvit&#8217;s Cajsa of Sasha<\/td>\n<td>NO54413\/13<\/td>\n<td>Catharina Berntsen, Kleppest\u00f8<\/td>\n<td>EXC.UK-1.UKK-CK-1.BTK-BIM<\/td>\n<\/tr>\n<tr>\n<td>\n<h6>\u00c5pen klasse<\/h6>\n<\/td>\n<td><\/td>\n<td><\/td>\n<td><\/td>\n<td><\/td>\n<\/tr>\n<tr>\n<td colspan=\"2\">Neri<\/td>\n<td>NO35745\/11<\/td>\n<td>Berit Johanne Skj\u00f8nberg, \u00d8rje<\/td>\n<td>EXC.AK-1.AKK<\/td>\n<\/tr>\n<tr>\n<td colspan=\"2\">\n<h6>Championklasse<\/h6>\n<\/td>\n<td><\/td>\n<td><\/td>\n<td><\/td>\n<\/tr>\n<tr>\n<td colspan=\"2\">State-of-Art Amazing Asia<\/td>\n<td>26636\/08<\/td>\n<td>Tone R. S\u00f8mme, R\u00e5n\u00e5sfoss<\/td>\n<td>EXC.CHK-1.CHKK-CK-2.BTK<\/td>\n<\/tr>\n<\/tbody>\n<\/table>\n<p>&nbsp;<\/p>\n<table style=\"height: 502px;\" width=\"820\">\n<tbody>\n<tr>\n<td colspan=\"5\" width=\"749\">\n<h3>\u00d8len &#8211; Etne &#8211; Vindafjord Hundeklubb, Etne &#8211; l\u00f8rdag 14. februar<\/h3>\n<\/td>\n<\/tr>\n<tr>\n<td colspan=\"2\">DOMMER: Andersson, Johnny<\/td>\n<\/tr>\n<tr>\n<td colspan=\"2\">Antall p\u00e5meldte: 9 stk.<\/td>\n<\/tr>\n<tr>\n<td>\n<h5>HANNER:<\/h5>\n<\/td>\n<td><\/td>\n<td>\n<h5>REG.NR.:<\/h5>\n<\/td>\n<td>\n<h5>EIERS NAVN\/STED:<\/h5>\n<\/td>\n<td>\n<h5>RESULTAT:<\/h5>\n<\/td>\n<\/tr>\n<tr>\n<td>\n<h6>Championklasse:<\/h6>\n<\/td>\n<td><\/td>\n<td><\/td>\n<td><\/td>\n<td><\/td>\n<\/tr>\n<tr>\n<td colspan=\"2\">Oki-Sotos Dandy Denzo<\/td>\n<td>NO41112\/11<\/td>\n<td>Britt F. Hafs\u00f8e, \u00c5lg\u00e5rd<\/td>\n<td>EXC.CHK-1.CHKK-CK-1.BHK-BIM<\/td>\n<\/tr>\n<tr>\n<td colspan=\"2\">Jasam`s Oriental Grandson of Cola<\/td>\n<td>NO38399\/10<\/td>\n<td>Hanne N. \u00c5nensen, Kopervik<\/td>\n<td>EXC.CHK-2.CHKK-CK-2.BHK<\/td>\n<\/tr>\n<tr>\n<td>\n<h5>TISPER:<\/h5>\n<\/td>\n<td><\/td>\n<td><\/td>\n<td>\n<h5>EIERS NAVN\/STED:<\/h5>\n<\/td>\n<td>\n<h5>RESULTAT:<\/h5>\n<\/td>\n<\/tr>\n<tr>\n<td>\n<h6>Juniorklasse:<\/h6>\n<\/td>\n<td><\/td>\n<td><\/td>\n<td><\/td>\n<td><\/td>\n<\/tr>\n<tr>\n<td colspan=\"2\">Ivana<\/td>\n<td>NO40469\/14<\/td>\n<td>Marit Langeland, Valen<\/td>\n<td>VG.JK-1.JKK<\/td>\n<\/tr>\n<tr>\n<td>\n<h6>Unghundklasse:<\/h6>\n<\/td>\n<td><\/td>\n<td><\/td>\n<td><\/td>\n<td><\/td>\n<\/tr>\n<tr>\n<td colspan=\"2\">Jamasti`s Amazing Sasja<\/td>\n<td>NO41360\/13<\/td>\n<td>Cathrine Larsen, Haugesund<\/td>\n<td>EXC.UK-1.UKK<\/td>\n<\/tr>\n<tr>\n<td>\n<h6>\u00c5pen klasse:<\/h6>\n<\/td>\n<td><\/td>\n<td><\/td>\n<td><\/td>\n<td><\/td>\n<\/tr>\n<tr>\n<td colspan=\"2\">Mayra<\/td>\n<td>NO44998\/09<\/td>\n<td>Mette Iren Ingebrigtsen, B\u00f8nes<\/td>\n<td>EXC.AK-2.AKK<\/td>\n<\/tr>\n<tr>\n<td colspan=\"2\">Moneva`s Unique Ulla Of Olivia<\/td>\n<td>NO51659\/11<\/td>\n<td>Mona Tertnes-Bakke, Nyborg<\/td>\n<td>EXC.AK-1.AKK<\/td>\n<\/tr>\n<tr>\n<td>\n<h6>Championklasse:<\/h6>\n<\/td>\n<td><\/td>\n<td><\/td>\n<td><\/td>\n<td><\/td>\n<\/tr>\n<tr>\n<td colspan=\"2\">Oki-Sotos Dame Daini<\/td>\n<td>NO41114\/11<\/td>\n<td>Britt F. Hafs\u00f8e, \u00c5lg\u00e5rd<\/td>\n<td>EXC.CHK-2.CHKK<\/td>\n<\/tr>\n<tr>\n<td colspan=\"2\">Fenomenets Backstage<\/td>\n<td>NO42350\/11<\/td>\n<td>Mette Iren Ingebrigtsen, B\u00f8nes<\/td>\n<td>EXC.CHK-1.CHKK-CK-1.BTK-BIR<\/td>\n<\/tr>\n<tr>\n<td>\n<h6>Veteranklasse:<\/h6>\n<\/td>\n<td><\/td>\n<td><\/td>\n<td><\/td>\n<td><\/td>\n<\/tr>\n<tr>\n<td colspan=\"2\">Angel<\/td>\n<td>04875\/03<\/td>\n<td>Marit Totland og Jostein Taule, Kleppest\u00f8<\/td>\n<td>EXC.VTK-1.VTKK &#8211; BIR veteran<\/td>\n<\/tr>\n<\/tbody>\n<\/table>\n<p>&nbsp;<\/p>\n<table style=\"height: 1083px;\" width=\"840\">\n<tbody>\n<tr>\n<td colspan=\"3\" width=\"306\">\n<h3>NKK B\u00f8, s\u00f8ndag 22. februar<\/h3>\n<\/td>\n<td width=\"221\"><\/td>\n<td width=\"247\"><\/td>\n<\/tr>\n<tr>\n<td colspan=\"2\">DOMMER: Muldoon, Colette<\/td>\n<\/tr>\n<tr>\n<td colspan=\"2\">Antall p\u00e5meldte: 17 stk.<\/td>\n<td><\/td>\n<\/tr>\n<tr>\n<td>\n<h5>HANNER:<\/h5>\n<\/td>\n<td><\/td>\n<td>\n<h5>REG.NR.:<\/h5>\n<\/td>\n<td>\n<h5>EIERS NAVN\/STED:<\/h5>\n<\/td>\n<td>\n<h5>RESULTAT:<\/h5>\n<\/td>\n<\/tr>\n<tr>\n<td colspan=\"2\">\n<h6>Juniorklasse:<\/h6>\n<\/td>\n<td><\/td>\n<td><\/td>\n<td><\/td>\n<\/tr>\n<tr>\n<td colspan=\"2\">Jasam`s White Sparkling Star<\/td>\n<td>NO40812\/14<\/td>\n<td>Tore og Tone Botten, \u00c5svang<\/td>\n<td>EXC.JK-1.JKK-CK<\/td>\n<\/tr>\n<tr>\n<td colspan=\"2\">Ice White`s Funky Frank<\/td>\n<td>NO42637\/14<\/td>\n<td>Linda Christoffersen, Porsgrunn<\/td>\n<td>VG.JK-2.JKK<\/td>\n<\/tr>\n<tr>\n<td colspan=\"2\">\n<h6>Unghundklasse:<\/h6>\n<\/td>\n<td><\/td>\n<td><\/td>\n<td><\/td>\n<\/tr>\n<tr>\n<td colspan=\"2\">Shantlin`s Summer Shadow<\/td>\n<td>NO51822\/13<\/td>\n<td>Tone Marie Nymoen, Notodden<\/td>\n<td>VG.UK-1.UKK<\/td>\n<\/tr>\n<tr>\n<td colspan=\"2\">\n<h6>\u00c5pen klasse:<\/h6>\n<\/td>\n<td><\/td>\n<td><\/td>\n<td><\/td>\n<\/tr>\n<tr>\n<td colspan=\"2\">Silverm\u00e5nens Kenchiro<\/td>\n<td>SE13496\/2010<\/td>\n<td>Ida Otterholm, Sverige<\/td>\n<td>EXC.AK-1.AKK-CK-CERT-4.BHK<\/td>\n<\/tr>\n<tr>\n<td colspan=\"2\">\n<h6>Championklasse:<\/h6>\n<\/td>\n<td><\/td>\n<td><\/td>\n<td><\/td>\n<\/tr>\n<tr>\n<td colspan=\"2\">Moneva`s Unique Uno Of Olivia<\/td>\n<td>NO51655\/11<\/td>\n<td>John Even Berntsen, Hauglandshella<\/td>\n<td>EXC.CHK-3.CHKK-CK-3.BHK<\/td>\n<\/tr>\n<tr>\n<td colspan=\"2\">State-Of-Art Adorable Al-X<\/td>\n<td>26635\/08<\/td>\n<td>Tone R. S\u00f8mme, R\u00e5n\u00e5sfoss<\/td>\n<td>EXC.CHK-1.CHKK-CK-1.BHK-CACIB-BIR<\/td>\n<\/tr>\n<tr>\n<td colspan=\"2\">Freddyg\u00e5rdens Make Me Proud<\/td>\n<td>26186\/08<\/td>\n<td>Eva-Lill Bratlie, Minnesund<\/td>\n<td>EXC.CHK-2.CHKK-CK-2.BHK-R.CACIB<\/td>\n<\/tr>\n<tr>\n<td colspan=\"2\">\n<h6>Veteranklasse:<\/h6>\n<\/td>\n<td><\/td>\n<td><\/td>\n<td><\/td>\n<\/tr>\n<tr>\n<td colspan=\"2\">Okkoyomas Remix D`Miss Arne<\/td>\n<td>21110\/05<\/td>\n<td>Edith Bakken, Hallingby<\/td>\n<td>EXC.VTK-1.VTKK-CK-R.CERT+BIR.vet.<\/td>\n<\/tr>\n<tr>\n<td>\n<h5>TISPER:<\/h5>\n<\/td>\n<td><\/td>\n<td>\n<h5>REG.NR.:<\/h5>\n<\/td>\n<td>\n<h5>EIERS NAVN\/STED:<\/h5>\n<\/td>\n<td>\n<h5>RESULTAT:<\/h5>\n<\/td>\n<\/tr>\n<tr>\n<td colspan=\"2\">\n<h6>Juniorklasse:<\/h6>\n<\/td>\n<td><\/td>\n<td><\/td>\n<td><\/td>\n<\/tr>\n<tr>\n<td colspan=\"2\">Bl\u00e4ndhvita Dirty Little Secret<\/td>\n<td>SE20809\/2014<\/td>\n<td>Rita Ericsson, Sverige<\/td>\n<td>EXC.JK-1.JKK-CK-CERT-3.BTK<\/td>\n<\/tr>\n<tr>\n<td colspan=\"2\">\n<h6>Unghundklasse:<\/h6>\n<\/td>\n<td><\/td>\n<td><\/td>\n<td><\/td>\n<\/tr>\n<tr>\n<td colspan=\"2\">Fenomenets Ebony and Ivory<\/td>\n<td>NO44879\/13<\/td>\n<td>Inger \u00d8stbye, Porsgrunn<\/td>\n<td>EXC.UK-2.UKK<\/td>\n<\/tr>\n<tr>\n<td colspan=\"2\">Sn\u00f8hvit`s Cajsa Of Sasha<\/td>\n<td>NO54413\/13<\/td>\n<td>Catharina Berntsen, Kleppest\u00f8<\/td>\n<td>EXC.UK-1.UKK-CK-R.CERT<\/td>\n<\/tr>\n<tr>\n<td colspan=\"2\">\n<h6>Championklasse:<\/h6>\n<\/td>\n<td><\/td>\n<td><\/td>\n<td><\/td>\n<\/tr>\n<tr>\n<td colspan=\"2\">State-Of-Art Amazing Asia<\/td>\n<td>26636\/08<\/td>\n<td>Tone R. S\u00f8mme, R\u00e5n\u00e5sfoss<\/td>\n<td>EXC.CHK-1.CHKK-CK-1.BTK-CACIB-BIM<\/td>\n<\/tr>\n<tr>\n<td colspan=\"2\">Dunlin`s Magic Winner Of Houndbrae<\/td>\n<td>NO45296\/11<\/td>\n<td>Elna Kleiv, \u00c5motsdal<\/td>\n<td>EXC.CHK-4.CHKK-CK<\/td>\n<\/tr>\n<tr>\n<td colspan=\"2\">Oki-sotos dame Daini<\/td>\n<td>NO41114\/11<\/td>\n<td>Britt F. Hafs\u00f8e, \u00c5lg\u00e5rd<\/td>\n<td>EXC.CHK-2.CHKK-CK-2.BTK-R.CACIB<\/td>\n<\/tr>\n<tr>\n<td colspan=\"2\">Lady Laiza Of Eizo<\/td>\n<td>NO54696\/09<\/td>\n<td>H.Skr\u00e5mest\u00f8, Gj\u00f8vik\/E.Bakari, Skien<\/td>\n<td>EXC.CHK-3.CHKK-CK-4.BTK<\/td>\n<\/tr>\n<tr>\n<td colspan=\"2\">\n<h6>Veteranklasse:<\/h6>\n<\/td>\n<td><\/td>\n<td><\/td>\n<td><\/td>\n<\/tr>\n<tr>\n<td colspan=\"2\">Okkoyomas Tiara<\/td>\n<td>19962\/07<\/td>\n<td>Edith Bakken, Hallingby<\/td>\n<td>EXC.VTK-2.VTKK-CK<\/td>\n<\/tr>\n<tr>\n<td colspan=\"2\">Freddyg\u00e5rdens Lady in White<\/td>\n<td>08504\/04<\/td>\n<td>H.Skr\u00e5mest\u00f8, Gj\u00f8vik\/E.Bakari, Skien<\/td>\n<td>EXC.VTK-1.VTKK-CK<\/td>\n<\/tr>\n<\/tbody>\n<\/table>\n<p>&nbsp;<\/p>\n<table style=\"height: 938px;\" width=\"839\">\n<tbody>\n<tr>\n<td colspan=\"5\" width=\"692\">\n<h3>NORDHORDLAND HUNDEKLUBB, KNARVIK 28.02.15<\/h3>\n<\/td>\n<\/tr>\n<tr>\n<td>DOMMER:<\/td>\n<td>Bystrup, Annette<\/td>\n<\/tr>\n<tr>\n<td>P\u00c5MELDTE:<\/td>\n<td>14 stk + 3 valper<\/td>\n<\/tr>\n<tr>\n<td>\n<h5>HANNER:<\/h5>\n<\/td>\n<td><\/td>\n<td>\n<h5>REG.NR.:<\/h5>\n<\/td>\n<td>\n<h5>EIERS NAVN\/STED:<\/h5>\n<\/td>\n<td>\n<h5>RESULTAT:<\/h5>\n<\/td>\n<\/tr>\n<tr>\n<td><strong>\u00c5pen klasse<\/strong><\/td>\n<td><\/td>\n<td><\/td>\n<td><\/td>\n<td><\/td>\n<\/tr>\n<tr>\n<td colspan=\"2\">Moneva`s Rai of Atena<\/td>\n<td colspan=\"2\">NO75595\/09<\/td>\n<td>EXC.AK-1.AKK<\/td>\n<\/tr>\n<tr>\n<td><strong>Champion<\/strong><\/td>\n<td><\/td>\n<td><\/td>\n<td><\/td>\n<td><\/td>\n<\/tr>\n<tr>\n<td colspan=\"2\">Moneva`s Unique Uno Of Olivia<\/td>\n<td>NO51655\/11<\/td>\n<td>Catharina Berntsen, Kleppest\u00f8<\/td>\n<td>EXC.CHK-3.CHKK.CK-3.BHK<\/td>\n<\/tr>\n<tr>\n<td colspan=\"2\">Freddyg\u00e5rdens Natural Star<\/td>\n<td>NO40443\/09<\/td>\n<td>Jostein og May Vermundsen<\/td>\n<td>EXC.CHK-1.CHKK-CK-1.BHK-BIR-BIG3<\/td>\n<\/tr>\n<tr>\n<td colspan=\"2\">Jasam`s Incredible Secret Of Cola<\/td>\n<td>09669\/08<\/td>\n<td>Hanne N. \u00c5nensen,<\/td>\n<td>EXC.CHK-2.CHKK-CK-2.BHK<\/td>\n<\/tr>\n<tr>\n<td>\n<h5>TISPER:<\/h5>\n<\/td>\n<td><\/td>\n<td>\n<h5>REG.NR.:<\/h5>\n<\/td>\n<td>\n<h5>EIERS NAVN\/STED:<\/h5>\n<\/td>\n<td>\n<h5>RESULTAT:<\/h5>\n<\/td>\n<\/tr>\n<tr>\n<td><strong>Junior<\/strong><\/td>\n<td><\/td>\n<td><\/td>\n<td><\/td>\n<td><\/td>\n<\/tr>\n<tr>\n<td colspan=\"2\">Moneva`s Xtreme Manami Of Lexie<\/td>\n<td colspan=\"2\">NO53940\/13<\/td>\n<td>EXC.JK-1.JKK-CK-CERT+ BIR.jr.<\/td>\n<\/tr>\n<tr>\n<td colspan=\"2\">Moneva`s Xcellent Hoshiko Of Lexie<\/td>\n<td colspan=\"2\">NO53938\/13<\/td>\n<td>EXC.JK-3.JKK<\/td>\n<\/tr>\n<tr>\n<td colspan=\"2\">Fasvita`s Bella<\/td>\n<td>NO41602\/14<\/td>\n<td>Aina Bekkenes, Hauglandshella<\/td>\n<td>EXC.JK-2.JKK<\/td>\n<\/tr>\n<tr>\n<td><strong>Unghund<\/strong><\/td>\n<td><\/td>\n<td><\/td>\n<td><\/td>\n<td><\/td>\n<\/tr>\n<tr>\n<td colspan=\"2\">Sn\u00f8hvits Cajsa Of Sasha<\/td>\n<td>NO54413\/13<\/td>\n<td>Catharina Berntsen, Kleppest\u00f8<\/td>\n<td>EXC.UK-1.UKK-CK-4.BTK<\/td>\n<\/tr>\n<tr>\n<td><strong>\u00c5pen klasse<\/strong><\/td>\n<td><\/td>\n<td><\/td>\n<td><\/td>\n<td><\/td>\n<\/tr>\n<tr>\n<td colspan=\"2\">Moneva`s Rose Of Atena<\/td>\n<td colspan=\"2\">NO57797\/09<\/td>\n<td>EXC.AK-2.AKK<\/td>\n<\/tr>\n<tr>\n<td colspan=\"2\">Moneva`s Unique Ulla Of\u00a0 Olivia<\/td>\n<td colspan=\"2\">NO51659\/11<\/td>\n<td>EXC.AK-1.AKK-CK-2.BTK<\/td>\n<\/tr>\n<tr>\n<td colspan=\"2\">Mayra<\/td>\n<td colspan=\"2\">NO44998\/09<\/td>\n<td>EXC.AK-3.AKK<\/td>\n<\/tr>\n<tr>\n<td><strong>Champion<\/strong><\/td>\n<td><\/td>\n<td><\/td>\n<td><\/td>\n<td><\/td>\n<\/tr>\n<tr>\n<td colspan=\"2\">Jamasti`s Dior<\/td>\n<td>NO47208\/11<\/td>\n<td>Marianne Zachariassen, Bergen<\/td>\n<td>EXC.CHK-1.CHKK-CK-1.BTK-BIM<\/td>\n<\/tr>\n<tr>\n<td><strong>Veteran<\/strong><\/td>\n<td><\/td>\n<td><\/td>\n<td><\/td>\n<td><\/td>\n<\/tr>\n<tr>\n<td colspan=\"2\">Minnlett`s Hot Shot<\/td>\n<td>22710\/06<\/td>\n<td>EXC.VTK-1.VTKK-CK-3.BTK+ BIS.vet.<\/td>\n<\/tr>\n<tr>\n<td colspan=\"2\">Angel<\/td>\n<td>04875\/03<\/td>\n<td>Marit og Jostein Taule<\/td>\n<td>EXC.VTK-2.VTKK<\/td>\n<\/tr>\n<tr>\n<td>\n<h5>VALPER:<\/h5>\n<\/td>\n<td><\/td>\n<td>\n<h5>Reg.nr.:<\/h5>\n<\/td>\n<td>\n<h5>EIERS NAVN\/STED:<\/h5>\n<\/td>\n<td>\n<h5>RESULTAT:<\/h5>\n<\/td>\n<\/tr>\n<tr>\n<td><strong>Hanner<\/strong><\/td>\n<td><\/td>\n<td><\/td>\n<td><\/td>\n<td><\/td>\n<\/tr>\n<tr>\n<td colspan=\"2\">Minnlett`s Bundle Of Temptation<\/td>\n<td>NO51106\/14<\/td>\n<td>Irene Mjelde<\/td>\n<td>BIM<\/td>\n<\/tr>\n<\/tbody>\n<\/table>\n","protected":false},"excerpt":{"rendered":"<p>Tilbake til Utstillingsresultater 2015 Norsk Welsh Corgi Klubb &#8211; Exporama, Hellerud &#8211; l\u00f8rdag 7. februar DOMMER: Wilberg, Knut Sigurd Antall p\u00e5meldte: 7 stk HANNER: REG.NR.: EIERS NAVN\/STED: RESULTAT: Championklasse: Moneva&#8217;s Unique Uno of Olivia NO51655\/11 John Even Berntsen, Hauglandshella EXC.CHK-2.CHKK-CK-2.BHK State-of-Art Adorable Al-X 26635\/08 Tone R. S\u00f8mme, R\u00e5n\u00e5sfoss EXC.CHK-1.CHKK-CK-1.BHK-BIM Veteranklasse: Okkoyomas Remix D&#8217;miss Arne 21110\/05 [&hellip;]<\/p>\n","protected":false},"author":1,"featured_media":0,"parent":2441,"menu_order":0,"comment_status":"closed","ping_status":"closed","template":"","meta":{"footnotes":""},"_links":{"self":[{"href":"http:\/\/www.japansk-spisshund.net\/NO\/index.php?rest_route=\/wp\/v2\/pages\/2566"}],"collection":[{"href":"http:\/\/www.japansk-spisshund.net\/NO\/index.php?rest_route=\/wp\/v2\/pages"}],"about":[{"href":"http:\/\/www.japansk-spisshund.net\/NO\/index.php?rest_route=\/wp\/v2\/types\/page"}],"author":[{"embeddable":true,"href":"http:\/\/www.japansk-spisshund.net\/NO\/index.php?rest_route=\/wp\/v2\/users\/1"}],"replies":[{"embeddable":true,"href":"http:\/\/www.japansk-spisshund.net\/NO\/index.php?rest_route=%2Fwp%2Fv2%2Fcomments&post=2566"}],"version-history":[{"count":17,"href":"http:\/\/www.japansk-spisshund.net\/NO\/index.php?rest_route=\/wp\/v2\/pages\/2566\/revisions"}],"predecessor-version":[{"id":2889,"href":"http:\/\/www.japansk-spisshund.net\/NO\/index.php?rest_route=\/wp\/v2\/pages\/2566\/revisions\/2889"}],"up":[{"embeddable":true,"href":"http:\/\/www.japansk-spisshund.net\/NO\/index.php?rest_route=\/wp\/v2\/pages\/2441"}],"wp:attachment":[{"href":"http:\/\/www.japansk-spisshund.net\/NO\/index.php?rest_route=%2Fwp%2Fv2%2Fmedia&parent=2566"}],"curies":[{"name":"wp","href":"https:\/\/api.w.org\/{rel}","templated":true}]}}