{"id":1919,"date":"2014-09-25T00:28:06","date_gmt":"2014-09-24T22:28:06","guid":{"rendered":"http:\/\/www.japansk-spisshund.net\/NO\/?page_id=1919"},"modified":"2024-10-08T20:54:28","modified_gmt":"2024-10-08T18:54:28","slug":"valper-til-formidling","status":"publish","type":"page","link":"http:\/\/www.japansk-spisshund.net\/NO\/?page_id=1919","title":{"rendered":"VALPER TIL FORMIDLING"},"content":{"rendered":"<hr \/>\n<h6><\/h6>\n<div>\n<p><span style=\"line-height: 1.5em;\">For generell informasjon om valpekull fra oppdrettere rundt om i landet, kontakt NJSKs valpeformidler <strong>Ann-Helen S\u00f8rensen<\/strong>:\u00a0<a href=\"mailto:ann-h-so@hotmail.com\" target=\"_parent\" rel=\"noopener\">ann-h-so@hotmail.com<\/a><\/span><\/p>\n<\/div>\n<div class=\"alignnone\">\n<div>\n<ul>\n<li><a href=\"http:\/\/www.japansk-spisshund.net\/NO\/wp-content\/uploads\/2020\/05\/Retningslinjer-for-avl-2018.pdf\"><strong>NJSK anbefalte retningslinjer for avl og oppdrett<\/strong><\/a><\/li>\n<li><a href=\"http:\/\/www.japansk-spisshund.net\/NO\/wp-content\/uploads\/2013\/08\/NKKs-etiske-grunnregler-for-avl-og-oppdrett.pdf\"><strong>NKKs etiske grunnregler for avl og oppdrett<\/strong><\/a><\/li>\n<li><strong><a href=\"http:\/\/www.japansk-spisshund.net\/NO\/wp-content\/uploads\/2013\/08\/NKKs-avlsstrategi.pdf\">NKKs Avlsstrategi<\/a><\/strong><\/li>\n<\/ul>\n<\/div>\n<div>\n<p>Oppdrettere kan avertere sine kull p\u00e5 denne siden. Send opplysninger om kullet til avlsr\u00e5det for godkjenning &#8211;\u00a0<a href=\"mailto:avlsrad@japansk-spisshund.net\">E-mail: avlsrad@japansk-spisshund.net<\/a>. Oppdrettere m\u00e5 f\u00f8lge NKKs etiske grunnregler for avl og oppdrett og NJSKs anbefalinger for \u00e5 f\u00e5 avetere her. Kullet blir st\u00e5ende i 3 mnd. om ikke annet er avtalt.<\/p>\n<p>* Only for members of NJSK<\/p>\n<\/div>\n<p><img loading=\"lazy\" decoding=\"async\" class=\"aligncenter size-full wp-image-42\" src=\"http:\/\/www.japansk-spisshund.net\/NO\/wp-content\/uploads\/2013\/08\/list.jpg\" alt=\"list\" width=\"902\" height=\"47\" srcset=\"http:\/\/www.japansk-spisshund.net\/NO\/wp-content\/uploads\/2013\/08\/list.jpg 902w, http:\/\/www.japansk-spisshund.net\/NO\/wp-content\/uploads\/2013\/08\/list-300x15.jpg 300w\" sizes=\"(max-width: 902px) 100vw, 902px\" \/><\/p>\n<\/div>\n<div><\/div>\n<h4 class=\"Kdesign-content-layout\" style=\"text-align: left;\"><\/h4>\n","protected":false},"excerpt":{"rendered":"<p>For generell informasjon om valpekull fra oppdrettere rundt om i landet, kontakt NJSKs valpeformidler Ann-Helen S\u00f8rensen:\u00a0ann-h-so@hotmail.com NJSK anbefalte retningslinjer for avl og oppdrett NKKs etiske grunnregler for avl og oppdrett NKKs Avlsstrategi Oppdrettere kan avertere sine kull p\u00e5 denne siden. Send opplysninger om kullet til avlsr\u00e5det for godkjenning &#8211;\u00a0E-mail: avlsrad@japansk-spisshund.net. Oppdrettere m\u00e5 f\u00f8lge NKKs etiske [&hellip;]<\/p>\n","protected":false},"author":1,"featured_media":0,"parent":0,"menu_order":0,"comment_status":"closed","ping_status":"closed","template":"","meta":{"footnotes":""},"_links":{"self":[{"href":"http:\/\/www.japansk-spisshund.net\/NO\/index.php?rest_route=\/wp\/v2\/pages\/1919"}],"collection":[{"href":"http:\/\/www.japansk-spisshund.net\/NO\/index.php?rest_route=\/wp\/v2\/pages"}],"about":[{"href":"http:\/\/www.japansk-spisshund.net\/NO\/index.php?rest_route=\/wp\/v2\/types\/page"}],"author":[{"embeddable":true,"href":"http:\/\/www.japansk-spisshund.net\/NO\/index.php?rest_route=\/wp\/v2\/users\/1"}],"replies":[{"embeddable":true,"href":"http:\/\/www.japansk-spisshund.net\/NO\/index.php?rest_route=%2Fwp%2Fv2%2Fcomments&post=1919"}],"version-history":[{"count":153,"href":"http:\/\/www.japansk-spisshund.net\/NO\/index.php?rest_route=\/wp\/v2\/pages\/1919\/revisions"}],"predecessor-version":[{"id":4552,"href":"http:\/\/www.japansk-spisshund.net\/NO\/index.php?rest_route=\/wp\/v2\/pages\/1919\/revisions\/4552"}],"wp:attachment":[{"href":"http:\/\/www.japansk-spisshund.net\/NO\/index.php?rest_route=%2Fwp%2Fv2%2Fmedia&parent=1919"}],"curies":[{"name":"wp","href":"https:\/\/api.w.org\/{rel}","templated":true}]}}