{"id":1885,"date":"2014-09-22T04:59:58","date_gmt":"2014-09-22T02:59:58","guid":{"rendered":"http:\/\/www.japansk-spisshund.net\/NO\/?page_id=1885"},"modified":"2015-04-12T21:55:34","modified_gmt":"2015-04-12T19:55:34","slug":"styremote-20-08-2014","status":"publish","type":"page","link":"http:\/\/www.japansk-spisshund.net\/NO\/?page_id=1885","title":{"rendered":"Styrem\u00f8te 20.08.2014"},"content":{"rendered":"<div id=\"yui_3_16_0_1_1411344465355_10834\">\n<p><a href=\"http:\/\/www.japansk-spisshund.net\/NO\/?page_id=55\">Tilbake til referatliste<\/a><\/p>\n<p id=\"yui_3_16_0_1_1411344465355_10833\">Med p\u00e5 m\u00f8tet var Kai Enerhaugen, Elna Kleiv, Anne Torill Barstad, Monica Skauby, Grethe M. Nykkelmo og Mette Iren Ingebrigtsen.<\/p>\n<\/div>\n<div id=\"yui_3_16_0_1_1411344465355_10831\">\n<h6 id=\"yui_3_16_0_1_1411344465355_10830\"><span style=\"line-height: 1.5em;\">Sak 1: Styret<\/span><\/h6>\n<\/div>\n<div id=\"yui_3_16_0_1_1411344465355_10771\">\n<div id=\"yui_3_16_0_1_1411344465355_10827\">\n<p id=\"yui_3_16_0_1_1411344465355_10826\"><span style=\"line-height: 1.5em;\">Styret har konstituert seg selv enstemmig, og vil se slik ut:<\/span><\/p>\n<\/div>\n<div>\n<ul>\n<li>Leder: Kai Enerhaugen<\/li>\n<li>Sekret\u00e6r: Anne Torill Barstad<\/li>\n<li>Kasserer: Elna Keiv<\/li>\n<li>Styremedlem: Mette Iren Ingebrigtsen<\/li>\n<li>Styremedlem: Monica Skauby<\/li>\n<li>Styremedlem: Grethe M. Nykkelmo<\/li>\n<li>Varamedlem: Anita Ir\u00e9n Dominguez<\/li>\n<\/ul>\n<\/div>\n<div id=\"yui_3_16_0_1_1411344465355_10855\">\n<h6 id=\"yui_3_16_0_1_1411344465355_10854\">Sak 2: Protokollen<\/h6>\n<p>Protokollen er n\u00e5 signert og alt skal v\u00e6re ok der.<\/p>\n<h6>Sak 3: Hjemmesiden<\/h6>\n<p><span style=\"line-height: 1.5em;\">Hjemmesiden er blitt oppdatert med det nye styret, og lovkomiteen er fjernet siden den ble lagt ned.<br \/>\n<\/span><span style=\"line-height: 1.5em;\">Mestvinnerlisten oppdateres\u00a0s\u00e5 fort vi f\u00e5r inn resultater ifra arrang\u00f8rene.\u00a0<\/span><\/p>\n<\/div>\n<div id=\"yui_3_16_0_1_1411344465355_10859\">\n<p id=\"yui_3_16_0_1_1411344465355_10858\">Vi h\u00e5per p\u00e5\u00a0\u00e5 f\u00e5 brukt hjemmesiden en del, ang. hva vi jobber med i styret og generell info\u00a0framover. H\u00e5per da<span style=\"line-height: 1.5em;\">\u00a0at vi f\u00e5r gitt medlemmene v\u00e5re hyppigere info p\u00e5 denne m\u00e5ten.<\/span><\/p>\n<h6><span style=\"line-height: 1.5em;\">Sak 4\u00a0: Distriktskontakter<\/span><\/h6>\n<p><span style=\"line-height: 1.5em;\">Styret \u00f8nsker at\u00a0aktive medlemmer melder seg som distriktskontakter, pr. i dag har vi kun 3 distriktskontakter, Sissel M. Saua for\u00a0Finnmark og Troms, Monica Skauby for Nord\u00a0og S\u00f8r Tr\u00f8ndelag, og Anne Torill Barstad for M\u00f8re og Romsdal.<\/span><\/p>\n<\/div>\n<div id=\"yui_3_16_0_1_1411344465355_10864\">\n<p>John Even Berntsen har trukket seg som distriktskontakt for Hordaland. Helen\u00a0Holmli var for Buskerud og Vestfold, men\u00a0hun er ikke lenger medlem av klubben og utg\u00e5r derfor.<\/p>\n<h6>Sak 5: \u00c5rets utstilling<\/h6>\n<p>Tore har lagt inn resultatene, ferdigmeldte og sendte inn papirene til NKK. Arrangementet er anerkjent og\u00a0resultatene ligger ute p\u00e5 DogWeb og p\u00e5 hjemmesiden v\u00e5r.\u00a0Sluttoppgj\u00f8ret for p\u00e5meldingene er underveis.<\/p>\n<h6>Sak 6: Spesialutstilling 2015<\/h6>\n<p>Torpomoen er booket for helgen 13.-14. juni 2015. Dommer er forespurt og har takket ja: Britt Nyberg.\u00a0Tore har f\u00e5tt\u00a0bekreftelse p\u00e5 dommeroppdrag\u00a0fra henne. Britt\u00a0Hafs\u00f8e puttet arrangementet p\u00e5 terminlisten. Klubbens\u00a0tilhenger\u00a0st\u00e5r n\u00e5 hos Tore, Kai henter den og f\u00e5r den under tak for vinteren, hos en bekjent av Kai.<\/p>\n<h6>Sak 7: Ekstra utstilling \u00a0i 2015<\/h6>\n<p><span style=\"line-height: 1.5em;\">I forbindelse med at NKK arrangerer Europa-vinner 2015, fikk alle klubbene tilbud om \u00e5 arrangere en ekstra utstilling\u00a0samme helg for sin rase p\u00e5 Lillestr\u00f8m. Dette er takket ja til.\u00a0Det er bestilt ring med ringsekret\u00e6r. Kai unders\u00f8ker med\u00a0NKK hvilke dommere som\u00a0er p\u00e5 dette arrangementet, og\u00a0hvilke som kan d\u00f8mme v\u00e5r rase.<\/span><\/p>\n<h6>Sak 8: Medlemsregistrering<\/h6>\n<p>Kai tar over den manuelle medlemsregistreringen.<\/p>\n<h6><span style=\"line-height: 1.5em;\">Sak 9: Utstillingskomit\u00e9<\/span><\/h6>\n<p><span style=\"line-height: 1.5em;\">Styret \u00f8nsker engasjerte medlemmer til en utstillingskomit\u00e9.\u00a0S\u00e5 her er det bare \u00e5 melde seg for den som har lyst!<\/span><\/p>\n<\/div>\n<div>\n<h6><span style=\"line-height: 1.5em;\">Sak 10: Bekymringsmelding p\u00e5 for tidlig levert valp<\/span><\/h6>\n<p><span style=\"line-height: 1.5em;\">Skriver et brev til den det gjelder, for\u00a0\u00e5 gj\u00f8re oppmerksom p\u00e5 at vi har h\u00f8rt om det, og at vi f\u00f8lger med. \u00a0 \u00a0 \u00a0\u00a0<\/span><\/p>\n<h6><span style=\"line-height: 1.5em;\">Sak 11:\u00a0Avlsr\u00e5det<\/span><\/h6>\n<p><span style=\"line-height: 1.5em;\">Monica og Grethe skal i samarbeid utvikle en oversikt over hvordan en stamtavle b\u00f8r leses.<\/span><\/p>\n<\/div>\n<\/div>\n","protected":false},"excerpt":{"rendered":"<p>Tilbake til referatliste Med p\u00e5 m\u00f8tet var Kai Enerhaugen, Elna Kleiv, Anne Torill Barstad, Monica Skauby, Grethe M. Nykkelmo og Mette Iren Ingebrigtsen. Sak 1: Styret Styret har konstituert seg selv enstemmig, og vil se slik ut: Leder: Kai Enerhaugen Sekret\u00e6r: Anne Torill Barstad Kasserer: Elna Keiv Styremedlem: Mette Iren Ingebrigtsen Styremedlem: Monica Skauby Styremedlem: [&hellip;]<\/p>\n","protected":false},"author":1,"featured_media":0,"parent":55,"menu_order":0,"comment_status":"closed","ping_status":"closed","template":"","meta":{"footnotes":""},"_links":{"self":[{"href":"http:\/\/www.japansk-spisshund.net\/NO\/index.php?rest_route=\/wp\/v2\/pages\/1885"}],"collection":[{"href":"http:\/\/www.japansk-spisshund.net\/NO\/index.php?rest_route=\/wp\/v2\/pages"}],"about":[{"href":"http:\/\/www.japansk-spisshund.net\/NO\/index.php?rest_route=\/wp\/v2\/types\/page"}],"author":[{"embeddable":true,"href":"http:\/\/www.japansk-spisshund.net\/NO\/index.php?rest_route=\/wp\/v2\/users\/1"}],"replies":[{"embeddable":true,"href":"http:\/\/www.japansk-spisshund.net\/NO\/index.php?rest_route=%2Fwp%2Fv2%2Fcomments&post=1885"}],"version-history":[{"count":16,"href":"http:\/\/www.japansk-spisshund.net\/NO\/index.php?rest_route=\/wp\/v2\/pages\/1885\/revisions"}],"predecessor-version":[{"id":2668,"href":"http:\/\/www.japansk-spisshund.net\/NO\/index.php?rest_route=\/wp\/v2\/pages\/1885\/revisions\/2668"}],"up":[{"embeddable":true,"href":"http:\/\/www.japansk-spisshund.net\/NO\/index.php?rest_route=\/wp\/v2\/pages\/55"}],"wp:attachment":[{"href":"http:\/\/www.japansk-spisshund.net\/NO\/index.php?rest_route=%2Fwp%2Fv2%2Fmedia&parent=1885"}],"curies":[{"name":"wp","href":"https:\/\/api.w.org\/{rel}","templated":true}]}}