{"id":1761,"date":"2014-05-27T02:08:19","date_gmt":"2014-05-27T00:08:19","guid":{"rendered":"http:\/\/www.japansk-spisshund.net\/NO\/?page_id=1761"},"modified":"2014-12-17T03:56:52","modified_gmt":"2014-12-17T02:56:52","slug":"utstillingsresultater-fra-01-04-2014-til-30-04-2014","status":"publish","type":"page","link":"http:\/\/www.japansk-spisshund.net\/NO\/?page_id=1761","title":{"rendered":"UTSTILLINGSRESULTATER FRA 01-04-2014 til 30-04-2014"},"content":{"rendered":"<p style=\"text-align: left;\"><a title=\"UTSTILLINGSRESULTATER 2014\" href=\"http:\/\/www.japansk-spisshund.net\/NO\/?page_id=1181\">Tilbake til Utstillingsresultater 2014<\/a><\/p>\n<table class=\" aligncenter\" style=\"width: 775px; padding-left: 30px;\" border=\"0\" cellspacing=\"0\" cellpadding=\"0\">\n<colgroup>\n<col width=\"382\" \/>\n<col width=\"80\" \/>\n<col width=\"313\" \/> <\/colgroup>\n<tbody>\n<tr>\n<td width=\"382\" height=\"20\">\n<h3>NORSK KENNEL KLUBB, Bergen 5\/4<\/h3>\n<\/td>\n<td width=\"80\"><\/td>\n<td width=\"313\"><\/td>\n<\/tr>\n<tr>\n<td height=\"20\">27 P\u00c5MELDTE<\/td>\n<td><\/td>\n<td><\/td>\n<\/tr>\n<tr>\n<td height=\"20\">DOMMER: Van Den Berg, Hans<\/td>\n<td><\/td>\n<td><\/td>\n<\/tr>\n<tr>\n<td height=\"20\">\n<h6>HANNER:<\/h6>\n<\/td>\n<td>\n<h6>REG.NR.:<\/h6>\n<\/td>\n<td>\n<h6>RESULTATER:<\/h6>\n<\/td>\n<\/tr>\n<tr>\n<td height=\"20\">\n<h6>Juniorklasse:<\/h6>\n<\/td>\n<td><\/td>\n<td><\/td>\n<\/tr>\n<tr>\n<td height=\"20\"><strong>Tanadalens Birk<\/strong><\/td>\n<td>NO39740\/13<\/td>\n<td>EXC.JK-1.JKK-CK<\/td>\n<\/tr>\n<tr>\n<td height=\"20\">Eier: Julie B. Johansen, Sarpsborg<\/td>\n<td><\/td>\n<td><\/td>\n<\/tr>\n<tr>\n<td height=\"20\">\n<h6>\u00c5pen klasse:<\/h6>\n<\/td>\n<td><\/td>\n<td><\/td>\n<\/tr>\n<tr>\n<td height=\"20\"><strong>Jasam`s Something Hot N`Harry<\/strong><\/td>\n<td>NO38833\/12<\/td>\n<td>EXC.AK-2.AKK-CK-R.CERT<\/td>\n<\/tr>\n<tr>\n<td height=\"20\">Eier:<\/td>\n<td><\/td>\n<td><\/td>\n<\/tr>\n<tr>\n<td height=\"20\"><strong>Moneva`s Unique Uno Of Olivia<\/strong><\/td>\n<td>NO51655\/11<\/td>\n<td>EXC.AK-1.AKK-CK-CERT-2.BHK-R.CACIB- <span>NUCH!<\/span><\/td>\n<\/tr>\n<tr>\n<td height=\"20\">Eier: John Even Berntsen, Hauglandshella<\/td>\n<td><\/td>\n<td><\/td>\n<\/tr>\n<tr>\n<td height=\"20\">\n<h6>Championklasse:<\/h6>\n<\/td>\n<td><\/td>\n<td><\/td>\n<\/tr>\n<tr>\n<td height=\"20\"><strong>Jasam`s Oriental Grandson Of Cola<\/strong><\/td>\n<td>NO38399\/10<\/td>\n<td>EXC.CHK<\/td>\n<\/tr>\n<tr>\n<td height=\"20\">Eier: Hanne N. \u00c5nensen, Kopervik<\/td>\n<td><\/td>\n<td><\/td>\n<\/tr>\n<tr>\n<td height=\"20\"><strong>Freddyg\u00e5rdens Make Me Proud<\/strong><\/td>\n<td>26186\/08<\/td>\n<td>EXC.CHK<\/td>\n<\/tr>\n<tr>\n<td height=\"20\">Eier: Eva Lill Bratlie, Minnesund<\/td>\n<td><\/td>\n<td><\/td>\n<\/tr>\n<tr>\n<td height=\"20\"><strong>State-Of-Art Adorable Al-X<\/strong><\/td>\n<td>26635\/08<\/td>\n<td>EXC.CHK-1.CHKK-CK-1.BHK-CACIB-BIR<\/td>\n<\/tr>\n<tr>\n<td height=\"20\">Eier: Tone R. Somme, R\u00e5n\u00e5sfoss<\/td>\n<td><\/td>\n<td><\/td>\n<\/tr>\n<tr>\n<td height=\"20\"><strong>Jasam`s Incredible Secret Of Cola<\/strong><\/td>\n<td>09699\/08<\/td>\n<td>EXC.CHK-2.CHKK-CK-3.BHK<\/td>\n<\/tr>\n<tr>\n<td height=\"20\">Eier: Hanne N. \u00c5nensen, Kopervik<\/td>\n<td><\/td>\n<td><\/td>\n<\/tr>\n<tr>\n<td height=\"20\"><strong>Freddyg\u00e5rdens Natural Star<\/strong><\/td>\n<td>NO40443\/09<\/td>\n<td>EXC.CHK-4.CHKK-CK<\/td>\n<\/tr>\n<tr>\n<td height=\"20\">Eier: May og Jostein Vermundsen, Kopervik<\/td>\n<td><\/td>\n<td><\/td>\n<\/tr>\n<tr>\n<td height=\"20\">\n<h6>Veteranklasse:<\/h6>\n<\/td>\n<td><\/td>\n<td><\/td>\n<\/tr>\n<tr>\n<td height=\"20\"><strong>Freddyg\u00e5rden`s Great White Lion<\/strong><\/td>\n<td>03960\/03<\/td>\n<td>EXC.VTK-2VTKK<\/td>\n<\/tr>\n<tr>\n<td height=\"20\">Eier: May og Jostein Vermundsen, Kopervik<\/td>\n<td><\/td>\n<td><\/td>\n<\/tr>\n<tr>\n<td height=\"20\"><strong>Okkoyomas Remix D`Miss Arne<\/strong><\/td>\n<td>21110\/05<\/td>\n<td>EXC.VTK-1.VTKK-CK\u00a0\u00a0\u00a0 BIR VETERAN<\/td>\n<\/tr>\n<tr>\n<td height=\"20\">Eier: Edith Bakken, \u00c5l i Hallingdal<\/td>\n<td><\/td>\n<td><\/td>\n<\/tr>\n<tr>\n<td height=\"20\">\n<h6>TISPER:<\/h6>\n<\/td>\n<td>\n<h6>REG.NR.:<\/h6>\n<\/td>\n<td>\n<h6>RESULTATER:<\/h6>\n<\/td>\n<\/tr>\n<tr>\n<td height=\"20\">\n<h6>Juniorklasse:<\/h6>\n<\/td>\n<td><\/td>\n<td><\/td>\n<\/tr>\n<tr>\n<td height=\"20\"><strong>Moneva`s White Yukihime-Lexie<\/strong><\/td>\n<td>NO58536\/12<\/td>\n<td>EXC.JK-1.JKK-CK-4.BTK<\/td>\n<\/tr>\n<tr>\n<td height=\"20\">Eier: Mona Tertnes Bakke, Nyborg<\/td>\n<td><\/td>\n<td><\/td>\n<\/tr>\n<tr>\n<td height=\"20\"><strong>Jamasti`s Amazing Sasja<\/strong><\/td>\n<td>NO41360\/13<\/td>\n<td>EXC.JK-2.JKK<\/td>\n<\/tr>\n<tr>\n<td height=\"20\">Eiere: Cathrine Larsen og Christian Rogne, Haugesund<\/td>\n<td><\/td>\n<td><\/td>\n<\/tr>\n<tr>\n<td height=\"20\">\n<h6>Unghundklasse:<\/h6>\n<\/td>\n<td><\/td>\n<td><\/td>\n<\/tr>\n<tr>\n<td height=\"20\"><strong>Don\u00e5sen`s Dona Tea D`La Bamse<\/strong><\/td>\n<td>NO57745\/12<\/td>\n<td>EXC.UK-1.UKK-CK-R.CERT-2.BTK-R.CACIB<\/td>\n<\/tr>\n<tr>\n<td height=\"20\">Eier: Vanja Sliwa, St\u00f8ren<\/td>\n<td><\/td>\n<td><\/td>\n<\/tr>\n<tr>\n<td height=\"20\"><strong>Minnlett`s White Lady<\/strong><\/td>\n<td>NO48208\/12<\/td>\n<td>VG.UK-2.UKK<\/td>\n<\/tr>\n<tr>\n<td height=\"20\">Eier: Irene Mjelde, \u00c5rland<\/td>\n<td><\/td>\n<td><\/td>\n<\/tr>\n<tr>\n<td height=\"20\">\n<h6>\u00c5pen klasse:<\/h6>\n<\/td>\n<td><\/td>\n<td><\/td>\n<\/tr>\n<tr>\n<td height=\"20\"><strong>Moneva`s Ocean Fantasy Of Kiro<\/strong><\/td>\n<td>27938\/07<\/td>\n<td>VG.AK-3.AKK<\/td>\n<\/tr>\n<tr>\n<td height=\"20\">Eier:<\/td>\n<td><\/td>\n<td><\/td>\n<\/tr>\n<tr>\n<td height=\"20\"><strong>Arashi`s Joyful Jessie To Angel<\/strong><\/td>\n<td>NO33993\/10<\/td>\n<td>VG.AK<\/td>\n<\/tr>\n<tr>\n<td height=\"20\">Eier: Marit Totland og Jostein Taule, Kleppest\u00f8<\/td>\n<td><\/td>\n<td><\/td>\n<\/tr>\n<tr>\n<td height=\"20\"><strong>Moneva`s Takara Of Olivia<\/strong><\/td>\n<td>NO52450\/10<\/td>\n<td>EXC.AK-1.AKK-CK-CERT-1BTK-BIM-CACIB-<span>NUCH!<\/span><\/td>\n<\/tr>\n<tr>\n<td height=\"20\">Eier: Mona Tertnes Bakke, Nyborg<\/td>\n<td><\/td>\n<td><\/td>\n<\/tr>\n<tr>\n<td height=\"20\"><strong>Mayra<\/strong><\/td>\n<td>NO44998\/09<\/td>\n<td>VG.AK-4.AKK<\/td>\n<\/tr>\n<tr>\n<td height=\"20\">Eier: Mette Iren Ingebrigtsen, B\u00f8nes<\/td>\n<td><\/td>\n<td><\/td>\n<\/tr>\n<tr>\n<td height=\"20\"><strong>Moneva`s Unique Ulla Of Olivia<\/strong><\/td>\n<td>NO51659\/11<\/td>\n<td>VG.AK<\/td>\n<\/tr>\n<tr>\n<td height=\"20\">Eier: Mona Tertnes Bakke, Nyborg<\/td>\n<td><\/td>\n<td><\/td>\n<\/tr>\n<tr>\n<td height=\"20\"><strong>Tricoline`s F-Bianca Sachiko<\/strong><\/td>\n<td>NO33025\/10<\/td>\n<td>G.AK<\/td>\n<\/tr>\n<tr>\n<td height=\"20\">Eier: Lise Kristine Sunnan\u00e5, Fyllingsdalen<\/td>\n<td><\/td>\n<td><\/td>\n<\/tr>\n<tr>\n<td height=\"20\"><strong>Jamasti`s Dior<\/strong><\/td>\n<td>NO47208\/11<\/td>\n<td>EXC.AK-2.AKK<\/td>\n<\/tr>\n<tr>\n<td height=\"20\">Eier: Marianne Zachariassen, Bergen<\/td>\n<td><\/td>\n<td><\/td>\n<\/tr>\n<tr>\n<td height=\"20\">\n<h6>Championklasse:<\/h6>\n<\/td>\n<td><\/td>\n<td><\/td>\n<\/tr>\n<tr>\n<td height=\"20\"><strong>Okkoyomas Tiara<\/strong><\/td>\n<td>19962\/07<\/td>\n<td>EXC.CHK-3.CHKK-CK<\/td>\n<\/tr>\n<tr>\n<td height=\"20\">Eier: Edith Bakken, \u00c5l i Hallingdal<\/td>\n<td><\/td>\n<td><\/td>\n<\/tr>\n<tr>\n<td height=\"20\"><strong>Fenomenets Backstage<\/strong><\/td>\n<td>NO42350\/11<\/td>\n<td>EXC.CHK-1CHKK-CK-3BTK<\/td>\n<\/tr>\n<tr>\n<td height=\"20\">Eier: Mette Iren Ingebrigtsen, B\u00f8nes<\/td>\n<td><\/td>\n<td><\/td>\n<\/tr>\n<tr>\n<td height=\"20\"><strong>State-Of-Art Amazing Asia<\/strong><\/td>\n<td>26636\/08<\/td>\n<td>EXC.CHK-2.CHKK<\/td>\n<\/tr>\n<tr>\n<td height=\"20\">Eier: Tone R. Somme, R\u00e5n\u00e5sfoss<\/td>\n<td><\/td>\n<td><\/td>\n<\/tr>\n<tr>\n<td height=\"20\">\n<h6>Veteranklasse:<\/h6>\n<\/td>\n<td><\/td>\n<td><\/td>\n<\/tr>\n<tr>\n<td height=\"20\"><strong>Angel<\/strong><\/td>\n<td>04875\/03<\/td>\n<td>VG.VTK-2.VTKK<\/td>\n<\/tr>\n<tr>\n<td height=\"20\">Eier: Marit Totland og Jostein Taule, Kleppest\u00f8<\/td>\n<td><\/td>\n<td><\/td>\n<\/tr>\n<tr>\n<td height=\"20\"><strong>Jaspinja Dina Queen Of Mountain Fox<\/strong><\/td>\n<td>05579\/06<\/td>\n<td>EXC.VTK-1.VTKK-CK &#8212; BIM VETERAN<\/td>\n<\/tr>\n<tr>\n<td height=\"20\">Eier: Aina Bekkenes, Hauglandshella<\/td>\n<td><\/td>\n<td><\/td>\n<\/tr>\n<tr>\n<td height=\"20\"><\/td>\n<td><\/td>\n<td><\/td>\n<\/tr>\n<tr>\n<td colspan=\"3\" height=\"20\">\n<h3>NORSK MINIATYRHUNDKLUBB,\u00a0 ROGALAND 12.04<\/h3>\n<\/td>\n<\/tr>\n<tr>\n<td height=\"20\">5 P\u00c5MELDTE<\/td>\n<td><\/td>\n<td><\/td>\n<\/tr>\n<tr>\n<td height=\"20\">DOMMER: H\u00fbbenthal, Wera<\/td>\n<td><\/td>\n<td><\/td>\n<\/tr>\n<tr>\n<td height=\"20\">\n<h6>HANNER:<\/h6>\n<\/td>\n<td>\n<h6>REG.NR.:<\/h6>\n<\/td>\n<td>\n<h6>RESULTATER:<\/h6>\n<\/td>\n<\/tr>\n<tr>\n<td height=\"20\">\n<h6>Championklasse:<\/h6>\n<\/td>\n<td><\/td>\n<td><\/td>\n<\/tr>\n<tr>\n<td height=\"20\"><strong>Oki-Sotos Dandy Denzo<\/strong><\/td>\n<td>NO41112\/11<\/td>\n<td>EXC.CHK-1CHKK-CK-1.BHK-BIR<\/td>\n<\/tr>\n<tr>\n<td height=\"20\">Eier: Britt F. Hafs\u00f8e, \u00c5lg\u00e5rd<\/td>\n<td><\/td>\n<td><\/td>\n<\/tr>\n<tr>\n<td height=\"20\"><strong>Jasam`s Oriental Grandson Of Cola<\/strong><\/td>\n<td>NO38399\/10<\/td>\n<td>EXC.CHK-3CHKK-CK-3.BHK<\/td>\n<\/tr>\n<tr>\n<td height=\"20\">Eier: Hanne N. \u00c5nensen, Kopervik<\/td>\n<td><\/td>\n<td><\/td>\n<\/tr>\n<tr>\n<td height=\"20\"><strong>Freddyg\u00e5rdens Natural Star<\/strong><\/td>\n<td>NO40443\/09<\/td>\n<td>EXC.CHK-2CHKK-CK-2.BHK<\/td>\n<\/tr>\n<tr>\n<td height=\"20\">Eier: May og Jostein Vermundsen, Kopervik<\/td>\n<td><\/td>\n<td><\/td>\n<\/tr>\n<tr>\n<td height=\"20\">\n<h6>Veteranklasse:<\/h6>\n<\/td>\n<td><\/td>\n<td><\/td>\n<\/tr>\n<tr>\n<td height=\"20\"><strong>Oki-Sotos Cool Chaki<\/strong><\/td>\n<td>16784\/05<\/td>\n<td>EXC.VTK-1VTKK-CK-4.BHK &#8212; BIR VETERAN<\/td>\n<\/tr>\n<tr>\n<td height=\"20\">Eier: Britt F. Hafs\u00f8e, \u00c5lg\u00e5rd<\/td>\n<td><\/td>\n<td><\/td>\n<\/tr>\n<tr>\n<td height=\"20\">\n<h6>TISPER:<\/h6>\n<\/td>\n<td><\/td>\n<td><\/td>\n<\/tr>\n<tr>\n<td height=\"20\"><strong>Freddyg\u00e5rdens Key to Joy<\/strong><\/td>\n<td>21304\/06<\/td>\n<td>EXC.CHK-1.CHKK-CK-1.BTK-BIM<\/td>\n<\/tr>\n<tr>\n<td height=\"20\">Eier: Britt F. Hafs\u00f8e, \u00c5lg\u00e5rd<\/td>\n<td><\/td>\n<td><\/td>\n<\/tr>\n<tr>\n<td height=\"20\"><\/td>\n<td><\/td>\n<td><\/td>\n<\/tr>\n<tr>\n<td colspan=\"3\" height=\"20\">\n<h3>NORSK MINIATYRHUND KLUBB, ROGALAND 13.04<\/h3>\n<\/td>\n<\/tr>\n<tr>\n<td height=\"20\">5 P\u00c5MELDTE<\/td>\n<td><\/td>\n<td><\/td>\n<\/tr>\n<tr>\n<td height=\"20\">DOMMER: H\u00fbbenthal, Rodi<\/td>\n<td><\/td>\n<td><\/td>\n<\/tr>\n<tr>\n<td height=\"20\">\n<h6>HANNER:<\/h6>\n<\/td>\n<td>\n<h6>REG.NR.:<\/h6>\n<\/td>\n<td>\n<h6>RESULTATER:<\/h6>\n<\/td>\n<\/tr>\n<tr>\n<td height=\"20\">\n<h6>Championklasse:<\/h6>\n<\/td>\n<td><\/td>\n<td><\/td>\n<\/tr>\n<tr>\n<td height=\"20\"><strong>Jasam`s Oriental Grandson Of Cola<\/strong><\/td>\n<td>NO38399\/10<\/td>\n<td>EXC.CHK-1CHKK-CK-1.BHK-BIR<\/td>\n<\/tr>\n<tr>\n<td height=\"20\">Eier: Hanne N. \u00c5nensen, Kopervik<\/td>\n<td><\/td>\n<td><\/td>\n<\/tr>\n<tr>\n<td height=\"20\"><strong>Oki-Sotos Dandy Denzo<\/strong><\/td>\n<td>NO41112\/11<\/td>\n<td>EXC.CHK-3.CHKK-CK-4.BHK<\/td>\n<\/tr>\n<tr>\n<td height=\"20\">Eier: Britt F. Hafs\u00f8e, \u00c5lg\u00e5rd<\/td>\n<td><\/td>\n<td><\/td>\n<\/tr>\n<tr>\n<td height=\"20\"><strong>Freddyg\u00e5rdens Natural Star<\/strong><\/td>\n<td>NO40443\/09<\/td>\n<td>EXC.CHK-2.CHKK-CK-2.BHK<\/td>\n<\/tr>\n<tr>\n<td height=\"20\">Eier: May og Jostein Vermundsen. Kopervik<\/td>\n<td><\/td>\n<td><\/td>\n<\/tr>\n<tr>\n<td height=\"20\">\n<h6>Veteranklasse:<\/h6>\n<\/td>\n<td><\/td>\n<td><\/td>\n<\/tr>\n<tr>\n<td height=\"20\"><strong>Oki-Sotos Cool Chaki<\/strong><\/td>\n<td>16784\/05<\/td>\n<td>EXC.VTK-1.VTKK-CK-3.BHK<\/td>\n<\/tr>\n<tr>\n<td height=\"20\">Eier: Britt F. Hafs\u00f8e, \u00c5lg\u00e5rd<\/td>\n<td><\/td>\n<td><\/td>\n<\/tr>\n<tr>\n<td height=\"20\">\n<h6>TISPER:<\/h6>\n<\/td>\n<td><\/td>\n<td><\/td>\n<\/tr>\n<tr>\n<td height=\"20\">\n<h6>Championklasse:<\/h6>\n<\/td>\n<td><\/td>\n<td><\/td>\n<\/tr>\n<tr>\n<td height=\"20\"><strong>Freddyg\u00e5rdens Key To Joy<\/strong><\/td>\n<td>21304\/06<\/td>\n<td>EXC.CHK-1.CHKK-CK-1.BTK-BIM<\/td>\n<\/tr>\n<tr>\n<td height=\"20\">Eier: Britt F. Hafs\u00f8e, \u00c5lg\u00e5rd<\/td>\n<td><\/td>\n<td><\/td>\n<\/tr>\n<tr>\n<td height=\"20\"><\/td>\n<td><\/td>\n<td><\/td>\n<\/tr>\n<tr>\n<td colspan=\"3\" height=\"20\">\n<h3>SURNADAL OG RINDAL HUNDEKLUBB, SUNNDALS\u00d8RA 26.04<\/h3>\n<\/td>\n<\/tr>\n<tr>\n<td height=\"20\">4 P\u00c5MELDTE<\/td>\n<td><\/td>\n<td><\/td>\n<\/tr>\n<tr>\n<td height=\"20\">DOMMER: Reicher, Dubravka<\/td>\n<td><\/td>\n<td><\/td>\n<\/tr>\n<tr>\n<td height=\"20\">\n<h6>HANNER:<\/h6>\n<\/td>\n<td>\n<h6>REG.NR.:<\/h6>\n<\/td>\n<td>\n<h6>RESULTATER:<\/h6>\n<\/td>\n<\/tr>\n<tr>\n<td height=\"20\">\n<h6>Unghundklasse:<\/h6>\n<\/td>\n<td><\/td>\n<td><\/td>\n<\/tr>\n<tr>\n<td height=\"20\"><strong>Don\u00e5sen`s Don Socrates D`la Helix<\/strong><\/td>\n<td>NO45966\/12<\/td>\n<td>EXC.UK-CK-CERT-1.BHK-BIR-BIG1<\/td>\n<\/tr>\n<tr>\n<td height=\"20\">Eier: Monica Skauby, Selbu<\/td>\n<td><\/td>\n<td><\/td>\n<\/tr>\n<tr>\n<td height=\"20\">\n<h6>\u00c5pen klasse:<\/h6>\n<\/td>\n<td><\/td>\n<td><\/td>\n<\/tr>\n<tr>\n<td height=\"20\"><strong>Bernerlabben`s Justly Junior<\/strong><\/td>\n<td>NO38695\/11<\/td>\n<td>EXC.AK-1.AKK<\/td>\n<\/tr>\n<tr>\n<td height=\"20\">Eier: Anne Sofie Barstad, Eggkleiva<\/td>\n<td><\/td>\n<td><\/td>\n<\/tr>\n<tr>\n<td height=\"20\">\n<h6>Valp:<\/h6>\n<\/td>\n<td><\/td>\n<td><\/td>\n<\/tr>\n<tr>\n<td height=\"20\"><strong>Kannibalen&#8217;s Rocket Man<\/strong><\/td>\n<td>SE46068\/13<\/td>\n<td>BIR-BIG3 valp<\/td>\n<\/tr>\n<tr>\n<td height=\"20\">Eier: Monica Skauby, Selbu<\/td>\n<td><\/td>\n<td><\/td>\n<\/tr>\n<tr>\n<td height=\"20\">\n<h6>TISPER:<\/h6>\n<\/td>\n<td><\/td>\n<td><\/td>\n<\/tr>\n<tr>\n<td height=\"20\">\n<h6>Championklasse:<\/h6>\n<\/td>\n<td><\/td>\n<td><\/td>\n<\/tr>\n<tr>\n<td height=\"20\"><strong>Trixi<\/strong><\/td>\n<td>NO50805\/10<\/td>\n<td>EXC.CHK-2.CHKK.CK.2.BTK<\/td>\n<\/tr>\n<tr>\n<td height=\"20\">Eier: Anne Torill Barstad, Gj\u00f8ra<\/td>\n<td><\/td>\n<td><\/td>\n<\/tr>\n<tr>\n<td height=\"20\"><strong>Don\u00e5sen`s Dona Juanita D`la Tokiro<\/strong><\/td>\n<td>NO50768\/09<\/td>\n<td>EXC.CHK-1.CHKK-CK-1.BTK-BIM<\/td>\n<\/tr>\n<tr>\n<td height=\"20\">Eier: Monica Skauby, Selbu<\/td>\n<td><\/td>\n<td><\/td>\n<\/tr>\n<tr>\n<td height=\"20\"><\/td>\n<td><\/td>\n<td><\/td>\n<\/tr>\n<tr>\n<td colspan=\"3\" height=\"20\">\n<h3>F\u00d8RDE BRUKSHUNDKLUBB, F\u00d8RDE 26.04<\/h3>\n<\/td>\n<\/tr>\n<tr>\n<td height=\"20\">10 P\u00c5MELDTE<\/td>\n<td><\/td>\n<td><\/td>\n<\/tr>\n<tr>\n<td height=\"20\">DOMMER: Nielsen, Eva<\/td>\n<td><\/td>\n<td><\/td>\n<\/tr>\n<tr>\n<td height=\"20\">\n<h6>HANNER:<\/h6>\n<\/td>\n<td>\n<h6>REG.NR.:<\/h6>\n<\/td>\n<td>\n<h6>RESULTATER:<\/h6>\n<\/td>\n<\/tr>\n<tr>\n<td height=\"20\">\n<h6>Championklasse:<\/h6>\n<\/td>\n<td><\/td>\n<td><\/td>\n<\/tr>\n<tr>\n<td height=\"20\"><strong>Moneva`s Unique Uno Of Olivia<\/strong><\/td>\n<td>NO51655\/11<\/td>\n<td>EXC.CHK-1.CHKK-CK-1.BHK-BIM<\/td>\n<\/tr>\n<tr>\n<td height=\"20\">Eier: John Even Berntsen, Hauglandshella<\/td>\n<td><\/td>\n<td><\/td>\n<\/tr>\n<tr>\n<td height=\"20\"><strong>Jasam`s Incredible Secret Of Cola<\/strong><\/td>\n<td>09669\/08<\/td>\n<td>EXC.CHK-2.CHKK-CK-2.BHK<\/td>\n<\/tr>\n<tr>\n<td height=\"20\">Eier: Hanne N. \u00c5nensen, Kopervik<\/td>\n<td><\/td>\n<td><\/td>\n<\/tr>\n<tr>\n<td height=\"20\">\n<h6>TISPER:<\/h6>\n<\/td>\n<td><\/td>\n<td><\/td>\n<\/tr>\n<tr>\n<td height=\"20\">\n<h6>Unghundklasse:<\/h6>\n<\/td>\n<td><\/td>\n<td><\/td>\n<\/tr>\n<tr>\n<td height=\"20\"><strong>Moneva`s White Yukihime-Lexie<\/strong><\/td>\n<td>NO58536\/12<\/td>\n<td>EXC.UK-2.UKK<\/td>\n<\/tr>\n<tr>\n<td height=\"20\">Eier: Mona Tertnes Bakke, Nyborg<\/td>\n<td><\/td>\n<td><\/td>\n<\/tr>\n<tr>\n<td height=\"20\"><strong>Minnlett`s White Lady<\/strong><\/td>\n<td>NO48208\/12<\/td>\n<td>EXC.UK-1.UKK-CK-CERT-1.BTK-BIR<\/td>\n<\/tr>\n<tr>\n<td height=\"20\">Eier: Irene Mjelde, \u00c5rland<\/td>\n<td><\/td>\n<td><\/td>\n<\/tr>\n<tr>\n<td height=\"20\">\n<h6>\u00c5pen klasse:<\/h6>\n<\/td>\n<td><\/td>\n<td><\/td>\n<\/tr>\n<tr>\n<td height=\"20\"><strong>Moneva`s Unique Ulla Of Olivia<\/strong><\/td>\n<td>NO51659\/11<\/td>\n<td>VG.AK-2.AKK<\/td>\n<\/tr>\n<tr>\n<td height=\"20\">Eier: Mona Tertnes Bakke, Nyborg<\/td>\n<td><\/td>\n<td><\/td>\n<\/tr>\n<tr>\n<td height=\"20\"><strong>Sormu`s Kule Kira<\/strong><\/td>\n<td>NO60363\/10<\/td>\n<td>VG.AK-1.AKK<\/td>\n<\/tr>\n<tr>\n<td height=\"20\">Eier:<\/td>\n<td><\/td>\n<td><\/td>\n<\/tr>\n<tr>\n<td height=\"20\">\n<h6>Championklasse:<\/h6>\n<\/td>\n<td><\/td>\n<td><\/td>\n<\/tr>\n<tr>\n<td height=\"20\"><strong>Moneva`s Takara Of Olivia<\/strong><\/td>\n<td>NO52450\/10<\/td>\n<td>EXC.CHK-1.CHKK-CK-2.BTK<\/td>\n<\/tr>\n<tr>\n<td height=\"20\">Eier: Mona Tertnes Bakke, Nyborg<\/td>\n<td><\/td>\n<td><\/td>\n<\/tr>\n<tr>\n<td height=\"20\"><strong>Minnlett`s Hot Shot<\/strong><\/td>\n<td>22710\/06<\/td>\n<td>VG.CHK-2.CHKK<\/td>\n<\/tr>\n<tr>\n<td height=\"20\">Eier: Irene Mjelde, \u00c5rland<\/td>\n<td><\/td>\n<td><\/td>\n<\/tr>\n<tr>\n<td height=\"20\">\n<h6>Veteranklasse:<\/h6>\n<\/td>\n<td><\/td>\n<td><\/td>\n<\/tr>\n<tr>\n<td height=\"20\"><strong>Bianka-the White Lady<\/strong><\/td>\n<td>10113\/04<\/td>\n<td>EXC.VTK-2.VTKK<\/td>\n<\/tr>\n<tr>\n<td height=\"20\">Eier:\u00a0Aina Bekkenes, Hauglandshella<\/td>\n<td><\/td>\n<td><\/td>\n<\/tr>\n<tr>\n<td height=\"20\"><strong>Angel<\/strong><\/td>\n<td>04875\/03<\/td>\n<td>EXC.VTK-1.VTKK-CK-3.BTK BIR-VET. 3.BIS-VET.<\/td>\n<\/tr>\n<tr>\n<td height=\"20\">Eier: Marit Totland og Jostein Taule, Kleppest\u00f8<\/td>\n<td><\/td>\n<td><\/td>\n<\/tr>\n<tr>\n<td height=\"20\">\n<h6>VALPER:<\/h6>\n<\/td>\n<td><\/td>\n<td><\/td>\n<\/tr>\n<tr>\n<td height=\"20\">\n<h6>Hanner:<\/h6>\n<\/td>\n<td><\/td>\n<td><\/td>\n<\/tr>\n<tr>\n<td height=\"20\"><strong>Shjap&#8217;s Hero<\/strong><\/td>\n<td><\/td>\n<td>BIR &#8211; 2BIG<\/td>\n<\/tr>\n<tr>\n<td height=\"20\">Eier: Aina Bekkenes, Hauglandshella<\/td>\n<td><\/td>\n<td><\/td>\n<\/tr>\n<tr>\n<td height=\"20\">\n<h6>Tisper:<\/h6>\n<\/td>\n<td><\/td>\n<td><\/td>\n<\/tr>\n<tr>\n<td height=\"20\"><strong>Sn\u00f8hvit`s Casja of Sasha<\/strong><\/td>\n<td><\/td>\n<td>Nr. 1 i klassen &#8211; 2BTK valp<\/td>\n<\/tr>\n<tr>\n<td height=\"20\">Eier: Catharina Berntsen, Hauglandshella<\/td>\n<td><\/td>\n<td><\/td>\n<\/tr>\n<tr>\n<td height=\"20\"><\/td>\n<td><\/td>\n<td><\/td>\n<\/tr>\n<tr>\n<td height=\"20\"><\/td>\n<td><\/td>\n<td><\/td>\n<\/tr>\n<tr>\n<td colspan=\"3\" height=\"20\">\n<h3>SUNNDAL HUNDEKLUBB, SUNNDALS\u00d8RA 27.04<\/h3>\n<\/td>\n<\/tr>\n<tr>\n<td height=\"20\">4 P\u00c5MELDTE<\/td>\n<td><\/td>\n<td><\/td>\n<\/tr>\n<tr>\n<td height=\"20\">DOMMER: Christiansen, Frank<\/td>\n<td><\/td>\n<td><\/td>\n<\/tr>\n<tr>\n<td height=\"20\">\n<h6>HANNER:<\/h6>\n<\/td>\n<td>\n<h6>REG.NR.:<\/h6>\n<\/td>\n<td>\n<h6>RESULTATER:<\/h6>\n<\/td>\n<\/tr>\n<tr>\n<td height=\"20\">\n<h6>Unghundklasse:<\/h6>\n<\/td>\n<td><\/td>\n<td><\/td>\n<\/tr>\n<tr>\n<td height=\"20\"><strong>Don\u00e5sen`s Don Socrates D`la Helix<\/strong><\/td>\n<td>NO45966\/12<\/td>\n<td>EXC.UK-1.UKK-CK-CERT-1.BHK-BIR-BIG3<\/td>\n<\/tr>\n<tr>\n<td height=\"20\">Eier: Monica Skauby, Selbu<\/td>\n<td><\/td>\n<td><\/td>\n<\/tr>\n<tr>\n<td height=\"20\">\n<h6>\u00c5pen klasse:<\/h6>\n<\/td>\n<td><\/td>\n<td><\/td>\n<\/tr>\n<tr>\n<td height=\"20\"><strong>Bernerlabben`s Justly Junior<\/strong><\/td>\n<td>NO38695\/11<\/td>\n<td>EXC.AK-1.AKK-CK-R.CERT-2.BHK<\/td>\n<\/tr>\n<tr>\n<td height=\"20\">Eier: Anne Sofie Barstad, Eggkleiva<\/td>\n<td><\/td>\n<td><\/td>\n<\/tr>\n<tr>\n<td height=\"20\">\n<h6>TISPER:<\/h6>\n<\/td>\n<td><\/td>\n<td><\/td>\n<\/tr>\n<tr>\n<td height=\"20\">\n<h6>Championklasse:<\/h6>\n<\/td>\n<td><\/td>\n<td><\/td>\n<\/tr>\n<tr>\n<td height=\"20\"><strong>Trixi<\/strong><\/td>\n<td>NO50805\/10<\/td>\n<td>EXC.CHK-1.CHKK-CK-1.BTK-BIM<\/td>\n<\/tr>\n<tr>\n<td height=\"20\">Eier: Anne Torill Barstad, Gj\u00f8ra<\/td>\n<td><\/td>\n<td><\/td>\n<\/tr>\n<tr>\n<td height=\"20\"><strong>Don\u00e5sen`s Dona Juanita D`la Tokiro<\/strong><\/td>\n<td>NO50768\/09<\/td>\n<td>EXC.CHK-2.CHKK-CK-2.BTK<\/td>\n<\/tr>\n<tr>\n<td height=\"20\">Eier: Monica Skauby, Selbu<\/td>\n<td><\/td>\n<td><\/td>\n<\/tr>\n<\/tbody>\n<\/table>\n","protected":false},"excerpt":{"rendered":"<p>Tilbake til Utstillingsresultater 2014 NORSK KENNEL KLUBB, Bergen 5\/4 27 P\u00c5MELDTE DOMMER: Van Den Berg, Hans HANNER: REG.NR.: RESULTATER: Juniorklasse: Tanadalens Birk NO39740\/13 EXC.JK-1.JKK-CK Eier: Julie B. Johansen, Sarpsborg \u00c5pen klasse: Jasam`s Something Hot N`Harry NO38833\/12 EXC.AK-2.AKK-CK-R.CERT Eier: Moneva`s Unique Uno Of Olivia NO51655\/11 EXC.AK-1.AKK-CK-CERT-2.BHK-R.CACIB- NUCH! Eier: John Even Berntsen, Hauglandshella Championklasse: Jasam`s Oriental Grandson [&hellip;]<\/p>\n","protected":false},"author":1,"featured_media":0,"parent":1181,"menu_order":0,"comment_status":"closed","ping_status":"closed","template":"","meta":{"footnotes":""},"_links":{"self":[{"href":"http:\/\/www.japansk-spisshund.net\/NO\/index.php?rest_route=\/wp\/v2\/pages\/1761"}],"collection":[{"href":"http:\/\/www.japansk-spisshund.net\/NO\/index.php?rest_route=\/wp\/v2\/pages"}],"about":[{"href":"http:\/\/www.japansk-spisshund.net\/NO\/index.php?rest_route=\/wp\/v2\/types\/page"}],"author":[{"embeddable":true,"href":"http:\/\/www.japansk-spisshund.net\/NO\/index.php?rest_route=\/wp\/v2\/users\/1"}],"replies":[{"embeddable":true,"href":"http:\/\/www.japansk-spisshund.net\/NO\/index.php?rest_route=%2Fwp%2Fv2%2Fcomments&post=1761"}],"version-history":[{"count":12,"href":"http:\/\/www.japansk-spisshund.net\/NO\/index.php?rest_route=\/wp\/v2\/pages\/1761\/revisions"}],"predecessor-version":[{"id":1769,"href":"http:\/\/www.japansk-spisshund.net\/NO\/index.php?rest_route=\/wp\/v2\/pages\/1761\/revisions\/1769"}],"up":[{"embeddable":true,"href":"http:\/\/www.japansk-spisshund.net\/NO\/index.php?rest_route=\/wp\/v2\/pages\/1181"}],"wp:attachment":[{"href":"http:\/\/www.japansk-spisshund.net\/NO\/index.php?rest_route=%2Fwp%2Fv2%2Fmedia&parent=1761"}],"curies":[{"name":"wp","href":"https:\/\/api.w.org\/{rel}","templated":true}]}}