{"id":1624,"date":"2014-03-30T00:18:53","date_gmt":"2014-03-29T23:18:53","guid":{"rendered":"http:\/\/www.japansk-spisshund.net\/NO\/?page_id=1624"},"modified":"2014-12-17T03:55:14","modified_gmt":"2014-12-17T02:55:14","slug":"resultater-fra-01-02-til-28-02","status":"publish","type":"page","link":"http:\/\/www.japansk-spisshund.net\/NO\/?page_id=1624","title":{"rendered":"UTSTILLINGSRESULTATER FRA 01-02-2014 til 28-02-2014"},"content":{"rendered":"<h1 style=\"padding-left: 30px;\">UTSTILLINGSRESULTATER FRA 01-02 TIL 28-02-2014<\/h1>\n<p style=\"padding-left: 30px;\"><a title=\"UTSTILLINGSRESULTATER 2014\" href=\"http:\/\/www.japansk-spisshund.net\/NO\/?page_id=1181\">Tilbake til Utstillingsresultater 2014<\/a><\/p>\n<table class=\" aligncenter\" style=\"width: 830px; padding-left: 30px;\" border=\"0\" cellspacing=\"0\" cellpadding=\"0\">\n<colgroup>\n<col width=\"391\" \/>\n<col width=\"105\" \/>\n<col width=\"334\" \/> <\/colgroup>\n<tbody>\n<tr>\n<td colspan=\"3\" width=\"830\" height=\"28\">\n<h2>\u00d8LEN-ETNE-VINDAFJORD HUNDEKLUBB 08.02.<\/h2>\n<\/td>\n<\/tr>\n<tr>\n<td height=\"20\">5 p\u00e5meldte<\/td>\n<td><\/td>\n<td><\/td>\n<\/tr>\n<tr>\n<td height=\"20\">Dommer: Anne Indergaard<\/td>\n<td><\/td>\n<td><\/td>\n<\/tr>\n<tr>\n<td colspan=\"3\" height=\"20\"><\/td>\n<\/tr>\n<tr>\n<td height=\"20\">\n<h4>HANNER:<\/h4>\n<\/td>\n<td>\n<h4>REG.NR.<\/h4>\n<\/td>\n<td>\n<h4>RESULTATER<\/h4>\n<\/td>\n<\/tr>\n<tr>\n<td height=\"20\">\n<h6>championklasse:<\/h6>\n<\/td>\n<td><\/td>\n<td><\/td>\n<\/tr>\n<tr>\n<td height=\"20\"><strong>Jasam`s Oriental Grandson of Cola<\/strong><\/td>\n<td>NO 38399\/10<\/td>\n<td>EXC.CHK-1CHKK-CK-1BHK-BIR-BIG3<\/td>\n<\/tr>\n<tr>\n<td height=\"20\">Eier: Hanne N. \u00c5nensen, Kopervik<\/td>\n<td><\/td>\n<td><\/td>\n<\/tr>\n<tr>\n<td height=\"20\"><strong>Oki-Sotos Dandy Denzo<\/strong><\/td>\n<td>NO 41112\/11<\/td>\n<td>EXC.CHK-2CHKK-CK-2BHK<\/td>\n<\/tr>\n<tr>\n<td height=\"20\">Eier: Britt F. Hafs\u00f8e, \u00c5lg\u00e5rd<\/td>\n<td><\/td>\n<td><\/td>\n<\/tr>\n<tr>\n<td height=\"20\">\n<h6>veteranklasse:<\/h6>\n<\/td>\n<td><\/td>\n<td><\/td>\n<\/tr>\n<tr>\n<td height=\"20\"><strong>Oki-Sotos Cool Chaki<\/strong><\/td>\n<td>16784\/05<\/td>\n<td>EXC.VTK-1VTKK-CK-3BHK-BIR veteran- BIS4 veteran!<\/td>\n<\/tr>\n<tr>\n<td height=\"20\">Eier: Britt F. Hafs\u00f8e, \u00c5lg\u00e5rd<\/td>\n<td><\/td>\n<td><\/td>\n<\/tr>\n<tr>\n<td height=\"20\"><\/td>\n<td><\/td>\n<td><\/td>\n<\/tr>\n<tr>\n<td height=\"20\">\n<h4>TISPER:<\/h4>\n<\/td>\n<td>\n<h4>REG.NR.<\/h4>\n<\/td>\n<td>\n<h4>RESULTATER<\/h4>\n<\/td>\n<\/tr>\n<tr>\n<td height=\"20\">\n<h6>\u00e5pen klasse:<\/h6>\n<\/td>\n<td><\/td>\n<td><\/td>\n<\/tr>\n<tr>\n<td height=\"20\"><strong>Jasam`s Rise N`Shine<\/strong><\/td>\n<td>NO 47450\/11<\/td>\n<td>EXC.AK-1AKK-CK-CERT-2BTK<\/td>\n<\/tr>\n<tr>\n<td height=\"20\">Eier: Hanne N. \u00c5nensen, Kopervik<\/td>\n<td><\/td>\n<td><\/td>\n<\/tr>\n<tr>\n<td height=\"20\">\n<h6>Championklasse:<\/h6>\n<\/td>\n<td><\/td>\n<td><\/td>\n<\/tr>\n<tr>\n<td height=\"20\"><strong>Oki-Sotos Dame Daini<\/strong><\/td>\n<td>NO 41114\/11<\/td>\n<td>EXC.CHK-1CHKK-CK-1BTK-BIM<\/td>\n<\/tr>\n<tr>\n<td height=\"20\">Eier: Britt F. Hafs\u00f8e, \u00c5lg\u00e5rd<\/td>\n<td><\/td>\n<td><\/td>\n<\/tr>\n<tr>\n<td height=\"20\"><\/td>\n<td><\/td>\n<td><\/td>\n<\/tr>\n<tr>\n<td colspan=\"3\" height=\"31\">\n<h2>NORSK BOXER KLUBB 08.02.<\/h2>\n<\/td>\n<\/tr>\n<tr>\n<td height=\"20\">5 p\u00e5meldte<\/td>\n<td><\/td>\n<td><\/td>\n<\/tr>\n<tr>\n<td height=\"20\">Dommer: Freddie Klindrup<\/td>\n<td><\/td>\n<td><\/td>\n<\/tr>\n<tr>\n<td height=\"20\"><\/td>\n<td><\/td>\n<td><\/td>\n<\/tr>\n<tr>\n<td height=\"20\">\n<h4>HANNER:<\/h4>\n<\/td>\n<td>\n<h4>REG.NR.<\/h4>\n<\/td>\n<td>\n<h4>RESULTATER<\/h4>\n<\/td>\n<\/tr>\n<tr>\n<td height=\"20\">\n<h6>Juniorklasse:<\/h6>\n<\/td>\n<td><\/td>\n<td><\/td>\n<\/tr>\n<tr>\n<td height=\"20\"><strong>Tanadalens Birk<\/strong><\/td>\n<td>NO 39740\/13<\/td>\n<td>EXC.JK-1JKK-CK-CERT-2BHK<\/td>\n<\/tr>\n<tr>\n<td height=\"20\">Eier: Julie B. Johansen, Sarpsborg<\/td>\n<td><\/td>\n<td><\/td>\n<\/tr>\n<tr>\n<td height=\"20\">\n<h6>Championklasse:<\/h6>\n<\/td>\n<td><\/td>\n<td><\/td>\n<\/tr>\n<tr>\n<td height=\"20\"><strong>Freddyg\u00e5rdens Make Me Proud<\/strong><\/td>\n<td>26186\/08<\/td>\n<td>EXC.CHK-1CHKK-CK-1BHK-BIR<\/td>\n<\/tr>\n<tr>\n<td height=\"20\">Eier: Eva Lill Bratlie, Minnesund<\/td>\n<td><\/td>\n<td><\/td>\n<\/tr>\n<tr>\n<td height=\"20\"><\/td>\n<td><\/td>\n<td><\/td>\n<\/tr>\n<tr>\n<td height=\"20\">\n<h4>TISPER:<\/h4>\n<\/td>\n<td>\n<h4>REG.NR.<\/h4>\n<\/td>\n<td>\n<h4>RESULTATER<\/h4>\n<\/td>\n<\/tr>\n<tr>\n<td height=\"20\">\n<h6>Unghundklasse:<\/h6>\n<\/td>\n<td><\/td>\n<td><\/td>\n<\/tr>\n<tr>\n<td height=\"20\"><strong>Towada`s Harper Seven<\/strong><\/td>\n<td>NO 48091\/12<\/td>\n<td>EXC.UK-1UKK<\/td>\n<\/tr>\n<tr>\n<td height=\"20\">Eier: Ivar Furulund, Tomter<\/td>\n<td><\/td>\n<td><\/td>\n<\/tr>\n<tr>\n<td height=\"20\"><\/td>\n<td><\/td>\n<td><\/td>\n<\/tr>\n<tr>\n<td colspan=\"3\" height=\"31\">\n<h2>NORSK WELSH CORGI KLUBB 08.02.<\/h2>\n<\/td>\n<\/tr>\n<tr>\n<td height=\"20\">2 p\u00e5meldte<\/td>\n<td><\/td>\n<td><\/td>\n<\/tr>\n<tr>\n<td height=\"20\">Dommer: Kim Vigs\u00f8 Nielsen<\/td>\n<td><\/td>\n<td><\/td>\n<\/tr>\n<tr>\n<td height=\"20\"><\/td>\n<td><\/td>\n<td><\/td>\n<\/tr>\n<tr>\n<td height=\"20\">\n<h4>HANNER:<\/h4>\n<\/td>\n<td>\n<h4>REG.NR.<\/h4>\n<\/td>\n<td>\n<h4>RESULTATER<\/h4>\n<\/td>\n<\/tr>\n<tr>\n<td height=\"20\">\n<h6>Championklasse:<\/h6>\n<\/td>\n<td><\/td>\n<td><\/td>\n<\/tr>\n<tr>\n<td height=\"20\"><strong>Freddyg\u00e5rdens Make Me Proud<\/strong><\/td>\n<td>26186\/08<\/td>\n<td>EXC.CHK-1CHKK-CK-1BHK-BIR<\/td>\n<\/tr>\n<tr>\n<td height=\"20\">Eier: Eva Lill Bratlie, Minnesund<\/td>\n<td><\/td>\n<td><\/td>\n<\/tr>\n<tr>\n<td height=\"20\"><\/td>\n<td><\/td>\n<td><\/td>\n<\/tr>\n<tr>\n<td height=\"20\">\n<h4>TISPER:<\/h4>\n<\/td>\n<td>\n<h4>REG.NR.<\/h4>\n<\/td>\n<td>\n<h4>RESULTATER<\/h4>\n<\/td>\n<\/tr>\n<tr>\n<td height=\"20\">\n<h6>Unghundklasse:<\/h6>\n<\/td>\n<td><\/td>\n<td><\/td>\n<\/tr>\n<tr>\n<td height=\"20\"><strong>Japano`s Tara Diva Yumi Off Mojjo<\/strong><\/td>\n<td>NO 42997\/12<\/td>\n<td>EXC.UK-1UKK-CK-CERT-1BTK-BIM<\/td>\n<\/tr>\n<tr>\n<td height=\"20\">Eier: ?<\/td>\n<td><\/td>\n<td><\/td>\n<\/tr>\n<tr>\n<td height=\"20\"><\/td>\n<td><\/td>\n<td><\/td>\n<\/tr>\n<tr>\n<td colspan=\"3\" height=\"31\">\n<h2>NORSK KENNEL KLUBB, B\u00d8 22.02.<\/h2>\n<\/td>\n<\/tr>\n<tr>\n<td height=\"20\">13 p\u00e5meldte<\/td>\n<td><\/td>\n<td><\/td>\n<\/tr>\n<tr>\n<td height=\"20\">Dommer: Hanne Laine Jensen<\/td>\n<td><\/td>\n<td><\/td>\n<\/tr>\n<tr>\n<td height=\"20\"><\/td>\n<td><\/td>\n<td><\/td>\n<\/tr>\n<tr>\n<td height=\"20\">\n<h4>HANNER:<\/h4>\n<\/td>\n<td>\n<h4>REG.NR.<\/h4>\n<\/td>\n<td>\n<h4>RESULTATER<\/h4>\n<\/td>\n<\/tr>\n<tr>\n<td height=\"20\">\n<h6>Juniorklasse:<\/h6>\n<\/td>\n<td><\/td>\n<td><\/td>\n<\/tr>\n<tr>\n<td height=\"20\"><strong>Tanadalens Birk<\/strong><\/td>\n<td>NO 39740\/13<\/td>\n<td>EXC.JK-2JKK<\/td>\n<\/tr>\n<tr>\n<td height=\"20\">Eier: Julie B. Johansen, Sarpsborg<\/td>\n<td><\/td>\n<td><\/td>\n<\/tr>\n<tr>\n<td height=\"20\"><strong>Chezzay Y`s Lord of Luck<\/strong><\/td>\n<td>SE 15634\/2013<\/td>\n<td>EXC.JK-1JKK-CK-4BHK<\/td>\n<\/tr>\n<tr>\n<td height=\"20\">Eier: ?<\/td>\n<td><\/td>\n<td><\/td>\n<\/tr>\n<tr>\n<td height=\"20\">\n<h6>Championklasse:<\/h6>\n<\/td>\n<td><\/td>\n<td><\/td>\n<\/tr>\n<tr>\n<td height=\"20\"><strong>State-Of-Art Adorable Al-x<\/strong><\/td>\n<td>26635\/08<\/td>\n<td>EXC.CHK-1CHKK-CK-1BHK-CACIB-BIM<\/td>\n<\/tr>\n<tr>\n<td height=\"20\">Eier: Tone R. Somme, R\u00e5n\u00e5sfoss<\/td>\n<td><\/td>\n<td><\/td>\n<\/tr>\n<tr>\n<td height=\"20\"><strong>Isumi`s Shiro Kazan Genji<\/strong><\/td>\n<td>S 49355\/2007<\/td>\n<td>EXC.CHK-2CHKK-CK-CERT-2BHK<\/td>\n<\/tr>\n<tr>\n<td height=\"20\">Eier: Kristina Berkehag, Sverige<\/td>\n<td><\/td>\n<td><\/td>\n<\/tr>\n<tr>\n<td height=\"20\">\n<h6>Veteranklasse:<\/h6>\n<\/td>\n<td><\/td>\n<td><\/td>\n<\/tr>\n<tr>\n<td height=\"20\"><strong>Okkoyomas Remix D`Miss Arne<\/strong><\/td>\n<td>21110\/05<\/td>\n<td>EXC.VTK-1VTKK-CK-R.CERT-3BHK<\/td>\n<\/tr>\n<tr>\n<td height=\"20\">Eier: Edith Bakken, \u00c5l i Hallingdal<\/td>\n<td><\/td>\n<td><\/td>\n<\/tr>\n<tr>\n<td height=\"20\"><\/td>\n<td><\/td>\n<td><\/td>\n<\/tr>\n<tr>\n<td height=\"20\">\n<h4>TISPER:<\/h4>\n<\/td>\n<td>\n<h4>REG.NR.<\/h4>\n<\/td>\n<td>\n<h4>RESULTATER<\/h4>\n<\/td>\n<\/tr>\n<tr>\n<td height=\"20\">\n<h6>Juniorklasse:<\/h6>\n<\/td>\n<td><\/td>\n<td><\/td>\n<\/tr>\n<tr>\n<td height=\"20\"><strong>Fenomenets Ebony and Ivory<\/strong><\/td>\n<td>NO 44879\/13<\/td>\n<td>EXC.JK-JKK-CK<\/td>\n<\/tr>\n<tr>\n<td height=\"20\">Eier: Inger \u00d8stbye, Porsgrunn<\/td>\n<td><\/td>\n<td><\/td>\n<\/tr>\n<tr>\n<td height=\"20\">\n<h6>Unghundklasse:<\/h6>\n<\/td>\n<td><\/td>\n<td><\/td>\n<\/tr>\n<tr>\n<td height=\"20\"><strong>Towada`s Harper Seven<\/strong><\/td>\n<td>NO 48091\/12<\/td>\n<td>VG.UK-2UKK<\/td>\n<\/tr>\n<tr>\n<td height=\"20\">Eier: Ivar Furulund, Tomter<\/td>\n<td><\/td>\n<td><\/td>\n<\/tr>\n<tr>\n<td height=\"20\"><strong>Don\u00e5sens Dona Tea D`la Bamse<\/strong><\/td>\n<td>NO 57745\/12<\/td>\n<td><strong>EXC.UK-1UKK-CK-CERT-1BTK-CACIB-BIR-BIG1!<\/strong><\/td>\n<\/tr>\n<tr>\n<td height=\"20\">Eier: Vanja Sliwa, St\u00f8ren<\/td>\n<td><\/td>\n<td><\/td>\n<\/tr>\n<tr>\n<td height=\"20\">\n<h6>\u00c5pen klasse:<\/h6>\n<\/td>\n<td><\/td>\n<td><\/td>\n<\/tr>\n<tr>\n<td height=\"20\"><strong>Okkoyomas Lizzy<\/strong><\/td>\n<td>NO 40182\/11<\/td>\n<td>EXC.AK-1AKK<\/td>\n<\/tr>\n<tr>\n<td height=\"20\">Eier: Bodil M. Bryhn, Berger<\/td>\n<td><\/td>\n<td><\/td>\n<\/tr>\n<tr>\n<td height=\"20\"><strong>Neri<\/strong><\/td>\n<td>NO 35745\/11<\/td>\n<td>VG.AK-2AKK<\/td>\n<\/tr>\n<tr>\n<td height=\"20\">Eier: Berit Johanne Skj\u00f8nberg, \u00d8rje<\/td>\n<td><\/td>\n<td><\/td>\n<\/tr>\n<tr>\n<td height=\"20\">\n<h6>Championklasse:<\/h6>\n<\/td>\n<td><\/td>\n<td><\/td>\n<\/tr>\n<tr>\n<td height=\"20\"><strong>State-Of-Art Amazing Asia<\/strong><\/td>\n<td>26636\/08<\/td>\n<td>EXC.CHK-1CHKK-CK-2BTK-R.CACIB<\/td>\n<\/tr>\n<tr>\n<td height=\"20\">Eier: Tone R. Somme, R\u00e5n\u00e5sfoss<\/td>\n<td><\/td>\n<td><\/td>\n<\/tr>\n<tr>\n<td height=\"20\"><strong>Lady Laiza of Eizo<\/strong><\/td>\n<td>NO 54649\/09<\/td>\n<td>EXC.CHK-2CHKK-CK-4BTK<\/td>\n<\/tr>\n<tr>\n<td height=\"20\">Eier: Hilde Skr\u00e5mest\u00f8 og Eva Bakari<\/td>\n<td><\/td>\n<td><\/td>\n<\/tr>\n<tr>\n<td height=\"20\">\n<h6>Veteranklasse:<\/h6>\n<\/td>\n<td><\/td>\n<td><\/td>\n<\/tr>\n<tr>\n<td height=\"20\"><strong>Freddyg\u00e5rdens Lady In White<\/strong><\/td>\n<td>08504\/04<\/td>\n<td>EXC.VTK-1VTKK-CK-3BTK-BIR veteran<\/td>\n<\/tr>\n<tr>\n<td height=\"20\">Eier: Hilde Skr\u00e5mest\u00f8 og Eva Bakari<\/td>\n<td><\/td>\n<td><\/td>\n<\/tr>\n<\/tbody>\n<\/table>\n","protected":false},"excerpt":{"rendered":"<p>UTSTILLINGSRESULTATER FRA 01-02 TIL 28-02-2014 Tilbake til Utstillingsresultater 2014 \u00d8LEN-ETNE-VINDAFJORD HUNDEKLUBB 08.02. 5 p\u00e5meldte Dommer: Anne Indergaard HANNER: REG.NR. RESULTATER championklasse: Jasam`s Oriental Grandson of Cola NO 38399\/10 EXC.CHK-1CHKK-CK-1BHK-BIR-BIG3 Eier: Hanne N. \u00c5nensen, Kopervik Oki-Sotos Dandy Denzo NO 41112\/11 EXC.CHK-2CHKK-CK-2BHK Eier: Britt F. Hafs\u00f8e, \u00c5lg\u00e5rd veteranklasse: Oki-Sotos Cool Chaki 16784\/05 EXC.VTK-1VTKK-CK-3BHK-BIR veteran- BIS4 veteran! Eier: [&hellip;]<\/p>\n","protected":false},"author":1,"featured_media":0,"parent":1181,"menu_order":0,"comment_status":"closed","ping_status":"closed","template":"","meta":{"footnotes":""},"_links":{"self":[{"href":"http:\/\/www.japansk-spisshund.net\/NO\/index.php?rest_route=\/wp\/v2\/pages\/1624"}],"collection":[{"href":"http:\/\/www.japansk-spisshund.net\/NO\/index.php?rest_route=\/wp\/v2\/pages"}],"about":[{"href":"http:\/\/www.japansk-spisshund.net\/NO\/index.php?rest_route=\/wp\/v2\/types\/page"}],"author":[{"embeddable":true,"href":"http:\/\/www.japansk-spisshund.net\/NO\/index.php?rest_route=\/wp\/v2\/users\/1"}],"replies":[{"embeddable":true,"href":"http:\/\/www.japansk-spisshund.net\/NO\/index.php?rest_route=%2Fwp%2Fv2%2Fcomments&post=1624"}],"version-history":[{"count":15,"href":"http:\/\/www.japansk-spisshund.net\/NO\/index.php?rest_route=\/wp\/v2\/pages\/1624\/revisions"}],"predecessor-version":[{"id":2115,"href":"http:\/\/www.japansk-spisshund.net\/NO\/index.php?rest_route=\/wp\/v2\/pages\/1624\/revisions\/2115"}],"up":[{"embeddable":true,"href":"http:\/\/www.japansk-spisshund.net\/NO\/index.php?rest_route=\/wp\/v2\/pages\/1181"}],"wp:attachment":[{"href":"http:\/\/www.japansk-spisshund.net\/NO\/index.php?rest_route=%2Fwp%2Fv2%2Fmedia&parent=1624"}],"curies":[{"name":"wp","href":"https:\/\/api.w.org\/{rel}","templated":true}]}}