{"id":1558,"date":"2014-02-05T04:13:21","date_gmt":"2014-02-05T03:13:21","guid":{"rendered":"http:\/\/www.japansk-spisshund.net\/NO\/?page_id=1558"},"modified":"2014-04-14T19:30:52","modified_gmt":"2014-04-14T17:30:52","slug":"1558-2","status":"publish","type":"page","link":"http:\/\/www.japansk-spisshund.net\/NO\/?page_id=1558","title":{"rendered":"Bli med p\u00e5 \u00e5rets spesialutstilling i juni!"},"content":{"rendered":"<h2>NORSK JAPANSK SPISSHUNDKLUBB<\/h2>\n<p><a href=\"http:\/\/www.japansk-spisshund.net\/NO\/wp-content\/uploads\/2013\/08\/jsdraw-large.gif\"><img loading=\"lazy\" decoding=\"async\" class=\"alignleft size-medium wp-image-26\" alt=\"jsdraw-large\" src=\"http:\/\/www.japansk-spisshund.net\/NO\/wp-content\/uploads\/2013\/08\/jsdraw-large-300x200.gif\" width=\"300\" height=\"200\" \/><\/a><\/p>\n<h5><span style=\"font-size: 0.83em; line-height: 1.5em;\">\u00d8nsker velkommen til spesialutstilling for Japansk Spisshund, valper og voksne,\u00a021. og 22. juni 2014 p\u00e5 Torpomoen rednings- og \u00f8vingspark \u2013 \u00c5l i Hallingdal.<\/span><\/h5>\n<p><strong>P\u00e5meldings- og betalingsfrist: 7. juni 2014 (ingen forlenget frist).<br \/>\n<\/strong>Printervennlig utgave:\u00a0<a title=\"LAST NED INVITASJONEN HER!\" href=\"http:\/\/www.japansk-spisshund.net\/NO\/wp-content\/uploads\/2014\/03\/Spesial_NJSK_20142.pdf\" target=\"_blank\">Spesial_NJSK_2014#2<\/a><\/p>\n<h4 style=\"text-align: left;\">L\u00f8rdag 21. juni kl. 10.00:<\/h4>\n<h4 style=\"text-align: left;\">Valpeskue 4-6 og 6-9 mnd, eksteri\u00f8r voksne alle klasser.<\/h4>\n<h4 style=\"text-align: left;\">Dommer: Michael Leonard, Irland<\/h4>\n<p>&nbsp;<\/p>\n<ul>\n<li>Priser: eksteri\u00f8r (alle klasser): N.kr 320,-, valper: N.kr. 200,- (elektronisk p\u00e5melding via nkk.no). Fra og med 3. p\u00e5meldte hund med samme registrerte eier gis 50 % rabatt (gjelder ikke valp).\u00a0Utstillingen avholdes etter NKK\u2019s utstillingsregler.<\/li>\n<li>STORT CERT for hannhund og tispe. Det tas forbehold om eventuell dommerendring.<\/li>\n<\/ul>\n<h6 style=\"text-align: left;\"><span style=\"line-height: 1.5em;\">For informasjon:<\/span><\/h6>\n<ul>\n<li>Britt F. Hafs\u00f8e, tlf: 93283413 eller mail: oki-soto@lyse.net<\/li>\n<li>Tore Botten, tlf: 91759131 eller mail: tobottor@online.no<\/li>\n<\/ul>\n<h6>Program:<\/h6>\n<ul>\n<li>FREDAG: Vi samler oss til felles grilling, det er stor utegrill p\u00e5 plassen. Ta med grillmat!<\/li>\n<li>L\u00d8RDAG: Dommermiddag kl 20.00. Alle er velkommen. Det blir flott kveldsbuff\u00e9 med masse god mat. Pris: kr. 305,- pr. person.<\/li>\n<li>S\u00d8NDAG: \u00c5rsm\u00f8tet blir avholdt s\u00f8ndag 22. juni kl 10.00 &#8211; kun medlemmer har adgang.<\/li>\n<\/ul>\n<p><span style=\"font-size: 14px; line-height: 1.5em;\">Bestilling av rom, middag, frokost og plass for bobil\/campingvogn, kan gj\u00f8res via denne\u00a0linken: <\/span><a style=\"font-size: 14px; line-height: 1.5em;\" href=\"http:\/\/offentlig.kursporten.no\/kurs\/publicpages\/kursporten\/PortalSignupPage\/TORPO118-5741\"><strong>http:\/\/offentlig.kursporten.no\/kurs\/publicpages\/kursporten\/PortalSignupPage\/TORPO118-5741<\/strong><br \/>\n<\/a><span style=\"line-height: 1.5em;\">(Evt. ring tlf.: 32 08 29 20)<\/span><\/p>\n<p>Det blir salg av kaffe, vafler, kaker, brus og p\u00f8lser. Det blir ogs\u00e5 i \u00e5r loddsalg og utlodning. Vi h\u00e5per alle kan ta med en gevinst til lotteriet!\u00a0 \ud83d\ude06<\/p>\n<p>NB. Husk \u00e5 ta med kontanter. Vi har ikke bankterminal p\u00e5 stedet.<\/p>\n<p>VI \u00d8NSKER ALLE HJERTELIG VELKOMMEN!\u00a0 \ud83d\ude42<\/p>\n<h5><\/h5>\n","protected":false},"excerpt":{"rendered":"<p>NORSK JAPANSK SPISSHUNDKLUBB \u00d8nsker velkommen til spesialutstilling for Japansk Spisshund, valper og voksne,\u00a021. og 22. juni 2014 p\u00e5 Torpomoen rednings- og \u00f8vingspark \u2013 \u00c5l i Hallingdal. P\u00e5meldings- og betalingsfrist: 7. juni 2014 (ingen forlenget frist). Printervennlig utgave:\u00a0Spesial_NJSK_2014#2 L\u00f8rdag 21. juni kl. 10.00: Valpeskue 4-6 og 6-9 mnd, eksteri\u00f8r voksne alle klasser. Dommer: Michael Leonard, Irland [&hellip;]<\/p>\n","protected":false},"author":1,"featured_media":0,"parent":71,"menu_order":0,"comment_status":"closed","ping_status":"closed","template":"","meta":{"footnotes":""},"_links":{"self":[{"href":"http:\/\/www.japansk-spisshund.net\/NO\/index.php?rest_route=\/wp\/v2\/pages\/1558"}],"collection":[{"href":"http:\/\/www.japansk-spisshund.net\/NO\/index.php?rest_route=\/wp\/v2\/pages"}],"about":[{"href":"http:\/\/www.japansk-spisshund.net\/NO\/index.php?rest_route=\/wp\/v2\/types\/page"}],"author":[{"embeddable":true,"href":"http:\/\/www.japansk-spisshund.net\/NO\/index.php?rest_route=\/wp\/v2\/users\/1"}],"replies":[{"embeddable":true,"href":"http:\/\/www.japansk-spisshund.net\/NO\/index.php?rest_route=%2Fwp%2Fv2%2Fcomments&post=1558"}],"version-history":[{"count":30,"href":"http:\/\/www.japansk-spisshund.net\/NO\/index.php?rest_route=\/wp\/v2\/pages\/1558\/revisions"}],"predecessor-version":[{"id":1574,"href":"http:\/\/www.japansk-spisshund.net\/NO\/index.php?rest_route=\/wp\/v2\/pages\/1558\/revisions\/1574"}],"up":[{"embeddable":true,"href":"http:\/\/www.japansk-spisshund.net\/NO\/index.php?rest_route=\/wp\/v2\/pages\/71"}],"wp:attachment":[{"href":"http:\/\/www.japansk-spisshund.net\/NO\/index.php?rest_route=%2Fwp%2Fv2%2Fmedia&parent=1558"}],"curies":[{"name":"wp","href":"https:\/\/api.w.org\/{rel}","templated":true}]}}